{"id":2360,"date":"2020-05-14T15:57:03","date_gmt":"2020-05-14T13:57:03","guid":{"rendered":"https:\/\/pizzastick.es\/?page_id=2360"},"modified":"2024-06-11T15:32:29","modified_gmt":"2024-06-11T13:32:29","slug":"domicilio-llevar","status":"publish","type":"page","link":"https:\/\/pizzastick.es\/ca\/domicilio-llevar\/","title":{"rendered":"Pizzerias"},"content":{"rendered":"<div data-elementor-type=\"wp-page\" data-elementor-id=\"2360\" class=\"elementor elementor-2360\" data-elementor-post-type=\"page\">\n\t\t\t\t<div class=\"elementor-element elementor-element-7ddfa3c e-con-full e-flex e-con e-parent\" data-id=\"7ddfa3c\" data-element_type=\"container\" data-e-type=\"container\">\n\t\t<div class=\"elementor-element elementor-element-830f824 e-con-full e-flex e-con e-child\" data-id=\"830f824\" data-element_type=\"container\" data-e-type=\"container\">\n\t\t\t\t<div class=\"elementor-element elementor-element-3e8f974 elementor-widget elementor-widget-heading\" data-id=\"3e8f974\" data-element_type=\"widget\" data-e-type=\"widget\" data-widget_type=\"heading.default\">\n\t\t\t\t\t<h3 class=\"elementor-heading-title elementor-size-default\">Tria la teva pizzeria m\u00e9s propera<\/h3>\t\t\t\t<\/div>\n\t\t\t\t<div class=\"elementor-element elementor-element-f55b668 elementor-widget__width-initial elementor-widget elementor-widget-text-editor\" data-id=\"f55b668\" data-element_type=\"widget\" data-e-type=\"widget\" data-widget_type=\"text-editor.default\">\n\t\t\t\t\t\t\t\t\t<p>Les nostres pizzeries\u00a0<strong>Pizza Stick Puigcerd\u00e0<\/strong>, <strong>Bellver de Cerdanya,<\/strong>\u00a0<strong>Escadarcs (prop d&#039;Alp) <\/strong>\u00a0ofereixen servei de repartiment a domicili.<\/p><p>Consulta les zones i les condicions de cada pizzeria. No dubtis a trucar-nos i fer la teva comanda, t&#039;ho endurem encantats!<\/p><p>Tamb\u00e9 oferim el <strong>servei de comanda per recollir i portar on tu vulguis o reserva de taula<\/strong> a interior o terrassa.<\/p>\t\t\t\t\t\t\t\t<\/div>\n\t\t\t\t<div class=\"elementor-element elementor-element-a68d1c5 elementor-align-justify elementor-widget__width-initial elementor-widget elementor-widget-button\" data-id=\"a68d1c5\" data-element_type=\"widget\" data-e-type=\"widget\" data-widget_type=\"button.default\">\n\t\t\t\t\t\t\t\t\t\t<a class=\"elementor-button elementor-button-link elementor-size-xl\" href=\"https:\/\/pizzastick.es\/ca\/pedidos\/\">\n\t\t\t\t\t\t<span class=\"elementor-button-content-wrapper\">\n\t\t\t\t\t\t<span class=\"elementor-button-icon\">\n\t\t\t\t<svg xmlns=\"http:\/\/www.w3.org\/2000\/svg\" width=\"32\" height=\"32\" viewbox=\"0 0 32 32\"><title>08 - \u0421\u043a\u0443\u0442\u0435\u0440 - Solid<\/title><g id=\"_08_-_&#x421;&#x43A;&#x443;&#x442;&#x435;&#x440;\" data-name=\"08 - &#x421;&#x43A;&#x443;&#x442;&#x435;&#x440;\"><g id=\"Solid-8\" data-name=\"Solid\"><path d=\"M29.187,15.585a4.483,4.483,0,0,0-3.835-.284,7.453,7.453,0,0,0,.1-1.071,6.028,6.028,0,0,1,4.1.339.99.99,0,0,0,.426.1,1,1,0,0,0,.428-1.9,8.06,8.06,0,0,0-5.215-.552c-.019-.072-.031-.145-.053-.216L23.324,5.935A.993.993,0,0,0,23,4H19a1,1,0,0,0,0,2h2.256l1.97,6.568a5.431,5.431,0,0,1-.546,4.355L22.031,18a2.051,2.051,0,0,1-1.758,1H17.72a1.462,1.462,0,0,1-1.455-1.608l.53-5.3a2.816,2.816,0,0,0-2.8-3.1H7.5A2.5,2.5,0,0,0,5,11.5v.157a7.6,7.6,0,0,0-3.338,2.508A9.593,9.593,0,0,0,0,20a1.008,1.008,0,0,0,1,1H2.1a5,5,0,0,0,9.8,0H22a.974.974,0,0,0,.1-.013,5,5,0,0,0,9.9-.9A5.152,5.152,0,0,0,29.187,15.585ZM7,22.5A2.5,2.5,0,0,1,4.712,21H5.89a1.482,1.482,0,0,0,2.22,0H9.288A2.5,2.5,0,0,1,7,22.5Zm20,0A2.5,2.5,0,1,1,29.5,20,2.5,2.5,0,0,1,27,22.5ZM28.5,20A1.5,1.5,0,1,1,27,18.5,1.5,1.5,0,0,1,28.5,20ZM11.938,15.375a1,1,0,0,1-.8-.4A5.1,5.1,0,0,0,7.92,13.254a1,1,0,1,1,.266-1.982,7.01,7.01,0,0,1,4.549,2.5,1,1,0,0,1-.8,1.6Z\"><\/path><\/g><\/g><\/svg>\t\t\t<\/span>\n\t\t\t\t\t\t\t\t\t<span class=\"elementor-button-text\">demana en l\u00ednia<\/span>\n\t\t\t\t\t<\/span>\n\t\t\t\t\t<\/a>\n\t\t\t\t\t\t\t\t<\/div>\n\t\t\t\t<\/div>\n\t\t<div class=\"elementor-element elementor-element-714019a e-con-full e-flex e-con e-child\" data-id=\"714019a\" data-element_type=\"container\" data-e-type=\"container\" data-settings=\"{&quot;background_background&quot;:&quot;classic&quot;}\">\n\t\t\t\t<div class=\"elementor-element elementor-element-39ef62f elementor-widget elementor-widget-image\" data-id=\"39ef62f\" data-element_type=\"widget\" data-e-type=\"widget\" data-widget_type=\"image.default\">\n\t\t\t\t\t\t\t\t\t\t\t\t\t\t\t<img loading=\"lazy\" decoding=\"async\" width=\"1000\" height=\"750\" src=\"https:\/\/pizzastick.es\/wp-content\/uploads\/2020\/05\/pizzeria-pizza-stick-puigcerda-cerdanya-24.jpg\" class=\"attachment-large size-large wp-image-2177\" alt=\"\" srcset=\"https:\/\/pizzastick.es\/wp-content\/uploads\/2020\/05\/pizzeria-pizza-stick-puigcerda-cerdanya-24.jpg 1000w, https:\/\/pizzastick.es\/wp-content\/uploads\/2020\/05\/pizzeria-pizza-stick-puigcerda-cerdanya-24-300x225.jpg 300w, https:\/\/pizzastick.es\/wp-content\/uploads\/2020\/05\/pizzeria-pizza-stick-puigcerda-cerdanya-24-768x576.jpg 768w, https:\/\/pizzastick.es\/wp-content\/uploads\/2020\/05\/pizzeria-pizza-stick-puigcerda-cerdanya-24-800x600.jpg 800w, https:\/\/pizzastick.es\/wp-content\/uploads\/2020\/05\/pizzeria-pizza-stick-puigcerda-cerdanya-24-700x525.jpg 700w\" sizes=\"auto, (max-width: 1000px) 100vw, 1000px\" \/>\t\t\t\t\t\t\t\t\t\t\t\t\t\t\t<\/div>\n\t\t\t\t<div class=\"elementor-element elementor-element-240798d elementor-widget elementor-widget-heading\" data-id=\"240798d\" data-element_type=\"widget\" data-e-type=\"widget\" data-widget_type=\"heading.default\">\n\t\t\t\t\t<h3 class=\"elementor-heading-title elementor-size-default\">PIZZA STICK\n<b>PUIGCERD\u00c0<\/b><\/h3>\t\t\t\t<\/div>\n\t\t\t\t<div class=\"elementor-element elementor-element-089a4a2 elementor-widget-divider--view-line elementor-widget elementor-widget-divider\" data-id=\"089a4a2\" data-element_type=\"widget\" data-e-type=\"widget\" data-widget_type=\"divider.default\">\n\t\t\t\t\t\t\t<div class=\"elementor-divider\">\n\t\t\t<span class=\"elementor-divider-separator\">\n\t\t\t\t\t\t<\/span>\n\t\t<\/div>\n\t\t\t\t\t\t<\/div>\n\t\t\t\t<div class=\"elementor-element elementor-element-76e6e6a elementor-align-center elementor-widget elementor-widget-button\" data-id=\"76e6e6a\" data-element_type=\"widget\" data-e-type=\"widget\" data-widget_type=\"button.default\">\n\t\t\t\t\t\t\t\t\t\t<a class=\"elementor-button elementor-button-link elementor-size-sm\" href=\"https:\/\/pizzastick.es\/ca\/pedidos\/\">\n\t\t\t\t\t\t<span class=\"elementor-button-content-wrapper\">\n\t\t\t\t\t\t\t\t\t<span class=\"elementor-button-text\">Demana en l\u00ednia<\/span>\n\t\t\t\t\t<\/span>\n\t\t\t\t\t<\/a>\n\t\t\t\t\t\t\t\t<\/div>\n\t\t\t\t<div class=\"elementor-element elementor-element-ac445b0 elementor-widget elementor-widget-text-editor\" data-id=\"ac445b0\" data-element_type=\"widget\" data-e-type=\"widget\" data-widget_type=\"text-editor.default\">\n\t\t\t\t\t\t\t\t\t<p style=\"text-align: center;\"><span style=\"background-color: #ffffff;\">Lliurament a domicili<\/span><\/p><p style=\"background-color: #ffffff; text-align: center;\"><span style=\"background-color: #ffffff;\">Recollida al local<\/span><\/p><p style=\"background-color: #ffffff; text-align: center;\"><span style=\"color: #ffffff;\">.<\/span><\/p><p style=\"text-align: center;\"><strong><a href=\"tel:972880088\">972 88 00 88<\/a><\/strong><\/p>\t\t\t\t\t\t\t\t<\/div>\n\t\t\t\t<div class=\"elementor-element elementor-element-eb3a729 elementor-align-justify elementor-widget elementor-widget-button\" data-id=\"eb3a729\" data-element_type=\"widget\" data-e-type=\"widget\" data-widget_type=\"button.default\">\n\t\t\t\t\t\t\t\t\t\t<a class=\"elementor-button elementor-button-link elementor-size-sm\" href=\"https:\/\/pizzastick.es\/ca\/pizzeria-puigcerda\/\">\n\t\t\t\t\t\t<span class=\"elementor-button-content-wrapper\">\n\t\t\t\t\t\t\t\t\t<span class=\"elementor-button-text\">m\u00e9s info<\/span>\n\t\t\t\t\t<\/span>\n\t\t\t\t\t<\/a>\n\t\t\t\t\t\t\t\t<\/div>\n\t\t\t\t<\/div>\n\t\t<div class=\"elementor-element elementor-element-3275ace e-con-full e-flex e-con e-child\" data-id=\"3275ace\" data-element_type=\"container\" data-e-type=\"container\" data-settings=\"{&quot;background_background&quot;:&quot;classic&quot;}\">\n\t\t\t\t<div class=\"elementor-element elementor-element-2b42a7e elementor-widget elementor-widget-image\" data-id=\"2b42a7e\" data-element_type=\"widget\" data-e-type=\"widget\" data-widget_type=\"image.default\">\n\t\t\t\t\t\t\t\t\t\t\t\t\t\t\t<img loading=\"lazy\" decoding=\"async\" width=\"1000\" height=\"750\" src=\"https:\/\/pizzastick.es\/wp-content\/uploads\/2020\/05\/escadarcs-pizzeria-pizzastick-02.jpg\" class=\"attachment-large size-large wp-image-2313\" alt=\"\" srcset=\"https:\/\/pizzastick.es\/wp-content\/uploads\/2020\/05\/escadarcs-pizzeria-pizzastick-02.jpg 1000w, https:\/\/pizzastick.es\/wp-content\/uploads\/2020\/05\/escadarcs-pizzeria-pizzastick-02-300x225.jpg 300w, https:\/\/pizzastick.es\/wp-content\/uploads\/2020\/05\/escadarcs-pizzeria-pizzastick-02-768x576.jpg 768w, https:\/\/pizzastick.es\/wp-content\/uploads\/2020\/05\/escadarcs-pizzeria-pizzastick-02-800x600.jpg 800w, https:\/\/pizzastick.es\/wp-content\/uploads\/2020\/05\/escadarcs-pizzeria-pizzastick-02-700x525.jpg 700w\" sizes=\"auto, (max-width: 1000px) 100vw, 1000px\" \/>\t\t\t\t\t\t\t\t\t\t\t\t\t\t\t<\/div>\n\t\t\t\t<div class=\"elementor-element elementor-element-a68ac77 elementor-widget elementor-widget-heading\" data-id=\"a68ac77\" data-element_type=\"widget\" data-e-type=\"widget\" data-widget_type=\"heading.default\">\n\t\t\t\t\t<h3 class=\"elementor-heading-title elementor-size-default\">PIZZA STICK\n<b>escadarcs (Alp)<\/b><\/h3>\t\t\t\t<\/div>\n\t\t\t\t<div class=\"elementor-element elementor-element-e603fed elementor-widget-divider--view-line elementor-widget elementor-widget-divider\" data-id=\"e603fed\" data-element_type=\"widget\" data-e-type=\"widget\" data-widget_type=\"divider.default\">\n\t\t\t\t\t\t\t<div class=\"elementor-divider\">\n\t\t\t<span class=\"elementor-divider-separator\">\n\t\t\t\t\t\t<\/span>\n\t\t<\/div>\n\t\t\t\t\t\t<\/div>\n\t\t\t\t<div class=\"elementor-element elementor-element-3c05d3e elementor-align-center elementor-widget elementor-widget-button\" data-id=\"3c05d3e\" data-element_type=\"widget\" data-e-type=\"widget\" data-widget_type=\"button.default\">\n\t\t\t\t\t\t\t\t\t\t<a class=\"elementor-button elementor-button-link elementor-size-sm\" href=\"https:\/\/pizzastick.es\/ca\/pedidos\/\">\n\t\t\t\t\t\t<span class=\"elementor-button-content-wrapper\">\n\t\t\t\t\t\t\t\t\t<span class=\"elementor-button-text\">Demana en l\u00ednia<\/span>\n\t\t\t\t\t<\/span>\n\t\t\t\t\t<\/a>\n\t\t\t\t\t\t\t\t<\/div>\n\t\t\t\t<div class=\"elementor-element elementor-element-cbb5cb1 elementor-widget elementor-widget-text-editor\" data-id=\"cbb5cb1\" data-element_type=\"widget\" data-e-type=\"widget\" data-widget_type=\"text-editor.default\">\n\t\t\t\t\t\t\t\t\t<p style=\"text-align: center;\">Lliurament a domicili<\/p><p style=\"text-align: center;\">Recollida al local<\/p><p style=\"text-align: center;\">Reserva de taules<\/p><p style=\"text-align: center;\"><strong><a href=\"tel:972144410\">972 14 44 10<\/a><\/strong><\/p>\t\t\t\t\t\t\t\t<\/div>\n\t\t\t\t<div class=\"elementor-element elementor-element-2be99a0 elementor-align-justify elementor-widget elementor-widget-button\" data-id=\"2be99a0\" data-element_type=\"widget\" data-e-type=\"widget\" data-widget_type=\"button.default\">\n\t\t\t\t\t\t\t\t\t\t<a class=\"elementor-button elementor-button-link elementor-size-sm\" href=\"https:\/\/pizzastick.es\/ca\/pizzeria-escadarcs\/\">\n\t\t\t\t\t\t<span class=\"elementor-button-content-wrapper\">\n\t\t\t\t\t\t\t\t\t<span class=\"elementor-button-text\">m\u00e9s info<\/span>\n\t\t\t\t\t<\/span>\n\t\t\t\t\t<\/a>\n\t\t\t\t\t\t\t\t<\/div>\n\t\t\t\t<\/div>\n\t\t<div class=\"elementor-element elementor-element-ffdba27 e-con-full e-flex e-con e-child\" data-id=\"ffdba27\" data-element_type=\"container\" data-e-type=\"container\" data-settings=\"{&quot;background_background&quot;:&quot;classic&quot;}\">\n\t\t\t\t<div class=\"elementor-element elementor-element-1393ce0 elementor-widget elementor-widget-image\" data-id=\"1393ce0\" data-element_type=\"widget\" data-e-type=\"widget\" data-widget_type=\"image.default\">\n\t\t\t\t\t\t\t\t\t\t\t\t\t\t\t<img loading=\"lazy\" decoding=\"async\" width=\"1000\" height=\"750\" src=\"https:\/\/pizzastick.es\/wp-content\/uploads\/2020\/05\/bellver-de-cerdanya-pizzeria-pizzastick-02.jpg\" class=\"attachment-large size-large wp-image-2284\" alt=\"\" srcset=\"https:\/\/pizzastick.es\/wp-content\/uploads\/2020\/05\/bellver-de-cerdanya-pizzeria-pizzastick-02.jpg 1000w, https:\/\/pizzastick.es\/wp-content\/uploads\/2020\/05\/bellver-de-cerdanya-pizzeria-pizzastick-02-300x225.jpg 300w, https:\/\/pizzastick.es\/wp-content\/uploads\/2020\/05\/bellver-de-cerdanya-pizzeria-pizzastick-02-768x576.jpg 768w, https:\/\/pizzastick.es\/wp-content\/uploads\/2020\/05\/bellver-de-cerdanya-pizzeria-pizzastick-02-800x600.jpg 800w, https:\/\/pizzastick.es\/wp-content\/uploads\/2020\/05\/bellver-de-cerdanya-pizzeria-pizzastick-02-700x525.jpg 700w\" sizes=\"auto, (max-width: 1000px) 100vw, 1000px\" \/>\t\t\t\t\t\t\t\t\t\t\t\t\t\t\t<\/div>\n\t\t\t\t<div class=\"elementor-element elementor-element-6ac05ca elementor-widget elementor-widget-heading\" data-id=\"6ac05ca\" data-element_type=\"widget\" data-e-type=\"widget\" data-widget_type=\"heading.default\">\n\t\t\t\t\t<h3 class=\"elementor-heading-title elementor-size-default\">PIZZA STICK\n<b>bellver de cerdanya<\/b><\/h3>\t\t\t\t<\/div>\n\t\t\t\t<div class=\"elementor-element elementor-element-71d81a2 elementor-widget-divider--view-line elementor-widget elementor-widget-divider\" data-id=\"71d81a2\" data-element_type=\"widget\" data-e-type=\"widget\" data-widget_type=\"divider.default\">\n\t\t\t\t\t\t\t<div class=\"elementor-divider\">\n\t\t\t<span class=\"elementor-divider-separator\">\n\t\t\t\t\t\t<\/span>\n\t\t<\/div>\n\t\t\t\t\t\t<\/div>\n\t\t\t\t<div class=\"elementor-element elementor-element-bc879b5 elementor-align-center elementor-widget elementor-widget-button\" data-id=\"bc879b5\" data-element_type=\"widget\" data-e-type=\"widget\" data-widget_type=\"button.default\">\n\t\t\t\t\t\t\t\t\t\t<a class=\"elementor-button elementor-button-link elementor-size-sm\" href=\"https:\/\/pizzastick.es\/ca\/pedidos\/\">\n\t\t\t\t\t\t<span class=\"elementor-button-content-wrapper\">\n\t\t\t\t\t\t\t\t\t<span class=\"elementor-button-text\">Demana en l\u00ednia<\/span>\n\t\t\t\t\t<\/span>\n\t\t\t\t\t<\/a>\n\t\t\t\t\t\t\t\t<\/div>\n\t\t\t\t<div class=\"elementor-element elementor-element-e8cc29e elementor-widget elementor-widget-text-editor\" data-id=\"e8cc29e\" data-element_type=\"widget\" data-e-type=\"widget\" data-widget_type=\"text-editor.default\">\n\t\t\t\t\t\t\t\t\t<p style=\"text-align: center;\">Lliurament a domicili<\/p><p style=\"text-align: center;\">Recollida al local<\/p><p style=\"text-align: center;\">Reserva de taules<\/p><p style=\"text-align: center;\"><strong><a href=\"tel:973510377\">973 51 03 77<\/a><\/strong><\/p>\t\t\t\t\t\t\t\t<\/div>\n\t\t\t\t<div class=\"elementor-element elementor-element-1b8ffd0 elementor-align-justify elementor-widget elementor-widget-button\" data-id=\"1b8ffd0\" data-element_type=\"widget\" data-e-type=\"widget\" data-widget_type=\"button.default\">\n\t\t\t\t\t\t\t\t\t\t<a class=\"elementor-button elementor-button-link elementor-size-sm\" href=\"https:\/\/pizzastick.es\/ca\/pizzeria-bellver-de-cerdanya\/\">\n\t\t\t\t\t\t<span class=\"elementor-button-content-wrapper\">\n\t\t\t\t\t\t\t\t\t<span class=\"elementor-button-text\">m\u00e9s info<\/span>\n\t\t\t\t\t<\/span>\n\t\t\t\t\t<\/a>\n\t\t\t\t\t\t\t\t<\/div>\n\t\t\t\t<\/div>\n\t\t\t\t<\/div>\n\t\t\t\t<\/div>","protected":false},"excerpt":{"rendered":"<p>Elige tu pizzer\u00eda m\u00e1s cercana Nuestras pizzer\u00edas\u00a0Pizza Stick Puigcerd\u00e0, Bellver de Cerdanya,\u00a0Escadarcs (cerca de Alp) \u00a0ofrecen servicio de reparto a domicilio. Consulta las zonas y condiciones de cada pizzer\u00eda. No dudes en llamarnos y hacer tu pedido, \u00a1te lo llevaremos encantados! Tambi\u00e9n ofrecemos el servicio&#8230;<\/p>","protected":false},"author":1,"featured_media":0,"parent":0,"menu_order":0,"comment_status":"closed","ping_status":"closed","template":"elementor_header_footer","meta":{"footnotes":""},"class_list":["post-2360","page","type-page","status-publish","hentry"],"yoast_head":"<!-- This site is optimized with the Yoast SEO plugin v27.4 - https:\/\/yoast.com\/product\/yoast-seo-wordpress\/ -->\n<title>Pizzerias - Pizza Stick | Pizzas artesanas para los pizza lovers m\u00e1s exigentes<\/title>\n<meta name=\"robots\" content=\"index, follow, max-snippet:-1, max-image-preview:large, max-video-preview:-1\" \/>\n<link rel=\"canonical\" href=\"https:\/\/pizzastick.es\/ca\/domicilio-llevar\/\" \/>\n<meta property=\"og:locale\" content=\"ca_ES\" \/>\n<meta property=\"og:type\" content=\"article\" \/>\n<meta property=\"og:title\" content=\"Pizzerias - Pizza Stick | Pizzas artesanas para los pizza lovers m\u00e1s exigentes\" \/>\n<meta property=\"og:description\" content=\"Elige tu pizzer\u00eda m\u00e1s cercana Nuestras pizzer\u00edas\u00a0Pizza Stick Puigcerd\u00e0, Bellver de Cerdanya,\u00a0Escadarcs (cerca de Alp) \u00a0ofrecen servicio de reparto a domicilio. Consulta las zonas y condiciones de cada pizzer\u00eda. No dudes en llamarnos y hacer tu pedido, \u00a1te lo llevaremos encantados! Tambi\u00e9n ofrecemos el servicio...\" \/>\n<meta property=\"og:url\" content=\"https:\/\/pizzastick.es\/ca\/domicilio-llevar\/\" \/>\n<meta property=\"og:site_name\" content=\"Pizza Stick | Pizzas artesanas para los pizza lovers m\u00e1s exigentes\" \/>\n<meta property=\"article:publisher\" content=\"https:\/\/www.facebook.com\/pizzeriapizzastick\" \/>\n<meta property=\"article:modified_time\" content=\"2024-06-11T13:32:29+00:00\" \/>\n<meta property=\"og:image\" content=\"https:\/\/pizzastick.es\/wp-content\/uploads\/2020\/05\/pizzeria-pizza-stick-puigcerda-cerdanya-24.jpg\" \/>\n<meta name=\"twitter:card\" content=\"summary_large_image\" \/>\n<meta name=\"twitter:site\" content=\"@pizza_stick_\" \/>\n<meta name=\"twitter:label1\" content=\"Temps estimat de lectura\" \/>\n\t<meta name=\"twitter:data1\" content=\"2 minuts\" \/>\n<script type=\"application\/ld+json\" class=\"yoast-schema-graph\">{\"@context\":\"https:\\\/\\\/schema.org\",\"@graph\":[{\"@type\":\"WebPage\",\"@id\":\"https:\\\/\\\/pizzastick.es\\\/domicilio-llevar\\\/\",\"url\":\"https:\\\/\\\/pizzastick.es\\\/domicilio-llevar\\\/\",\"name\":\"Pizzerias - Pizza Stick | Pizzas artesanas para los pizza lovers m\u00e1s exigentes\",\"isPartOf\":{\"@id\":\"https:\\\/\\\/pizzastick.es\\\/#website\"},\"primaryImageOfPage\":{\"@id\":\"https:\\\/\\\/pizzastick.es\\\/domicilio-llevar\\\/#primaryimage\"},\"image\":{\"@id\":\"https:\\\/\\\/pizzastick.es\\\/domicilio-llevar\\\/#primaryimage\"},\"thumbnailUrl\":\"https:\\\/\\\/pizzastick.es\\\/wp-content\\\/uploads\\\/2020\\\/05\\\/pizzeria-pizza-stick-puigcerda-cerdanya-24.jpg\",\"datePublished\":\"2020-05-14T13:57:03+00:00\",\"dateModified\":\"2024-06-11T13:32:29+00:00\",\"breadcrumb\":{\"@id\":\"https:\\\/\\\/pizzastick.es\\\/domicilio-llevar\\\/#breadcrumb\"},\"inLanguage\":\"ca\",\"potentialAction\":[{\"@type\":\"ReadAction\",\"target\":[\"https:\\\/\\\/pizzastick.es\\\/domicilio-llevar\\\/\"]}]},{\"@type\":\"ImageObject\",\"inLanguage\":\"ca\",\"@id\":\"https:\\\/\\\/pizzastick.es\\\/domicilio-llevar\\\/#primaryimage\",\"url\":\"https:\\\/\\\/pizzastick.es\\\/wp-content\\\/uploads\\\/2020\\\/05\\\/pizzeria-pizza-stick-puigcerda-cerdanya-24.jpg\",\"contentUrl\":\"https:\\\/\\\/pizzastick.es\\\/wp-content\\\/uploads\\\/2020\\\/05\\\/pizzeria-pizza-stick-puigcerda-cerdanya-24.jpg\"},{\"@type\":\"BreadcrumbList\",\"@id\":\"https:\\\/\\\/pizzastick.es\\\/domicilio-llevar\\\/#breadcrumb\",\"itemListElement\":[{\"@type\":\"ListItem\",\"position\":1,\"name\":\"Portada\",\"item\":\"https:\\\/\\\/pizzastick.es\\\/\"},{\"@type\":\"ListItem\",\"position\":2,\"name\":\"Pizzerias\"}]},{\"@type\":\"WebSite\",\"@id\":\"https:\\\/\\\/pizzastick.es\\\/#website\",\"url\":\"https:\\\/\\\/pizzastick.es\\\/\",\"name\":\"Pizza Stick | Pizzas artesanas para los pizza lovers m\u00e1s exigentes\",\"description\":\"Pizzas artesanales de masa fina y crujientes, hechas 100% al momento. Tres pizzer\u00edas para comer en el local o a domicilio: Puigcerd\u00e1, Bellver y Escadarcs.\",\"publisher\":{\"@id\":\"https:\\\/\\\/pizzastick.es\\\/#organization\"},\"alternateName\":\"Pizza Stick\",\"potentialAction\":[{\"@type\":\"SearchAction\",\"target\":{\"@type\":\"EntryPoint\",\"urlTemplate\":\"https:\\\/\\\/pizzastick.es\\\/?s={search_term_string}\"},\"query-input\":{\"@type\":\"PropertyValueSpecification\",\"valueRequired\":true,\"valueName\":\"search_term_string\"}}],\"inLanguage\":\"ca\"},{\"@type\":\"Organization\",\"@id\":\"https:\\\/\\\/pizzastick.es\\\/#organization\",\"name\":\"Pizza Stick\",\"url\":\"https:\\\/\\\/pizzastick.es\\\/\",\"logo\":{\"@type\":\"ImageObject\",\"inLanguage\":\"ca\",\"@id\":\"https:\\\/\\\/pizzastick.es\\\/#\\\/schema\\\/logo\\\/image\\\/\",\"url\":\"https:\\\/\\\/pizzastick.es\\\/wp-content\\\/uploads\\\/2024\\\/02\\\/PS_LogoRedondaAmarillo.png\",\"contentUrl\":\"https:\\\/\\\/pizzastick.es\\\/wp-content\\\/uploads\\\/2024\\\/02\\\/PS_LogoRedondaAmarillo.png\",\"width\":329,\"height\":329,\"caption\":\"Pizza Stick\"},\"image\":{\"@id\":\"https:\\\/\\\/pizzastick.es\\\/#\\\/schema\\\/logo\\\/image\\\/\"},\"sameAs\":[\"https:\\\/\\\/www.facebook.com\\\/pizzeriapizzastick\",\"https:\\\/\\\/x.com\\\/pizza_stick_\",\"https:\\\/\\\/instagram.com\\\/pizzeriapizzastick\\\/\"]}]}<\/script>\n<!-- \/ Yoast SEO plugin. -->","yoast_head_json":{"title":"Pizzerias - Pizza Stick | Pizzas artesanas para los pizza lovers m\u00e1s exigentes","robots":{"index":"index","follow":"follow","max-snippet":"max-snippet:-1","max-image-preview":"max-image-preview:large","max-video-preview":"max-video-preview:-1"},"canonical":"https:\/\/pizzastick.es\/ca\/domicilio-llevar\/","og_locale":"ca_ES","og_type":"article","og_title":"Pizzerias - Pizza Stick | Pizzas artesanas para los pizza lovers m\u00e1s exigentes","og_description":"Elige tu pizzer\u00eda m\u00e1s cercana Nuestras pizzer\u00edas\u00a0Pizza Stick Puigcerd\u00e0, Bellver de Cerdanya,\u00a0Escadarcs (cerca de Alp) \u00a0ofrecen servicio de reparto a domicilio. Consulta las zonas y condiciones de cada pizzer\u00eda. No dudes en llamarnos y hacer tu pedido, \u00a1te lo llevaremos encantados! Tambi\u00e9n ofrecemos el servicio...","og_url":"https:\/\/pizzastick.es\/ca\/domicilio-llevar\/","og_site_name":"Pizza Stick | Pizzas artesanas para los pizza lovers m\u00e1s exigentes","article_publisher":"https:\/\/www.facebook.com\/pizzeriapizzastick","article_modified_time":"2024-06-11T13:32:29+00:00","og_image":[{"url":"https:\/\/pizzastick.es\/wp-content\/uploads\/2020\/05\/pizzeria-pizza-stick-puigcerda-cerdanya-24.jpg","type":"","width":"","height":""}],"twitter_card":"summary_large_image","twitter_site":"@pizza_stick_","twitter_misc":{"Temps estimat de lectura":"2 minuts"},"schema":{"@context":"https:\/\/schema.org","@graph":[{"@type":"WebPage","@id":"https:\/\/pizzastick.es\/domicilio-llevar\/","url":"https:\/\/pizzastick.es\/domicilio-llevar\/","name":"Pizzerias - Pizza Stick | Pizzas artesanas para los pizza lovers m\u00e1s exigentes","isPartOf":{"@id":"https:\/\/pizzastick.es\/#website"},"primaryImageOfPage":{"@id":"https:\/\/pizzastick.es\/domicilio-llevar\/#primaryimage"},"image":{"@id":"https:\/\/pizzastick.es\/domicilio-llevar\/#primaryimage"},"thumbnailUrl":"https:\/\/pizzastick.es\/wp-content\/uploads\/2020\/05\/pizzeria-pizza-stick-puigcerda-cerdanya-24.jpg","datePublished":"2020-05-14T13:57:03+00:00","dateModified":"2024-06-11T13:32:29+00:00","breadcrumb":{"@id":"https:\/\/pizzastick.es\/domicilio-llevar\/#breadcrumb"},"inLanguage":"ca","potentialAction":[{"@type":"ReadAction","target":["https:\/\/pizzastick.es\/domicilio-llevar\/"]}]},{"@type":"ImageObject","inLanguage":"ca","@id":"https:\/\/pizzastick.es\/domicilio-llevar\/#primaryimage","url":"https:\/\/pizzastick.es\/wp-content\/uploads\/2020\/05\/pizzeria-pizza-stick-puigcerda-cerdanya-24.jpg","contentUrl":"https:\/\/pizzastick.es\/wp-content\/uploads\/2020\/05\/pizzeria-pizza-stick-puigcerda-cerdanya-24.jpg"},{"@type":"BreadcrumbList","@id":"https:\/\/pizzastick.es\/domicilio-llevar\/#breadcrumb","itemListElement":[{"@type":"ListItem","position":1,"name":"Portada","item":"https:\/\/pizzastick.es\/"},{"@type":"ListItem","position":2,"name":"Pizzerias"}]},{"@type":"WebSite","@id":"https:\/\/pizzastick.es\/#website","url":"https:\/\/pizzastick.es\/","name":"Pizza Stick | Pizzes artesanes per als pizza lovers m\u00e9s exigents","description":"Pizzas artesanales de masa fina y crujientes, hechas 100% al momento. Tres pizzer\u00edas para comer en el local o a domicilio: Puigcerd\u00e1, Bellver y Escadarcs.","publisher":{"@id":"https:\/\/pizzastick.es\/#organization"},"alternateName":"Pizza Stick","potentialAction":[{"@type":"SearchAction","target":{"@type":"EntryPoint","urlTemplate":"https:\/\/pizzastick.es\/?s={search_term_string}"},"query-input":{"@type":"PropertyValueSpecification","valueRequired":true,"valueName":"search_term_string"}}],"inLanguage":"ca"},{"@type":"Organization","@id":"https:\/\/pizzastick.es\/#organization","name":"Pizza Stick","url":"https:\/\/pizzastick.es\/","logo":{"@type":"ImageObject","inLanguage":"ca","@id":"https:\/\/pizzastick.es\/#\/schema\/logo\/image\/","url":"https:\/\/pizzastick.es\/wp-content\/uploads\/2024\/02\/PS_LogoRedondaAmarillo.png","contentUrl":"https:\/\/pizzastick.es\/wp-content\/uploads\/2024\/02\/PS_LogoRedondaAmarillo.png","width":329,"height":329,"caption":"Pizza Stick"},"image":{"@id":"https:\/\/pizzastick.es\/#\/schema\/logo\/image\/"},"sameAs":["https:\/\/www.facebook.com\/pizzeriapizzastick","https:\/\/x.com\/pizza_stick_","https:\/\/instagram.com\/pizzeriapizzastick\/"]}]}},"_links":{"self":[{"href":"https:\/\/pizzastick.es\/ca\/wp-json\/wp\/v2\/pages\/2360","targetHints":{"allow":["GET"]}}],"collection":[{"href":"https:\/\/pizzastick.es\/ca\/wp-json\/wp\/v2\/pages"}],"about":[{"href":"https:\/\/pizzastick.es\/ca\/wp-json\/wp\/v2\/types\/page"}],"author":[{"embeddable":true,"href":"https:\/\/pizzastick.es\/ca\/wp-json\/wp\/v2\/users\/1"}],"replies":[{"embeddable":true,"href":"https:\/\/pizzastick.es\/ca\/wp-json\/wp\/v2\/comments?post=2360"}],"version-history":[{"count":70,"href":"https:\/\/pizzastick.es\/ca\/wp-json\/wp\/v2\/pages\/2360\/revisions"}],"predecessor-version":[{"id":7589,"href":"https:\/\/pizzastick.es\/ca\/wp-json\/wp\/v2\/pages\/2360\/revisions\/7589"}],"wp:attachment":[{"href":"https:\/\/pizzastick.es\/ca\/wp-json\/wp\/v2\/media?parent=2360"}],"curies":[{"name":"wp","href":"https:\/\/api.w.org\/{rel}","templated":true}]}}