{"id":3,"date":"2018-10-26T08:31:04","date_gmt":"2018-10-26T08:31:04","guid":{"rendered":"http:\/\/pizzastick.es\/?page_id=3"},"modified":"2020-12-29T14:43:16","modified_gmt":"2020-12-29T12:43:16","slug":"privacy-policy","status":"publish","type":"page","link":"https:\/\/pizzastick.es\/ca\/privacy-policy\/","title":{"rendered":"Pol\u00edtica de privadesa"},"content":{"rendered":"<h2>Pol\u00edtica de privadesa<\/h2>\n<p>En compliment del que estableix la LOPD &#039;Llei Org\u00e0nica 15\/1999, de 13 de desembre&#039;, de Protecci\u00f3 de Dades de Car\u00e0cter Personal, us informem que totes les dades personals que ens faciliteu quedaran incorporades i seran tractades en els fitxers titularitat de PIZZA STICK SL, per tal de gestionar, administrar i mantenir contra els serveis prestats electr\u00f2nics, sobre q\u00fcestions relatives a lactivitat de la Companyia i els seus serveis.<\/p>\n<p>Podeu exercir, en qualsevol moment, els drets d&#039;acc\u00e9s, rectificaci\u00f3, cancel\u00b7laci\u00f3 i oposici\u00f3 de les vostres dades de car\u00e0cter personal mitjan\u00e7ant correu electr\u00f2nic dirigit a info@pizzastick.es<\/p>\n<p class=\"strong\"><strong>DRETS DE PROPIETAT INTEL\u00b7LECTUAL I INDUSTRIAL<\/strong><\/p>\n<p>La totalitat del contingut d&#039;aquesta p\u00e0gina web, els logotips, textos, fotografies, dissenys, refer\u00e8ncies de productes o altres elements, aix\u00ed com la seva estructura, disseny, combinacions de colors o forma de presentaci\u00f3 dels continguts, estan afectats per drets de propietat intel\u00b7lectual i industrial de titularitat de Pizza Stick, SL o de terceres persones amb qui Pizza Stick, SL n&#039;ha convingut l&#039;\u00fas. Aquests drets han de ser respectats pels usuaris de la p\u00e0gina web. Pizza Stick, SL difon tota aquesta informaci\u00f3 a trav\u00e9s de la p\u00e0gina web per tal de fer publicitat dels seus productes i activitats. Pizza Stick, SL adverteix que tots aquests elements i refer\u00e8ncies \u00fanicament poden ser utilitzats amb aquesta finalitat i citant-ne sempre la proced\u00e8ncia i les refer\u00e8ncies d&#039;identificaci\u00f3. No \u00e9s l\u00edcita la seva transformaci\u00f3 o alteraci\u00f3, ni tampoc la comunicaci\u00f3 p\u00fablica o qualsevol altra forma dexplotaci\u00f3 per qualsevol t\u00e8cnica o procediment sense autoritzaci\u00f3 expressa de Pizza Stick, SL.<\/p>\n<p class=\"strong\"><strong>RESPONSABILITAT SOBRE ELS CONTINGUTS<\/strong><\/p>\n<p>L&#039;usuari d&#039;aquesta p\u00e0gina web hi accedeix per compte i iniciativa pr\u00f2pia. Pizza Stick, SL no es responsabilitza dels errors o omissions que puguin afectar-ne els continguts. Les refer\u00e8ncies que es presenten a pizzastick.es tenen una funci\u00f3 exclusivament informativa i no obliguen el titular de la p\u00e0gina web fins a la confirmaci\u00f3 de l&#039;acceptaci\u00f3 d&#039;un contracte. Pizza Stick, SL no podr\u00e0 ser considerada responsable de cap dany que es derivi de la utilitzaci\u00f3 d&#039;aquesta p\u00e0gina web, ni de cap acci\u00f3 realitzada sobre la base de la informaci\u00f3 que s&#039;hi facilita.<\/p>\n<p>Pizza Stick, SL declina qualsevol responsabilitat respecte de la informaci\u00f3 de qualsevol tipus continguda en altres p\u00e0gines web a qu\u00e8 es pugui accedir mitjan\u00e7ant enlla\u00e7os des d&#039;aquesta p\u00e0gina web. La funci\u00f3 dels enlla\u00e7os introdu\u00efts a la p\u00e0gina web \u00e9s comunicar l&#039;exist\u00e8ncia d&#039;altres fonts d&#039;informaci\u00f3 sobre el tema tractat a la p\u00e0gina d&#039;origen i no suposa cap suggeriment o invitaci\u00f3 a l&#039;usuari a visitar les p\u00e0gines web de destinaci\u00f3. Pizza Stick, SL no \u00e9s responsable del resultat obtingut mitjan\u00e7ant aquests enlla\u00e7os que no s\u00f3n controlats ni verificats per Pizza Stick, SL.<\/p>\n<p class=\"strong\"><strong>PROTECCI\u00d3 DE DADES<\/strong><\/p>\n<p>En compliment de l&#039;article 5 de la Llei Org\u00e0nica 15\/1999 de 13 de Desembre de Protecci\u00f3 de Dades de Car\u00e0cter Personal Pizza Stick, SL informa que les dades personals recollides des d&#039;aquesta p\u00e0gina web no seran enregistrades en cap fitxer ni seran objecte de cap mena de tractament, sin\u00f3 que seran utilitzades \u00fanicament per atendre les sol\u00b7licituds d&#039;informaci\u00f3 de les persones que es diguin. \u00danicament s&#039;incorporaran als fitxers de Pizza Stick, SL amb el consentiment previ dels interessats i en cap cas seran cedits a tercers sense el seu consentiment previ.<\/p>\n<p class=\"strong\"><strong>AUTORITZACI\u00d3 PER ENLLA\u00c7AR AMB PIZZASTICK.ES<\/strong><\/p>\n<p>Queda autoritzat l&#039;establiment d&#039;enlla\u00e7os cap a qualsevol apartat d&#039;aquesta p\u00e0gina web sempre que quedi visible, a la barra d&#039;adreces de l&#039;explorador, l&#039;adre\u00e7a real a qu\u00e8 s&#039;accedeix. Els enlla\u00e7os es poden fer utilitzant l&#039;adre\u00e7a, el nom de l&#039;empresa i\/o altres paraules clau.<\/p>\n<p><b>COOKIES<\/b><\/p>\n<p><span style=\"font-weight: 400;\">Podem demanar informaci\u00f3 sobre el vostre ordinador, incl\u00f2s, si escau, la vostra adre\u00e7a IP, sistema operatiu i tipus de navegador, per a l&#039;administraci\u00f3 del sistema. Es tracta de dades estad\u00edstiques sobre com navega vost\u00e8 pel nostre lloc web.<\/span><\/p>\n<p><span style=\"font-weight: 400;\">Per la mateixa ra\u00f3, podem obtenir informaci\u00f3 sobre el seu \u00fas general dInternet mitjan\u00e7ant un arxiu de cookies que semmagatzema en el disc dur del seu ordinador. Les galetes contenen informaci\u00f3 que es transfereix al disc dur del vostre ordinador.<\/span><\/p>\n<p><span style=\"font-weight: 400;\">Les galetes ens ajuden a millorar el nostre lloc web ia prestar un servei millor i m\u00e9s personalitzat. En concret, ens permeten:<\/span><\/p>\n<p><span style=\"font-weight: 400;\">Fer una estimaci\u00f3 sobre n\u00fameros i patrons d\u00fas.<\/span><\/p>\n<p><span style=\"font-weight: 400;\">Emmagatzemar informaci\u00f3 sobre les vostres prefer\u00e8ncies i personalitzar el nostre lloc web de conformitat amb els seus interessos individuals.<\/span><\/p>\n<p><span style=\"font-weight: 400;\">Accelerar les vostres cerques.<\/span><\/p>\n<p><span style=\"font-weight: 400;\">Recon\u00e8ixer-lo quan torni de nou al nostre lloc.<\/span><\/p>\n<p><span style=\"font-weight: 400;\">Es pot negar a acceptar galetes activant la configuraci\u00f3 al vostre navegador que permet rebutjar les galetes. No obstant aix\u00f2, si seleccioneu aquesta configuraci\u00f3, potser no podreu accedir a determinades parts del Lloc Web o no pugueu aprofitar d&#039;algun dels nostres serveis. A menys que hagueu ajustat la configuraci\u00f3 del vostre navegador de manera que rebutgi cookies, el nostre sistema produir\u00e0 cookies quan es connecti al nostre lloc.<\/span><\/p>","protected":false},"excerpt":{"rendered":"<p>Pol\u00edtica de privacidad En cumplimiento de lo establecido en la LOPD \u2018Ley Org\u00e1nica 15\/1999, de 13 de diciembre\u2019, de Protecci\u00f3n de Datos de Car\u00e1cter Personal, le informamos de que cuantos datos personales nos facilite quedar\u00e1n incorporados y ser\u00e1n tratados en los ficheros titularidad de PIZZA&#8230;<\/p>","protected":false},"author":1,"featured_media":0,"parent":0,"menu_order":0,"comment_status":"closed","ping_status":"open","template":"","meta":{"footnotes":""},"class_list":["post-3","page","type-page","status-publish","hentry"],"yoast_head":"<!-- This site is optimized with the Yoast SEO plugin v27.4 - https:\/\/yoast.com\/product\/yoast-seo-wordpress\/ -->\n<title>Pol\u00edtica de privacidad - Pizza Stick | Pizzas artesanas para los pizza lovers m\u00e1s exigentes<\/title>\n<meta name=\"robots\" content=\"index, follow, max-snippet:-1, max-image-preview:large, max-video-preview:-1\" \/>\n<link rel=\"canonical\" href=\"https:\/\/pizzastick.es\/ca\/privacy-policy\/\" \/>\n<meta property=\"og:locale\" content=\"ca_ES\" \/>\n<meta property=\"og:type\" content=\"article\" \/>\n<meta property=\"og:title\" content=\"Pol\u00edtica de privacidad - Pizza Stick | Pizzas artesanas para los pizza lovers m\u00e1s exigentes\" \/>\n<meta property=\"og:description\" content=\"Pol\u00edtica de privacidad En cumplimiento de lo establecido en la LOPD \u2018Ley Org\u00e1nica 15\/1999, de 13 de diciembre\u2019, de Protecci\u00f3n de Datos de Car\u00e1cter Personal, le informamos de que cuantos datos personales nos facilite quedar\u00e1n incorporados y ser\u00e1n tratados en los ficheros titularidad de PIZZA...\" \/>\n<meta property=\"og:url\" content=\"https:\/\/pizzastick.es\/ca\/privacy-policy\/\" \/>\n<meta property=\"og:site_name\" content=\"Pizza Stick | Pizzas artesanas para los pizza lovers m\u00e1s exigentes\" \/>\n<meta property=\"article:publisher\" content=\"https:\/\/www.facebook.com\/pizzeriapizzastick\" \/>\n<meta property=\"article:modified_time\" content=\"2020-12-29T12:43:16+00:00\" \/>\n<meta property=\"og:image\" content=\"https:\/\/pizzastick.es\/wp-content\/uploads\/2023\/06\/local-scaled.jpg\" \/>\n\t<meta property=\"og:image:width\" content=\"2560\" \/>\n\t<meta property=\"og:image:height\" content=\"1706\" \/>\n\t<meta property=\"og:image:type\" content=\"image\/jpeg\" \/>\n<meta name=\"twitter:card\" content=\"summary_large_image\" \/>\n<meta name=\"twitter:site\" content=\"@pizza_stick_\" \/>\n<meta name=\"twitter:label1\" content=\"Temps estimat de lectura\" \/>\n\t<meta name=\"twitter:data1\" content=\"5 minuts\" \/>\n<script type=\"application\/ld+json\" class=\"yoast-schema-graph\">{\"@context\":\"https:\\\/\\\/schema.org\",\"@graph\":[{\"@type\":\"WebPage\",\"@id\":\"https:\\\/\\\/pizzastick.es\\\/privacy-policy\\\/\",\"url\":\"https:\\\/\\\/pizzastick.es\\\/privacy-policy\\\/\",\"name\":\"Pol\u00edtica de privacidad - Pizza Stick | Pizzas artesanas para los pizza lovers m\u00e1s exigentes\",\"isPartOf\":{\"@id\":\"https:\\\/\\\/pizzastick.es\\\/#website\"},\"datePublished\":\"2018-10-26T08:31:04+00:00\",\"dateModified\":\"2020-12-29T12:43:16+00:00\",\"breadcrumb\":{\"@id\":\"https:\\\/\\\/pizzastick.es\\\/privacy-policy\\\/#breadcrumb\"},\"inLanguage\":\"ca\",\"potentialAction\":[{\"@type\":\"ReadAction\",\"target\":[\"https:\\\/\\\/pizzastick.es\\\/privacy-policy\\\/\"]}]},{\"@type\":\"BreadcrumbList\",\"@id\":\"https:\\\/\\\/pizzastick.es\\\/privacy-policy\\\/#breadcrumb\",\"itemListElement\":[{\"@type\":\"ListItem\",\"position\":1,\"name\":\"Portada\",\"item\":\"https:\\\/\\\/pizzastick.es\\\/\"},{\"@type\":\"ListItem\",\"position\":2,\"name\":\"Pol\u00edtica de privacidad\"}]},{\"@type\":\"WebSite\",\"@id\":\"https:\\\/\\\/pizzastick.es\\\/#website\",\"url\":\"https:\\\/\\\/pizzastick.es\\\/\",\"name\":\"Pizza Stick | Pizzas artesanas para los pizza lovers m\u00e1s exigentes\",\"description\":\"Pizzas artesanales de masa fina y crujientes, hechas 100% al momento. Tres pizzer\u00edas para comer en el local o a domicilio: Puigcerd\u00e1, Bellver y Escadarcs.\",\"publisher\":{\"@id\":\"https:\\\/\\\/pizzastick.es\\\/#organization\"},\"alternateName\":\"Pizza Stick\",\"potentialAction\":[{\"@type\":\"SearchAction\",\"target\":{\"@type\":\"EntryPoint\",\"urlTemplate\":\"https:\\\/\\\/pizzastick.es\\\/?s={search_term_string}\"},\"query-input\":{\"@type\":\"PropertyValueSpecification\",\"valueRequired\":true,\"valueName\":\"search_term_string\"}}],\"inLanguage\":\"ca\"},{\"@type\":\"Organization\",\"@id\":\"https:\\\/\\\/pizzastick.es\\\/#organization\",\"name\":\"Pizza Stick\",\"url\":\"https:\\\/\\\/pizzastick.es\\\/\",\"logo\":{\"@type\":\"ImageObject\",\"inLanguage\":\"ca\",\"@id\":\"https:\\\/\\\/pizzastick.es\\\/#\\\/schema\\\/logo\\\/image\\\/\",\"url\":\"https:\\\/\\\/pizzastick.es\\\/wp-content\\\/uploads\\\/2024\\\/02\\\/PS_LogoRedondaAmarillo.png\",\"contentUrl\":\"https:\\\/\\\/pizzastick.es\\\/wp-content\\\/uploads\\\/2024\\\/02\\\/PS_LogoRedondaAmarillo.png\",\"width\":329,\"height\":329,\"caption\":\"Pizza Stick\"},\"image\":{\"@id\":\"https:\\\/\\\/pizzastick.es\\\/#\\\/schema\\\/logo\\\/image\\\/\"},\"sameAs\":[\"https:\\\/\\\/www.facebook.com\\\/pizzeriapizzastick\",\"https:\\\/\\\/x.com\\\/pizza_stick_\",\"https:\\\/\\\/instagram.com\\\/pizzeriapizzastick\\\/\"]}]}<\/script>\n<!-- \/ Yoast SEO plugin. -->","yoast_head_json":{"title":"Pol\u00edtica de privacidad - Pizza Stick | Pizzas artesanas para los pizza lovers m\u00e1s exigentes","robots":{"index":"index","follow":"follow","max-snippet":"max-snippet:-1","max-image-preview":"max-image-preview:large","max-video-preview":"max-video-preview:-1"},"canonical":"https:\/\/pizzastick.es\/ca\/privacy-policy\/","og_locale":"ca_ES","og_type":"article","og_title":"Pol\u00edtica de privacidad - Pizza Stick | Pizzas artesanas para los pizza lovers m\u00e1s exigentes","og_description":"Pol\u00edtica de privacidad En cumplimiento de lo establecido en la LOPD \u2018Ley Org\u00e1nica 15\/1999, de 13 de diciembre\u2019, de Protecci\u00f3n de Datos de Car\u00e1cter Personal, le informamos de que cuantos datos personales nos facilite quedar\u00e1n incorporados y ser\u00e1n tratados en los ficheros titularidad de PIZZA...","og_url":"https:\/\/pizzastick.es\/ca\/privacy-policy\/","og_site_name":"Pizza Stick | Pizzas artesanas para los pizza lovers m\u00e1s exigentes","article_publisher":"https:\/\/www.facebook.com\/pizzeriapizzastick","article_modified_time":"2020-12-29T12:43:16+00:00","og_image":[{"width":2560,"height":1706,"url":"https:\/\/pizzastick.es\/wp-content\/uploads\/2023\/06\/local-scaled.jpg","type":"image\/jpeg"}],"twitter_card":"summary_large_image","twitter_site":"@pizza_stick_","twitter_misc":{"Temps estimat de lectura":"5 minuts"},"schema":{"@context":"https:\/\/schema.org","@graph":[{"@type":"WebPage","@id":"https:\/\/pizzastick.es\/privacy-policy\/","url":"https:\/\/pizzastick.es\/privacy-policy\/","name":"Pol\u00edtica de privacidad - Pizza Stick | Pizzas artesanas para los pizza lovers m\u00e1s exigentes","isPartOf":{"@id":"https:\/\/pizzastick.es\/#website"},"datePublished":"2018-10-26T08:31:04+00:00","dateModified":"2020-12-29T12:43:16+00:00","breadcrumb":{"@id":"https:\/\/pizzastick.es\/privacy-policy\/#breadcrumb"},"inLanguage":"ca","potentialAction":[{"@type":"ReadAction","target":["https:\/\/pizzastick.es\/privacy-policy\/"]}]},{"@type":"BreadcrumbList","@id":"https:\/\/pizzastick.es\/privacy-policy\/#breadcrumb","itemListElement":[{"@type":"ListItem","position":1,"name":"Portada","item":"https:\/\/pizzastick.es\/"},{"@type":"ListItem","position":2,"name":"Pol\u00edtica de privacidad"}]},{"@type":"WebSite","@id":"https:\/\/pizzastick.es\/#website","url":"https:\/\/pizzastick.es\/","name":"Pizza Stick | Pizzes artesanes per als pizza lovers m\u00e9s exigents","description":"Pizzas artesanales de masa fina y crujientes, hechas 100% al momento. Tres pizzer\u00edas para comer en el local o a domicilio: Puigcerd\u00e1, Bellver y Escadarcs.","publisher":{"@id":"https:\/\/pizzastick.es\/#organization"},"alternateName":"Pizza Stick","potentialAction":[{"@type":"SearchAction","target":{"@type":"EntryPoint","urlTemplate":"https:\/\/pizzastick.es\/?s={search_term_string}"},"query-input":{"@type":"PropertyValueSpecification","valueRequired":true,"valueName":"search_term_string"}}],"inLanguage":"ca"},{"@type":"Organization","@id":"https:\/\/pizzastick.es\/#organization","name":"Pizza Stick","url":"https:\/\/pizzastick.es\/","logo":{"@type":"ImageObject","inLanguage":"ca","@id":"https:\/\/pizzastick.es\/#\/schema\/logo\/image\/","url":"https:\/\/pizzastick.es\/wp-content\/uploads\/2024\/02\/PS_LogoRedondaAmarillo.png","contentUrl":"https:\/\/pizzastick.es\/wp-content\/uploads\/2024\/02\/PS_LogoRedondaAmarillo.png","width":329,"height":329,"caption":"Pizza Stick"},"image":{"@id":"https:\/\/pizzastick.es\/#\/schema\/logo\/image\/"},"sameAs":["https:\/\/www.facebook.com\/pizzeriapizzastick","https:\/\/x.com\/pizza_stick_","https:\/\/instagram.com\/pizzeriapizzastick\/"]}]}},"_links":{"self":[{"href":"https:\/\/pizzastick.es\/ca\/wp-json\/wp\/v2\/pages\/3","targetHints":{"allow":["GET"]}}],"collection":[{"href":"https:\/\/pizzastick.es\/ca\/wp-json\/wp\/v2\/pages"}],"about":[{"href":"https:\/\/pizzastick.es\/ca\/wp-json\/wp\/v2\/types\/page"}],"author":[{"embeddable":true,"href":"https:\/\/pizzastick.es\/ca\/wp-json\/wp\/v2\/users\/1"}],"replies":[{"embeddable":true,"href":"https:\/\/pizzastick.es\/ca\/wp-json\/wp\/v2\/comments?post=3"}],"version-history":[{"count":4,"href":"https:\/\/pizzastick.es\/ca\/wp-json\/wp\/v2\/pages\/3\/revisions"}],"predecessor-version":[{"id":3174,"href":"https:\/\/pizzastick.es\/ca\/wp-json\/wp\/v2\/pages\/3\/revisions\/3174"}],"wp:attachment":[{"href":"https:\/\/pizzastick.es\/ca\/wp-json\/wp\/v2\/media?parent=3"}],"curies":[{"name":"wp","href":"https:\/\/api.w.org\/{rel}","templated":true}]}}