{"id":1770,"date":"2019-07-19T07:12:28","date_gmt":"2019-07-19T07:12:28","guid":{"rendered":"https:\/\/pizzastick.es\/?page_id=1770"},"modified":"2025-05-01T11:46:00","modified_gmt":"2025-05-01T09:46:00","slug":"politica-de-cookies-pizza-stick","status":"publish","type":"page","link":"https:\/\/pizzastick.es\/en\/politica-de-cookies-pizza-stick\/","title":{"rendered":"Pol\u00edtica de cookies Pizza Stick"},"content":{"rendered":"<h3 data-pm-slice=\"1 1 []\">Pol\u00edtica de Cookies<\/h3>\n<p>En <a href=\"http:\/\/www.pizzastick.es\">www.pizzastick.es<\/a> utilizamos cookies propias y de terceros para analizar el uso de nuestro sitio web, mejorar su funcionamiento, mostrar publicidad personalizada y facilitar la compra online.<\/p>\n<h4>\u00bfQu\u00e9 son las cookies?<\/h4>\n<p>Las cookies son peque\u00f1os archivos que se descargan en su dispositivo al acceder a determinadas p\u00e1ginas web. Permiten a una p\u00e1gina web, entre otras cosas, almacenar y recuperar informaci\u00f3n sobre los h\u00e1bitos de navegaci\u00f3n de un usuario.<\/p>\n<h4>Tipos de cookies utilizadas<\/h4>\n<ul data-spread=\"false\">\n<li><strong>Cookies t\u00e9cnicas y funcionales (obligatorias):<\/strong> necesarias para el correcto funcionamiento del sitio web y para la gesti\u00f3n de compras online, reservas y promociones.<\/li>\n<li><strong>Cookies de an\u00e1lisis:<\/strong> permiten cuantificar el n\u00famero de usuarios y as\u00ed realizar la medici\u00f3n y an\u00e1lisis estad\u00edstico de la utilizaci\u00f3n que hacen los usuarios del sitio web.<\/li>\n<li><strong>Cookies de personalizaci\u00f3n:<\/strong> almacenan informaci\u00f3n sobre las preferencias del usuario (idioma, regi\u00f3n, etc.).<\/li>\n<li><strong>Cookies publicitarias:<\/strong> permiten la gesti\u00f3n de los espacios publicitarios incluidos en la web, a partir de h\u00e1bitos de navegaci\u00f3n.<\/li>\n<\/ul>\n<h4>Gesti\u00f3n de cookies<\/h4>\n<p>Al acceder por primera vez a nuestro sitio web, se le mostrar\u00e1 un banner con la opci\u00f3n de aceptar, rechazar o configurar las cookies. Puede cambiar su configuraci\u00f3n en cualquier momento desde el enlace \u201cConfiguraci\u00f3n de cookies\u201d disponible en el pie de p\u00e1gina.<\/p>\n<h4>Cookies utilizadas<\/h4>\n<p>En nuestra [Pol\u00edtica de Cookies detallada] se incluye un listado completo de cookies, su duraci\u00f3n, titularidad y finalidad.<\/p>\n<div>\n<hr \/>\n<\/div>\n","protected":false},"excerpt":{"rendered":"<p>Pol\u00edtica de Cookies En www.pizzastick.es utilizamos cookies propias y de terceros para analizar el uso de nuestro sitio web, mejorar su funcionamiento, mostrar publicidad personalizada y facilitar la compra online. \u00bfQu\u00e9 son las cookies? Las cookies son peque\u00f1os archivos que se descargan en su dispositivo&#8230;<\/p>","protected":false},"author":1,"featured_media":0,"parent":0,"menu_order":0,"comment_status":"closed","ping_status":"closed","template":"","meta":{"footnotes":""},"class_list":["post-1770","page","type-page","status-publish","hentry"],"yoast_head":"<!-- This site is optimized with the Yoast SEO plugin v27.4 - https:\/\/yoast.com\/product\/yoast-seo-wordpress\/ -->\n<title>Pol\u00edtica de cookies Pizza Stick - Pizza Stick | Pizzas artesanas para los pizza lovers m\u00e1s exigentes<\/title>\n<meta name=\"description\" content=\"Consulta nuestra pol\u00edtica de cookies actualizada para Pizza Stick\" \/>\n<meta name=\"robots\" content=\"index, follow, max-snippet:-1, max-image-preview:large, max-video-preview:-1\" \/>\n<link rel=\"canonical\" href=\"https:\/\/pizzastick.es\/en\/politica-de-cookies-pizza-stick\/\" \/>\n<meta property=\"og:locale\" content=\"en_GB\" \/>\n<meta property=\"og:type\" content=\"article\" \/>\n<meta property=\"og:title\" content=\"Pol\u00edtica de cookies Pizza Stick - Pizza Stick | Pizzas artesanas para los pizza lovers m\u00e1s exigentes\" \/>\n<meta property=\"og:description\" content=\"Consulta nuestra pol\u00edtica de cookies actualizada para Pizza Stick\" \/>\n<meta property=\"og:url\" content=\"https:\/\/pizzastick.es\/en\/politica-de-cookies-pizza-stick\/\" \/>\n<meta property=\"og:site_name\" content=\"Pizza Stick | Pizzas artesanas para los pizza lovers m\u00e1s exigentes\" \/>\n<meta property=\"article:publisher\" content=\"https:\/\/www.facebook.com\/pizzeriapizzastick\" \/>\n<meta property=\"article:modified_time\" content=\"2025-05-01T09:46:00+00:00\" \/>\n<meta property=\"og:image\" content=\"https:\/\/pizzastick.es\/wp-content\/uploads\/2023\/06\/local-scaled.jpg\" \/>\n\t<meta property=\"og:image:width\" content=\"2560\" \/>\n\t<meta property=\"og:image:height\" content=\"1706\" \/>\n\t<meta property=\"og:image:type\" content=\"image\/jpeg\" \/>\n<meta name=\"twitter:card\" content=\"summary_large_image\" \/>\n<meta name=\"twitter:site\" content=\"@pizza_stick_\" \/>\n<meta name=\"twitter:label1\" content=\"Estimated reading time\" \/>\n\t<meta name=\"twitter:data1\" content=\"2 minutes\" \/>\n<script type=\"application\/ld+json\" class=\"yoast-schema-graph\">{\"@context\":\"https:\\\/\\\/schema.org\",\"@graph\":[{\"@type\":\"WebPage\",\"@id\":\"https:\\\/\\\/pizzastick.es\\\/politica-de-cookies-pizza-stick\\\/\",\"url\":\"https:\\\/\\\/pizzastick.es\\\/politica-de-cookies-pizza-stick\\\/\",\"name\":\"Pol\u00edtica de cookies Pizza Stick - Pizza Stick | Pizzas artesanas para los pizza lovers m\u00e1s exigentes\",\"isPartOf\":{\"@id\":\"https:\\\/\\\/pizzastick.es\\\/#website\"},\"datePublished\":\"2019-07-19T07:12:28+00:00\",\"dateModified\":\"2025-05-01T09:46:00+00:00\",\"description\":\"Consulta nuestra pol\u00edtica de cookies actualizada para Pizza Stick\",\"breadcrumb\":{\"@id\":\"https:\\\/\\\/pizzastick.es\\\/politica-de-cookies-pizza-stick\\\/#breadcrumb\"},\"inLanguage\":\"en-GB\",\"potentialAction\":[{\"@type\":\"ReadAction\",\"target\":[\"https:\\\/\\\/pizzastick.es\\\/politica-de-cookies-pizza-stick\\\/\"]}]},{\"@type\":\"BreadcrumbList\",\"@id\":\"https:\\\/\\\/pizzastick.es\\\/politica-de-cookies-pizza-stick\\\/#breadcrumb\",\"itemListElement\":[{\"@type\":\"ListItem\",\"position\":1,\"name\":\"Portada\",\"item\":\"https:\\\/\\\/pizzastick.es\\\/\"},{\"@type\":\"ListItem\",\"position\":2,\"name\":\"Pol\u00edtica de cookies Pizza Stick\"}]},{\"@type\":\"WebSite\",\"@id\":\"https:\\\/\\\/pizzastick.es\\\/#website\",\"url\":\"https:\\\/\\\/pizzastick.es\\\/\",\"name\":\"Pizza Stick | Pizzas artesanas para los pizza lovers m\u00e1s exigentes\",\"description\":\"Pizzas artesanales de masa fina y crujientes, hechas 100% al momento. Tres pizzer\u00edas para comer en el local o a domicilio: Puigcerd\u00e1, Bellver y Escadarcs.\",\"publisher\":{\"@id\":\"https:\\\/\\\/pizzastick.es\\\/#organization\"},\"alternateName\":\"Pizza Stick\",\"potentialAction\":[{\"@type\":\"SearchAction\",\"target\":{\"@type\":\"EntryPoint\",\"urlTemplate\":\"https:\\\/\\\/pizzastick.es\\\/?s={search_term_string}\"},\"query-input\":{\"@type\":\"PropertyValueSpecification\",\"valueRequired\":true,\"valueName\":\"search_term_string\"}}],\"inLanguage\":\"en-GB\"},{\"@type\":\"Organization\",\"@id\":\"https:\\\/\\\/pizzastick.es\\\/#organization\",\"name\":\"Pizza Stick\",\"url\":\"https:\\\/\\\/pizzastick.es\\\/\",\"logo\":{\"@type\":\"ImageObject\",\"inLanguage\":\"en-GB\",\"@id\":\"https:\\\/\\\/pizzastick.es\\\/#\\\/schema\\\/logo\\\/image\\\/\",\"url\":\"https:\\\/\\\/pizzastick.es\\\/wp-content\\\/uploads\\\/2024\\\/02\\\/PS_LogoRedondaAmarillo.png\",\"contentUrl\":\"https:\\\/\\\/pizzastick.es\\\/wp-content\\\/uploads\\\/2024\\\/02\\\/PS_LogoRedondaAmarillo.png\",\"width\":329,\"height\":329,\"caption\":\"Pizza Stick\"},\"image\":{\"@id\":\"https:\\\/\\\/pizzastick.es\\\/#\\\/schema\\\/logo\\\/image\\\/\"},\"sameAs\":[\"https:\\\/\\\/www.facebook.com\\\/pizzeriapizzastick\",\"https:\\\/\\\/x.com\\\/pizza_stick_\",\"https:\\\/\\\/instagram.com\\\/pizzeriapizzastick\\\/\"]}]}<\/script>\n<!-- \/ Yoast SEO plugin. -->","yoast_head_json":{"title":"Pol\u00edtica de cookies Pizza Stick - Pizza Stick | Pizzas artesanas para los pizza lovers m\u00e1s exigentes","description":"Consulta nuestra pol\u00edtica de cookies actualizada para Pizza Stick","robots":{"index":"index","follow":"follow","max-snippet":"max-snippet:-1","max-image-preview":"max-image-preview:large","max-video-preview":"max-video-preview:-1"},"canonical":"https:\/\/pizzastick.es\/en\/politica-de-cookies-pizza-stick\/","og_locale":"en_GB","og_type":"article","og_title":"Pol\u00edtica de cookies Pizza Stick - Pizza Stick | Pizzas artesanas para los pizza lovers m\u00e1s exigentes","og_description":"Consulta nuestra pol\u00edtica de cookies actualizada para Pizza Stick","og_url":"https:\/\/pizzastick.es\/en\/politica-de-cookies-pizza-stick\/","og_site_name":"Pizza Stick | Pizzas artesanas para los pizza lovers m\u00e1s exigentes","article_publisher":"https:\/\/www.facebook.com\/pizzeriapizzastick","article_modified_time":"2025-05-01T09:46:00+00:00","og_image":[{"width":2560,"height":1706,"url":"https:\/\/pizzastick.es\/wp-content\/uploads\/2023\/06\/local-scaled.jpg","type":"image\/jpeg"}],"twitter_card":"summary_large_image","twitter_site":"@pizza_stick_","twitter_misc":{"Estimated reading time":"2 minutes"},"schema":{"@context":"https:\/\/schema.org","@graph":[{"@type":"WebPage","@id":"https:\/\/pizzastick.es\/politica-de-cookies-pizza-stick\/","url":"https:\/\/pizzastick.es\/politica-de-cookies-pizza-stick\/","name":"Pol\u00edtica de cookies Pizza Stick - Pizza Stick | Pizzas artesanas para los pizza lovers m\u00e1s exigentes","isPartOf":{"@id":"https:\/\/pizzastick.es\/#website"},"datePublished":"2019-07-19T07:12:28+00:00","dateModified":"2025-05-01T09:46:00+00:00","description":"Consulta nuestra pol\u00edtica de cookies actualizada para Pizza Stick","breadcrumb":{"@id":"https:\/\/pizzastick.es\/politica-de-cookies-pizza-stick\/#breadcrumb"},"inLanguage":"en-GB","potentialAction":[{"@type":"ReadAction","target":["https:\/\/pizzastick.es\/politica-de-cookies-pizza-stick\/"]}]},{"@type":"BreadcrumbList","@id":"https:\/\/pizzastick.es\/politica-de-cookies-pizza-stick\/#breadcrumb","itemListElement":[{"@type":"ListItem","position":1,"name":"Portada","item":"https:\/\/pizzastick.es\/"},{"@type":"ListItem","position":2,"name":"Pol\u00edtica de cookies Pizza Stick"}]},{"@type":"WebSite","@id":"https:\/\/pizzastick.es\/#website","url":"https:\/\/pizzastick.es\/","name":"Pizza Stick | Artisan pizzas for discerning pizza lovers","description":"Artisan pizzas with thin, crispy dough, made 100% to order. Three pizzerias to eat on the premises or at home: Puigcerd\u00e1, Bellver and Escadarcs.","publisher":{"@id":"https:\/\/pizzastick.es\/#organization"},"alternateName":"Pizza Stick","potentialAction":[{"@type":"SearchAction","target":{"@type":"EntryPoint","urlTemplate":"https:\/\/pizzastick.es\/?s={search_term_string}"},"query-input":{"@type":"PropertyValueSpecification","valueRequired":true,"valueName":"search_term_string"}}],"inLanguage":"en-GB"},{"@type":"Organization","@id":"https:\/\/pizzastick.es\/#organization","name":"Pizza Stick","url":"https:\/\/pizzastick.es\/","logo":{"@type":"ImageObject","inLanguage":"en-GB","@id":"https:\/\/pizzastick.es\/#\/schema\/logo\/image\/","url":"https:\/\/pizzastick.es\/wp-content\/uploads\/2024\/02\/PS_LogoRedondaAmarillo.png","contentUrl":"https:\/\/pizzastick.es\/wp-content\/uploads\/2024\/02\/PS_LogoRedondaAmarillo.png","width":329,"height":329,"caption":"Pizza Stick"},"image":{"@id":"https:\/\/pizzastick.es\/#\/schema\/logo\/image\/"},"sameAs":["https:\/\/www.facebook.com\/pizzeriapizzastick","https:\/\/x.com\/pizza_stick_","https:\/\/instagram.com\/pizzeriapizzastick\/"]}]}},"_links":{"self":[{"href":"https:\/\/pizzastick.es\/en\/wp-json\/wp\/v2\/pages\/1770","targetHints":{"allow":["GET"]}}],"collection":[{"href":"https:\/\/pizzastick.es\/en\/wp-json\/wp\/v2\/pages"}],"about":[{"href":"https:\/\/pizzastick.es\/en\/wp-json\/wp\/v2\/types\/page"}],"author":[{"embeddable":true,"href":"https:\/\/pizzastick.es\/en\/wp-json\/wp\/v2\/users\/1"}],"replies":[{"embeddable":true,"href":"https:\/\/pizzastick.es\/en\/wp-json\/wp\/v2\/comments?post=1770"}],"version-history":[{"count":4,"href":"https:\/\/pizzastick.es\/en\/wp-json\/wp\/v2\/pages\/1770\/revisions"}],"predecessor-version":[{"id":7138,"href":"https:\/\/pizzastick.es\/en\/wp-json\/wp\/v2\/pages\/1770\/revisions\/7138"}],"wp:attachment":[{"href":"https:\/\/pizzastick.es\/en\/wp-json\/wp\/v2\/media?parent=1770"}],"curies":[{"name":"wp","href":"https:\/\/api.w.org\/{rel}","templated":true}]}}