{"id":3,"date":"2018-10-26T08:31:04","date_gmt":"2018-10-26T08:31:04","guid":{"rendered":"http:\/\/pizzastick.es\/?page_id=3"},"modified":"2020-12-29T14:43:16","modified_gmt":"2020-12-29T12:43:16","slug":"privacy-policy","status":"publish","type":"page","link":"https:\/\/pizzastick.es\/en\/privacy-policy\/","title":{"rendered":"Privacy policy"},"content":{"rendered":"<h2>Privacy policy<\/h2>\n<p>In compliance with the provisions of the LOPD \u2018Ley Org\u00e1nica 15\/1999, de 13 de diciembre\u2019, de Protecci\u00f3n de Datos de Car\u00e1cter Personal, we inform you that any personal data you provide us with will be incorporated and processed in the files owned by PIZZA STICK S.L., in order to manage, administer and maintain the services provided and\/or contracted, as well as to keep you informed, including by electronic means, on matters relating to the activity of the Company and its services.<\/p>\n<p>You may at any time exercise your rights of access, rectification, cancellation and opposition of your personal data by sending an e-mail to info@pizzastick.es.<\/p>\n<p class=\"strong\"><strong>INTELLECTUAL AND INDUSTRIAL PROPERTY RIGHTS<\/strong><\/p>\n<p>The entire content of this web page, the logos, texts, photographs, designs, product references or other elements, as well as its structure, design, combinations of colours or form of presentation of the contents, is affected by intellectual and industrial property rights owned by Pizza Stick, SL or by third parties with whom Pizza Stick, SL has agreed its use. These rights must be respected by the users of the website. Pizza Stick, SL disseminates all this information through the website in order to advertise its products and activities. Pizza Stick, SL warns that all these elements and references may only be used for this purpose and always quoting their origin and identifying references. Their transformation or alteration is not licit, nor is public communication or any other form of exploitation by any technique or procedure without the express authorisation of Pizza Stick, SL.<\/p>\n<p class=\"strong\"><strong>RESPONSIBILITY FOR CONTENT<\/strong><\/p>\n<p>The user of this website accesses the same on his\/her own account and initiative. Pizza Stick, SL is not responsible for any errors or omissions that may affect its contents. The references presented in pizzastick.es have an exclusively informative function and do not bind the owner of the web page until confirmation of the acceptance of a contract. Pizza Stick, SL cannot be held responsible for any damage arising from the use of this website, nor for any action carried out on the basis of the information provided therein.<\/p>\n<p>Pizza Stick, SL declines any responsibility with respect to information of any kind contained in other web pages that can be accessed through links from this web page. The function of the links introduced in the web page is to communicate the existence of other sources of information on the subject dealt with in the page of origin and does not imply any suggestion or invitation to the user to visit the destination web pages. Pizza Stick, SL is not responsible for the results obtained through these links, which are not controlled or verified by Pizza Stick, SL.<\/p>\n<p class=\"strong\"><strong>DATA PROTECTION<\/strong><\/p>\n<p>In compliance with article 5 of Organic Law 15\/1999 of 13 December on the Protection of Personal Data, Pizza Stick, SL informs that the personal data collected from this web page will not be registered in any file nor will they be subject to any kind of processing, but will only be used to attend to requests for information from persons who contact Pizza Stick, SL by this means. They will only be incorporated into the files of Pizza Stick, SL with the prior consent of the interested parties and in no case will they be transferred to third parties without their prior consent.<\/p>\n<p class=\"strong\"><strong>AUTHORISATION TO LINK TO PIZZASTICK.ES<\/strong><\/p>\n<p>The establishment of links to any section of this website is authorised provided that the actual address is visible in the address bar of the browser. Links may be made using the address, company name and\/or other keywords.<\/p>\n<p><b>COOKIES<\/b><\/p>\n<p><span style=\"font-weight: 400;\">We may collect information about your computer, including, where applicable, your IP address, operating system and browser type, for system administration. This is statistical data about how you browse our website.<\/span><\/p>\n<p><span style=\"font-weight: 400;\">For the same reason, we may obtain information about your general internet usage by means of a cookie file that is stored on your computer's hard drive. Cookies contain information that is transferred to your computer's hard drive.<\/span><\/p>\n<p><span style=\"font-weight: 400;\">Cookies help us to improve our website and to provide a better and more personalised service. Specifically, they allow us to:<\/span><\/p>\n<p><span style=\"font-weight: 400;\">Estimate numbers and usage patterns.<\/span><\/p>\n<p><span style=\"font-weight: 400;\">Store information about your preferences and personalise our website according to your individual interests.<\/span><\/p>\n<p><span style=\"font-weight: 400;\">Accelerate your searches.<\/span><\/p>\n<p><span style=\"font-weight: 400;\">Recognise you when you return to our site.<\/span><\/p>\n<p><span style=\"font-weight: 400;\">You may refuse to accept cookies by activating the setting on your browser which allows you to refuse cookies. However, if you select this setting, you may not be able to access certain parts of the Website or take advantage of some of our services. Unless you have adjusted your browser setting so that it will refuse cookies, our system will issue cookies when you log on to our site.<\/span><\/p>","protected":false},"excerpt":{"rendered":"<p>Pol\u00edtica de privacidad En cumplimiento de lo establecido en la LOPD \u2018Ley Org\u00e1nica 15\/1999, de 13 de diciembre\u2019, de Protecci\u00f3n de Datos de Car\u00e1cter Personal, le informamos de que cuantos datos personales nos facilite quedar\u00e1n incorporados y ser\u00e1n tratados en los ficheros titularidad de PIZZA&#8230;<\/p>","protected":false},"author":1,"featured_media":0,"parent":0,"menu_order":0,"comment_status":"closed","ping_status":"open","template":"","meta":{"footnotes":""},"class_list":["post-3","page","type-page","status-publish","hentry"],"yoast_head":"<!-- This site is optimized with the Yoast SEO plugin v27.4 - https:\/\/yoast.com\/product\/yoast-seo-wordpress\/ -->\n<title>Pol\u00edtica de privacidad - Pizza Stick | Pizzas artesanas para los pizza lovers m\u00e1s exigentes<\/title>\n<meta name=\"robots\" content=\"index, follow, max-snippet:-1, max-image-preview:large, max-video-preview:-1\" \/>\n<link rel=\"canonical\" href=\"https:\/\/pizzastick.es\/en\/privacy-policy\/\" \/>\n<meta property=\"og:locale\" content=\"en_GB\" \/>\n<meta property=\"og:type\" content=\"article\" \/>\n<meta property=\"og:title\" content=\"Pol\u00edtica de privacidad - Pizza Stick | Pizzas artesanas para los pizza lovers m\u00e1s exigentes\" \/>\n<meta property=\"og:description\" content=\"Pol\u00edtica de privacidad En cumplimiento de lo establecido en la LOPD \u2018Ley Org\u00e1nica 15\/1999, de 13 de diciembre\u2019, de Protecci\u00f3n de Datos de Car\u00e1cter Personal, le informamos de que cuantos datos personales nos facilite quedar\u00e1n incorporados y ser\u00e1n tratados en los ficheros titularidad de PIZZA...\" \/>\n<meta property=\"og:url\" content=\"https:\/\/pizzastick.es\/en\/privacy-policy\/\" \/>\n<meta property=\"og:site_name\" content=\"Pizza Stick | Pizzas artesanas para los pizza lovers m\u00e1s exigentes\" \/>\n<meta property=\"article:publisher\" content=\"https:\/\/www.facebook.com\/pizzeriapizzastick\" \/>\n<meta property=\"article:modified_time\" content=\"2020-12-29T12:43:16+00:00\" \/>\n<meta property=\"og:image\" content=\"https:\/\/pizzastick.es\/wp-content\/uploads\/2023\/06\/local-scaled.jpg\" \/>\n\t<meta property=\"og:image:width\" content=\"2560\" \/>\n\t<meta property=\"og:image:height\" content=\"1706\" \/>\n\t<meta property=\"og:image:type\" content=\"image\/jpeg\" \/>\n<meta name=\"twitter:card\" content=\"summary_large_image\" \/>\n<meta name=\"twitter:site\" content=\"@pizza_stick_\" \/>\n<meta name=\"twitter:label1\" content=\"Estimated reading time\" \/>\n\t<meta name=\"twitter:data1\" content=\"5 minutes\" \/>\n<script type=\"application\/ld+json\" class=\"yoast-schema-graph\">{\"@context\":\"https:\\\/\\\/schema.org\",\"@graph\":[{\"@type\":\"WebPage\",\"@id\":\"https:\\\/\\\/pizzastick.es\\\/privacy-policy\\\/\",\"url\":\"https:\\\/\\\/pizzastick.es\\\/privacy-policy\\\/\",\"name\":\"Pol\u00edtica de privacidad - Pizza Stick | Pizzas artesanas para los pizza lovers m\u00e1s exigentes\",\"isPartOf\":{\"@id\":\"https:\\\/\\\/pizzastick.es\\\/#website\"},\"datePublished\":\"2018-10-26T08:31:04+00:00\",\"dateModified\":\"2020-12-29T12:43:16+00:00\",\"breadcrumb\":{\"@id\":\"https:\\\/\\\/pizzastick.es\\\/privacy-policy\\\/#breadcrumb\"},\"inLanguage\":\"en-GB\",\"potentialAction\":[{\"@type\":\"ReadAction\",\"target\":[\"https:\\\/\\\/pizzastick.es\\\/privacy-policy\\\/\"]}]},{\"@type\":\"BreadcrumbList\",\"@id\":\"https:\\\/\\\/pizzastick.es\\\/privacy-policy\\\/#breadcrumb\",\"itemListElement\":[{\"@type\":\"ListItem\",\"position\":1,\"name\":\"Portada\",\"item\":\"https:\\\/\\\/pizzastick.es\\\/\"},{\"@type\":\"ListItem\",\"position\":2,\"name\":\"Pol\u00edtica de privacidad\"}]},{\"@type\":\"WebSite\",\"@id\":\"https:\\\/\\\/pizzastick.es\\\/#website\",\"url\":\"https:\\\/\\\/pizzastick.es\\\/\",\"name\":\"Pizza Stick | Pizzas artesanas para los pizza lovers m\u00e1s exigentes\",\"description\":\"Pizzas artesanales de masa fina y crujientes, hechas 100% al momento. Tres pizzer\u00edas para comer en el local o a domicilio: Puigcerd\u00e1, Bellver y Escadarcs.\",\"publisher\":{\"@id\":\"https:\\\/\\\/pizzastick.es\\\/#organization\"},\"alternateName\":\"Pizza Stick\",\"potentialAction\":[{\"@type\":\"SearchAction\",\"target\":{\"@type\":\"EntryPoint\",\"urlTemplate\":\"https:\\\/\\\/pizzastick.es\\\/?s={search_term_string}\"},\"query-input\":{\"@type\":\"PropertyValueSpecification\",\"valueRequired\":true,\"valueName\":\"search_term_string\"}}],\"inLanguage\":\"en-GB\"},{\"@type\":\"Organization\",\"@id\":\"https:\\\/\\\/pizzastick.es\\\/#organization\",\"name\":\"Pizza Stick\",\"url\":\"https:\\\/\\\/pizzastick.es\\\/\",\"logo\":{\"@type\":\"ImageObject\",\"inLanguage\":\"en-GB\",\"@id\":\"https:\\\/\\\/pizzastick.es\\\/#\\\/schema\\\/logo\\\/image\\\/\",\"url\":\"https:\\\/\\\/pizzastick.es\\\/wp-content\\\/uploads\\\/2024\\\/02\\\/PS_LogoRedondaAmarillo.png\",\"contentUrl\":\"https:\\\/\\\/pizzastick.es\\\/wp-content\\\/uploads\\\/2024\\\/02\\\/PS_LogoRedondaAmarillo.png\",\"width\":329,\"height\":329,\"caption\":\"Pizza Stick\"},\"image\":{\"@id\":\"https:\\\/\\\/pizzastick.es\\\/#\\\/schema\\\/logo\\\/image\\\/\"},\"sameAs\":[\"https:\\\/\\\/www.facebook.com\\\/pizzeriapizzastick\",\"https:\\\/\\\/x.com\\\/pizza_stick_\",\"https:\\\/\\\/instagram.com\\\/pizzeriapizzastick\\\/\"]}]}<\/script>\n<!-- \/ Yoast SEO plugin. -->","yoast_head_json":{"title":"Pol\u00edtica de privacidad - Pizza Stick | Pizzas artesanas para los pizza lovers m\u00e1s exigentes","robots":{"index":"index","follow":"follow","max-snippet":"max-snippet:-1","max-image-preview":"max-image-preview:large","max-video-preview":"max-video-preview:-1"},"canonical":"https:\/\/pizzastick.es\/en\/privacy-policy\/","og_locale":"en_GB","og_type":"article","og_title":"Pol\u00edtica de privacidad - Pizza Stick | Pizzas artesanas para los pizza lovers m\u00e1s exigentes","og_description":"Pol\u00edtica de privacidad En cumplimiento de lo establecido en la LOPD \u2018Ley Org\u00e1nica 15\/1999, de 13 de diciembre\u2019, de Protecci\u00f3n de Datos de Car\u00e1cter Personal, le informamos de que cuantos datos personales nos facilite quedar\u00e1n incorporados y ser\u00e1n tratados en los ficheros titularidad de PIZZA...","og_url":"https:\/\/pizzastick.es\/en\/privacy-policy\/","og_site_name":"Pizza Stick | Pizzas artesanas para los pizza lovers m\u00e1s exigentes","article_publisher":"https:\/\/www.facebook.com\/pizzeriapizzastick","article_modified_time":"2020-12-29T12:43:16+00:00","og_image":[{"width":2560,"height":1706,"url":"https:\/\/pizzastick.es\/wp-content\/uploads\/2023\/06\/local-scaled.jpg","type":"image\/jpeg"}],"twitter_card":"summary_large_image","twitter_site":"@pizza_stick_","twitter_misc":{"Estimated reading time":"5 minutes"},"schema":{"@context":"https:\/\/schema.org","@graph":[{"@type":"WebPage","@id":"https:\/\/pizzastick.es\/privacy-policy\/","url":"https:\/\/pizzastick.es\/privacy-policy\/","name":"Pol\u00edtica de privacidad - Pizza Stick | Pizzas artesanas para los pizza lovers m\u00e1s exigentes","isPartOf":{"@id":"https:\/\/pizzastick.es\/#website"},"datePublished":"2018-10-26T08:31:04+00:00","dateModified":"2020-12-29T12:43:16+00:00","breadcrumb":{"@id":"https:\/\/pizzastick.es\/privacy-policy\/#breadcrumb"},"inLanguage":"en-GB","potentialAction":[{"@type":"ReadAction","target":["https:\/\/pizzastick.es\/privacy-policy\/"]}]},{"@type":"BreadcrumbList","@id":"https:\/\/pizzastick.es\/privacy-policy\/#breadcrumb","itemListElement":[{"@type":"ListItem","position":1,"name":"Portada","item":"https:\/\/pizzastick.es\/"},{"@type":"ListItem","position":2,"name":"Pol\u00edtica de privacidad"}]},{"@type":"WebSite","@id":"https:\/\/pizzastick.es\/#website","url":"https:\/\/pizzastick.es\/","name":"Pizza Stick | Artisan pizzas for discerning pizza lovers","description":"Artisan pizzas with thin, crispy dough, made 100% to order. Three pizzerias to eat on the premises or at home: Puigcerd\u00e1, Bellver and Escadarcs.","publisher":{"@id":"https:\/\/pizzastick.es\/#organization"},"alternateName":"Pizza Stick","potentialAction":[{"@type":"SearchAction","target":{"@type":"EntryPoint","urlTemplate":"https:\/\/pizzastick.es\/?s={search_term_string}"},"query-input":{"@type":"PropertyValueSpecification","valueRequired":true,"valueName":"search_term_string"}}],"inLanguage":"en-GB"},{"@type":"Organization","@id":"https:\/\/pizzastick.es\/#organization","name":"Pizza Stick","url":"https:\/\/pizzastick.es\/","logo":{"@type":"ImageObject","inLanguage":"en-GB","@id":"https:\/\/pizzastick.es\/#\/schema\/logo\/image\/","url":"https:\/\/pizzastick.es\/wp-content\/uploads\/2024\/02\/PS_LogoRedondaAmarillo.png","contentUrl":"https:\/\/pizzastick.es\/wp-content\/uploads\/2024\/02\/PS_LogoRedondaAmarillo.png","width":329,"height":329,"caption":"Pizza Stick"},"image":{"@id":"https:\/\/pizzastick.es\/#\/schema\/logo\/image\/"},"sameAs":["https:\/\/www.facebook.com\/pizzeriapizzastick","https:\/\/x.com\/pizza_stick_","https:\/\/instagram.com\/pizzeriapizzastick\/"]}]}},"_links":{"self":[{"href":"https:\/\/pizzastick.es\/en\/wp-json\/wp\/v2\/pages\/3","targetHints":{"allow":["GET"]}}],"collection":[{"href":"https:\/\/pizzastick.es\/en\/wp-json\/wp\/v2\/pages"}],"about":[{"href":"https:\/\/pizzastick.es\/en\/wp-json\/wp\/v2\/types\/page"}],"author":[{"embeddable":true,"href":"https:\/\/pizzastick.es\/en\/wp-json\/wp\/v2\/users\/1"}],"replies":[{"embeddable":true,"href":"https:\/\/pizzastick.es\/en\/wp-json\/wp\/v2\/comments?post=3"}],"version-history":[{"count":4,"href":"https:\/\/pizzastick.es\/en\/wp-json\/wp\/v2\/pages\/3\/revisions"}],"predecessor-version":[{"id":3174,"href":"https:\/\/pizzastick.es\/en\/wp-json\/wp\/v2\/pages\/3\/revisions\/3174"}],"wp:attachment":[{"href":"https:\/\/pizzastick.es\/en\/wp-json\/wp\/v2\/media?parent=3"}],"curies":[{"name":"wp","href":"https:\/\/api.w.org\/{rel}","templated":true}]}}