{"id":481,"date":"2018-12-06T11:49:35","date_gmt":"2018-12-06T11:49:35","guid":{"rendered":"http:\/\/pizzastick.es\/?page_id=481"},"modified":"2020-02-12T12:54:42","modified_gmt":"2020-02-12T10:54:42","slug":"especial-pizza-dulce-corazon","status":"publish","type":"page","link":"https:\/\/pizzastick.es\/en\/promos-old\/especial-pizza-dulce-corazon\/","title":{"rendered":"Pizza coraz\u00f3n"},"content":{"rendered":"<p>[vc_row css_animation=\u00bb\u00bb row_type=\u00bbrow\u00bb use_row_as_full_screen_section=\u00bbno\u00bb type=\u00bbfull_width\u00bb angled_section=\u00bbno\u00bb text_align=\u00bbleft\u00bb background_image_as_pattern=\u00bbwithout_pattern\u00bb background_image=\u00bb714&#8243; padding_top=\u00bb25&#8243; z_index=\u00bb\u00bb][vc_column][vc_column_text]<\/p>\n<h2 style=\"text-align: center;\"><span style=\"color: #ffffff;\">Endulza tu relaci\u00f3n <\/span><\/h2>\n<h3 style=\"text-align: center;\"><span style=\"color: #ffffff;\">\u00a1con nuestra Pizza Coraz\u00f3n especial para San Valent\u00edn!<\/span><\/h3>\n<p>[\/vc_column_text]<span data-type=\"normal\"  class=\"qode_icon_shortcode  q_font_awsome_icon fa-3x pull-center \" style=\" \"><i class=\"qode_icon_font_awesome fa fa-angle-down qode_icon_element\" style=\"color: #ffffff;\" ><\/i><\/span>[\/vc_column][\/vc_row][vc_row css_animation=\u00bb\u00bb row_type=\u00bbrow\u00bb use_row_as_full_screen_section=\u00bbno\u00bb type=\u00bbgrid\u00bb angled_section=\u00bbno\u00bb text_align=\u00bbleft\u00bb background_image_as_pattern=\u00bbwithout_pattern\u00bb padding_top=\u00bb50&#8243; padding_bottom=\u00bb50&#8243; z_index=\u00bb\u00bb][vc_column width=\u00bb1\/2&#8243;][vc_single_image image=\u00bb1423&#8243; img_size=\u00bbfull\u00bb alignment=\u00bbcenter\u00bb qode_css_animation=\u00bb\u00bb][\/vc_column][vc_column width=\u00bb1\/2&#8243; css=\u00bb.vc_custom_1555495125706{padding: 35px !important;border: 3px dashed #ffd200 !important;}\u00bb][vc_column_text]<\/p>\n<h3 style=\"text-align: left;\">Pon tu toque rom\u00e1ntico durante la semana del amor en Pizza Stick. Porque juntos pod\u00e9is con todo, tu relaci\u00f3n se merece este postre.<\/h3>\n<p>[\/vc_column_text][vc_empty_space][vc_single_image image=\u00bb595&#8243; img_size=\u00bbfull\u00bb alignment=\u00bbcenter\u00bb qode_css_animation=\u00bb\u00bb][vc_empty_space][vc_column_text]<\/p>\n<p style=\"text-align: left;\">Un capricho en forma de postre para regalar o para regalarte &#8230; un merecido premio para esta semana dif\u00edcil, una celebraci\u00f3n para superar un reto \u00a1o sencillamente por qu\u00e9 hoy te toca a ti!<\/p>\n<p style=\"text-align: left;\"><strong>Hemos creado nuestra versi\u00f3n m\u00e1s dulce con una deliciosa masa crujiente en forma de coraz\u00f3n, cubierta con crema de chocolate con avellanas, combinado con fresas y nata.<\/strong><\/p>\n<p>[\/vc_column_text][vc_empty_space][vc_single_image image=\u00bb594&#8243; img_size=\u00bbfull\u00bb alignment=\u00bbcenter\u00bb qode_css_animation=\u00bb\u00bb][vc_empty_space][vc_column_text]<\/p>\n<p style=\"text-align: left;\">Disponible exclusivamente en nuestra pizzer\u00eda las semanas de San Valent\u00edn y Sant Jordi para llevar, a domicilio o en la pizzer\u00eda.<\/p>\n<p style=\"text-align: left;\"><strong>Tenemos los ingredientes perfectos: comparte el momento m\u00e1s tierno cubierto de nata, crema de chocolate con avellanas y &#8230;. \u00a1fresas! mmmm &#8230;.<\/strong><\/p>\n<p>[\/vc_column_text][\/vc_column][\/vc_row][vc_row css_animation=\u00bb\u00bb row_type=\u00bbrow\u00bb use_row_as_full_screen_section=\u00bbno\u00bb type=\u00bbgrid\u00bb angled_section=\u00bbno\u00bb text_align=\u00bbcenter\u00bb background_image_as_pattern=\u00bbwithout_pattern\u00bb background_image=\u00bb289&#8243; padding_top=\u00bb50&#8243; padding_bottom=\u00bb50&#8243; z_index=\u00bb\u00bb css=\u00bb.vc_custom_1556260119463{border-top-width: 3px !important;border-top-color: #ffd200 !important;border-top-style: solid !important;}\u00bb][vc_column width=\u00bb1\/3&#8243;][vc_single_image image=\u00bb815&#8243; alignment=\u00bbcenter\u00bb qode_css_animation=\u00bb\u00bb][vc_empty_space][vc_column_text]<\/p>\n<h3>\u00bfQuieres ser un amigo Pizza Stick?<\/h3>\n<p>Recibe art\u00edculos de inter\u00e9s y mantente al d\u00eda de las promociones suscribi\u00e9ndote a nuestra Newsletter.[\/vc_column_text][vc_empty_space]<a  itemprop=\"url\" href=\"http:\/\/eepurl.com\/3-8s5\" target=\"_blank\" data-hover-background-color='#8a1f03' data-hover-color='#ffffff' class=\"qbutton  medium default\" style=\"color: #8a1f03; background-color: #ffd203;\">Suscr\u00edbete ahora<\/a>[\/vc_column][vc_column width=\u00bb1\/3&#8243;][vc_single_image image=\u00bb814&#8243; alignment=\u00bbcenter\u00bb qode_css_animation=\u00bb\u00bb][vc_empty_space][vc_column_text]<\/p>\n<h3>\u00bfQuieres participar en concursos y estar al d\u00eda?<\/h3>\n<p>No te pierdas ninguna oportunidad, participa en los concursos y sigue nuestro d\u00eda a d\u00eda en <a href=\"https:\/\/www.facebook.com\/pizzeriapizzastick\">Facebook <\/a>o <a href=\"https:\/\/instagram.com\/pizzeriapizzastick\/\">Instagram<\/a>.[\/vc_column_text][vc_empty_space][vc_row_inner row_type=\u00bbrow\u00bb type=\u00bbfull_width\u00bb text_align=\u00bbcenter\u00bb css_animation=\u00bb\u00bb][vc_column_inner width=\u00bb1\/2&#8243;]<a  itemprop=\"url\" href=\"https:\/\/www.facebook.com\/pizzeriapizzastick\" target=\"_blank\" data-hover-background-color='#8a1f03' data-hover-color='#ffffff' class=\"qbutton  medium default\" style=\"color: #8a1f03; background-color: #ffd203;\">S\u00edguenos<i class=\"qode_icon_font_awesome fa fa-facebook qode_button_icon_element\" style=\"\" ><\/i><\/a>[\/vc_column_inner][vc_column_inner width=\u00bb1\/2&#8243;]<a  itemprop=\"url\" href=\"https:\/\/instagram.com\/pizzeriapizzastick\/\" target=\"_blank\" data-hover-background-color='#8a1f03' data-hover-color='#ffffff' class=\"qbutton  medium default\" style=\"color: #8a1f03; background-color: #ffd203;\">S\u00edguenos<i class=\"qode_icon_font_awesome fa fa-instagram qode_button_icon_element\" style=\"\" ><\/i><\/a>[\/vc_column_inner][\/vc_row_inner][\/vc_column][vc_column width=\u00bb1\/3&#8243;][vc_single_image image=\u00bb816&#8243; alignment=\u00bbcenter\u00bb qode_css_animation=\u00bb\u00bb][vc_empty_space][vc_column_text]<\/p>\n<h3>\u00bfTienes alguna duda?<\/h3>\n<p>Para cualquier otra consulta o necesidad, cont\u00e1ctanos por email el siguiente formulario:[\/vc_column_text][vc_empty_space]<a  itemprop=\"url\" href=\"\/contacto\/\" target=\"_self\" data-hover-background-color='#8a1f03' data-hover-color='#ffffff' class=\"qbutton  medium default\" style=\"color: #8a1f03; background-color: #ffd203;\">Contacta ahora<\/a>[\/vc_column][\/vc_row]<\/p>\n","protected":false},"excerpt":{"rendered":"<p>[vc_row css_animation=\u00bb\u00bb row_type=\u00bbrow\u00bb use_row_as_full_screen_section=\u00bbno\u00bb type=\u00bbfull_width\u00bb angled_section=\u00bbno\u00bb text_align=\u00bbleft\u00bb background_image_as_pattern=\u00bbwithout_pattern\u00bb background_image=\u00bb714&#8243; padding_top=\u00bb25&#8243; z_index=\u00bb\u00bb][vc_column][vc_column_text] Endulza tu relaci\u00f3n \u00a1con nuestra Pizza Coraz\u00f3n especial para San Valent\u00edn! [\/vc_column_text][\/vc_column][\/vc_row][vc_row css_animation=\u00bb\u00bb row_type=\u00bbrow\u00bb use_row_as_full_screen_section=\u00bbno\u00bb type=\u00bbgrid\u00bb angled_section=\u00bbno\u00bb text_align=\u00bbleft\u00bb background_image_as_pattern=\u00bbwithout_pattern\u00bb padding_top=\u00bb50&#8243; padding_bottom=\u00bb50&#8243; z_index=\u00bb\u00bb][vc_column width=\u00bb1\/2&#8243;][vc_single_image image=\u00bb1423&#8243; img_size=\u00bbfull\u00bb alignment=\u00bbcenter\u00bb qode_css_animation=\u00bb\u00bb][\/vc_column][vc_column width=\u00bb1\/2&#8243; css=\u00bb.vc_custom_1555495125706{padding: 35px !important;border: 3px dashed #ffd200&#8230;<\/p>\n","protected":false},"author":1,"featured_media":0,"parent":14,"menu_order":0,"comment_status":"closed","ping_status":"closed","template":"full_width.php","meta":{"footnotes":""},"class_list":["post-481","page","type-page","status-publish","hentry"],"yoast_head":"<!-- This site is optimized with the Yoast SEO plugin v27.4 - https:\/\/yoast.com\/product\/yoast-seo-wordpress\/ -->\n<title>Pizza coraz\u00f3n - Pizza Stick | Pizzas artesanas para los pizza lovers m\u00e1s exigentes<\/title>\n<meta name=\"robots\" content=\"index, follow, max-snippet:-1, max-image-preview:large, max-video-preview:-1\" \/>\n<link rel=\"canonical\" href=\"https:\/\/pizzastick.es\/en\/promos-old\/especial-pizza-dulce-corazon\/\" \/>\n<meta property=\"og:locale\" content=\"en_GB\" \/>\n<meta property=\"og:type\" content=\"article\" \/>\n<meta property=\"og:title\" content=\"Pizza coraz\u00f3n - Pizza Stick | Pizzas artesanas para los pizza lovers m\u00e1s exigentes\" \/>\n<meta property=\"og:description\" content=\"[vc_row css_animation=\u00bb\u00bb row_type=\u00bbrow\u00bb use_row_as_full_screen_section=\u00bbno\u00bb type=\u00bbfull_width\u00bb angled_section=\u00bbno\u00bb text_align=\u00bbleft\u00bb background_image_as_pattern=\u00bbwithout_pattern\u00bb background_image=\u00bb714&#8243; padding_top=\u00bb25&#8243; z_index=\u00bb\u00bb][vc_column][vc_column_text] Endulza tu relaci\u00f3n \u00a1con nuestra Pizza Coraz\u00f3n especial para San Valent\u00edn! [\/vc_column_text][\/vc_column][\/vc_row][vc_row css_animation=\u00bb\u00bb row_type=\u00bbrow\u00bb use_row_as_full_screen_section=\u00bbno\u00bb type=\u00bbgrid\u00bb angled_section=\u00bbno\u00bb text_align=\u00bbleft\u00bb background_image_as_pattern=\u00bbwithout_pattern\u00bb padding_top=\u00bb50&#8243; padding_bottom=\u00bb50&#8243; z_index=\u00bb\u00bb][vc_column width=\u00bb1\/2&#8243;][vc_single_image image=\u00bb1423&#8243; img_size=\u00bbfull\u00bb alignment=\u00bbcenter\u00bb qode_css_animation=\u00bb\u00bb][\/vc_column][vc_column width=\u00bb1\/2&#8243; css=\u00bb.vc_custom_1555495125706{padding: 35px !important;border: 3px dashed #ffd200...\" \/>\n<meta property=\"og:url\" content=\"https:\/\/pizzastick.es\/en\/promos-old\/especial-pizza-dulce-corazon\/\" \/>\n<meta property=\"og:site_name\" content=\"Pizza Stick | Pizzas artesanas para los pizza lovers m\u00e1s exigentes\" \/>\n<meta property=\"article:publisher\" content=\"https:\/\/www.facebook.com\/pizzeriapizzastick\" \/>\n<meta property=\"article:modified_time\" content=\"2020-02-12T10:54:42+00:00\" \/>\n<meta property=\"og:image\" content=\"https:\/\/pizzastick.es\/wp-content\/uploads\/2023\/06\/local-scaled.jpg\" \/>\n\t<meta property=\"og:image:width\" content=\"2560\" \/>\n\t<meta property=\"og:image:height\" content=\"1706\" \/>\n\t<meta property=\"og:image:type\" content=\"image\/jpeg\" \/>\n<meta name=\"twitter:card\" content=\"summary_large_image\" \/>\n<meta name=\"twitter:site\" content=\"@pizza_stick_\" \/>\n<meta name=\"twitter:label1\" content=\"Estimated reading time\" \/>\n\t<meta name=\"twitter:data1\" content=\"3 minutes\" \/>\n<script type=\"application\/ld+json\" class=\"yoast-schema-graph\">{\"@context\":\"https:\\\/\\\/schema.org\",\"@graph\":[{\"@type\":\"WebPage\",\"@id\":\"https:\\\/\\\/pizzastick.es\\\/promos-old\\\/especial-pizza-dulce-corazon\\\/\",\"url\":\"https:\\\/\\\/pizzastick.es\\\/promos-old\\\/especial-pizza-dulce-corazon\\\/\",\"name\":\"Pizza coraz\u00f3n - Pizza Stick | Pizzas artesanas para los pizza lovers m\u00e1s exigentes\",\"isPartOf\":{\"@id\":\"https:\\\/\\\/pizzastick.es\\\/#website\"},\"datePublished\":\"2018-12-06T11:49:35+00:00\",\"dateModified\":\"2020-02-12T10:54:42+00:00\",\"breadcrumb\":{\"@id\":\"https:\\\/\\\/pizzastick.es\\\/promos-old\\\/especial-pizza-dulce-corazon\\\/#breadcrumb\"},\"inLanguage\":\"en-GB\",\"potentialAction\":[{\"@type\":\"ReadAction\",\"target\":[\"https:\\\/\\\/pizzastick.es\\\/promos-old\\\/especial-pizza-dulce-corazon\\\/\"]}]},{\"@type\":\"BreadcrumbList\",\"@id\":\"https:\\\/\\\/pizzastick.es\\\/promos-old\\\/especial-pizza-dulce-corazon\\\/#breadcrumb\",\"itemListElement\":[{\"@type\":\"ListItem\",\"position\":1,\"name\":\"Portada\",\"item\":\"https:\\\/\\\/pizzastick.es\\\/\"},{\"@type\":\"ListItem\",\"position\":2,\"name\":\"Promos OLD\",\"item\":\"https:\\\/\\\/pizzastick.es\\\/?page_id=14\"},{\"@type\":\"ListItem\",\"position\":3,\"name\":\"Pizza coraz\u00f3n\"}]},{\"@type\":\"WebSite\",\"@id\":\"https:\\\/\\\/pizzastick.es\\\/#website\",\"url\":\"https:\\\/\\\/pizzastick.es\\\/\",\"name\":\"Pizza Stick | Pizzas artesanas para los pizza lovers m\u00e1s exigentes\",\"description\":\"Pizzas artesanales de masa fina y crujientes, hechas 100% al momento. Tres pizzer\u00edas para comer en el local o a domicilio: Puigcerd\u00e1, Bellver y Escadarcs.\",\"publisher\":{\"@id\":\"https:\\\/\\\/pizzastick.es\\\/#organization\"},\"alternateName\":\"Pizza Stick\",\"potentialAction\":[{\"@type\":\"SearchAction\",\"target\":{\"@type\":\"EntryPoint\",\"urlTemplate\":\"https:\\\/\\\/pizzastick.es\\\/?s={search_term_string}\"},\"query-input\":{\"@type\":\"PropertyValueSpecification\",\"valueRequired\":true,\"valueName\":\"search_term_string\"}}],\"inLanguage\":\"en-GB\"},{\"@type\":\"Organization\",\"@id\":\"https:\\\/\\\/pizzastick.es\\\/#organization\",\"name\":\"Pizza Stick\",\"url\":\"https:\\\/\\\/pizzastick.es\\\/\",\"logo\":{\"@type\":\"ImageObject\",\"inLanguage\":\"en-GB\",\"@id\":\"https:\\\/\\\/pizzastick.es\\\/#\\\/schema\\\/logo\\\/image\\\/\",\"url\":\"https:\\\/\\\/pizzastick.es\\\/wp-content\\\/uploads\\\/2024\\\/02\\\/PS_LogoRedondaAmarillo.png\",\"contentUrl\":\"https:\\\/\\\/pizzastick.es\\\/wp-content\\\/uploads\\\/2024\\\/02\\\/PS_LogoRedondaAmarillo.png\",\"width\":329,\"height\":329,\"caption\":\"Pizza Stick\"},\"image\":{\"@id\":\"https:\\\/\\\/pizzastick.es\\\/#\\\/schema\\\/logo\\\/image\\\/\"},\"sameAs\":[\"https:\\\/\\\/www.facebook.com\\\/pizzeriapizzastick\",\"https:\\\/\\\/x.com\\\/pizza_stick_\",\"https:\\\/\\\/instagram.com\\\/pizzeriapizzastick\\\/\"]}]}<\/script>\n<!-- \/ Yoast SEO plugin. -->","yoast_head_json":{"title":"Pizza coraz\u00f3n - Pizza Stick | Pizzas artesanas para los pizza lovers m\u00e1s exigentes","robots":{"index":"index","follow":"follow","max-snippet":"max-snippet:-1","max-image-preview":"max-image-preview:large","max-video-preview":"max-video-preview:-1"},"canonical":"https:\/\/pizzastick.es\/en\/promos-old\/especial-pizza-dulce-corazon\/","og_locale":"en_GB","og_type":"article","og_title":"Pizza coraz\u00f3n - Pizza Stick | Pizzas artesanas para los pizza lovers m\u00e1s exigentes","og_description":"[vc_row css_animation=\u00bb\u00bb row_type=\u00bbrow\u00bb use_row_as_full_screen_section=\u00bbno\u00bb type=\u00bbfull_width\u00bb angled_section=\u00bbno\u00bb text_align=\u00bbleft\u00bb background_image_as_pattern=\u00bbwithout_pattern\u00bb background_image=\u00bb714&#8243; padding_top=\u00bb25&#8243; z_index=\u00bb\u00bb][vc_column][vc_column_text] Endulza tu relaci\u00f3n \u00a1con nuestra Pizza Coraz\u00f3n especial para San Valent\u00edn! [\/vc_column_text][\/vc_column][\/vc_row][vc_row css_animation=\u00bb\u00bb row_type=\u00bbrow\u00bb use_row_as_full_screen_section=\u00bbno\u00bb type=\u00bbgrid\u00bb angled_section=\u00bbno\u00bb text_align=\u00bbleft\u00bb background_image_as_pattern=\u00bbwithout_pattern\u00bb padding_top=\u00bb50&#8243; padding_bottom=\u00bb50&#8243; z_index=\u00bb\u00bb][vc_column width=\u00bb1\/2&#8243;][vc_single_image image=\u00bb1423&#8243; img_size=\u00bbfull\u00bb alignment=\u00bbcenter\u00bb qode_css_animation=\u00bb\u00bb][\/vc_column][vc_column width=\u00bb1\/2&#8243; css=\u00bb.vc_custom_1555495125706{padding: 35px !important;border: 3px dashed #ffd200...","og_url":"https:\/\/pizzastick.es\/en\/promos-old\/especial-pizza-dulce-corazon\/","og_site_name":"Pizza Stick | Pizzas artesanas para los pizza lovers m\u00e1s exigentes","article_publisher":"https:\/\/www.facebook.com\/pizzeriapizzastick","article_modified_time":"2020-02-12T10:54:42+00:00","og_image":[{"width":2560,"height":1706,"url":"https:\/\/pizzastick.es\/wp-content\/uploads\/2023\/06\/local-scaled.jpg","type":"image\/jpeg"}],"twitter_card":"summary_large_image","twitter_site":"@pizza_stick_","twitter_misc":{"Estimated reading time":"3 minutes"},"schema":{"@context":"https:\/\/schema.org","@graph":[{"@type":"WebPage","@id":"https:\/\/pizzastick.es\/promos-old\/especial-pizza-dulce-corazon\/","url":"https:\/\/pizzastick.es\/promos-old\/especial-pizza-dulce-corazon\/","name":"Pizza coraz\u00f3n - Pizza Stick | Pizzas artesanas para los pizza lovers m\u00e1s exigentes","isPartOf":{"@id":"https:\/\/pizzastick.es\/#website"},"datePublished":"2018-12-06T11:49:35+00:00","dateModified":"2020-02-12T10:54:42+00:00","breadcrumb":{"@id":"https:\/\/pizzastick.es\/promos-old\/especial-pizza-dulce-corazon\/#breadcrumb"},"inLanguage":"en-GB","potentialAction":[{"@type":"ReadAction","target":["https:\/\/pizzastick.es\/promos-old\/especial-pizza-dulce-corazon\/"]}]},{"@type":"BreadcrumbList","@id":"https:\/\/pizzastick.es\/promos-old\/especial-pizza-dulce-corazon\/#breadcrumb","itemListElement":[{"@type":"ListItem","position":1,"name":"Portada","item":"https:\/\/pizzastick.es\/"},{"@type":"ListItem","position":2,"name":"Promos OLD","item":"https:\/\/pizzastick.es\/?page_id=14"},{"@type":"ListItem","position":3,"name":"Pizza coraz\u00f3n"}]},{"@type":"WebSite","@id":"https:\/\/pizzastick.es\/#website","url":"https:\/\/pizzastick.es\/","name":"Pizza Stick | Artisan pizzas for discerning pizza lovers","description":"Artisan pizzas with thin, crispy dough, made 100% to order. Three pizzerias to eat on the premises or at home: Puigcerd\u00e1, Bellver and Escadarcs.","publisher":{"@id":"https:\/\/pizzastick.es\/#organization"},"alternateName":"Pizza Stick","potentialAction":[{"@type":"SearchAction","target":{"@type":"EntryPoint","urlTemplate":"https:\/\/pizzastick.es\/?s={search_term_string}"},"query-input":{"@type":"PropertyValueSpecification","valueRequired":true,"valueName":"search_term_string"}}],"inLanguage":"en-GB"},{"@type":"Organization","@id":"https:\/\/pizzastick.es\/#organization","name":"Pizza Stick","url":"https:\/\/pizzastick.es\/","logo":{"@type":"ImageObject","inLanguage":"en-GB","@id":"https:\/\/pizzastick.es\/#\/schema\/logo\/image\/","url":"https:\/\/pizzastick.es\/wp-content\/uploads\/2024\/02\/PS_LogoRedondaAmarillo.png","contentUrl":"https:\/\/pizzastick.es\/wp-content\/uploads\/2024\/02\/PS_LogoRedondaAmarillo.png","width":329,"height":329,"caption":"Pizza Stick"},"image":{"@id":"https:\/\/pizzastick.es\/#\/schema\/logo\/image\/"},"sameAs":["https:\/\/www.facebook.com\/pizzeriapizzastick","https:\/\/x.com\/pizza_stick_","https:\/\/instagram.com\/pizzeriapizzastick\/"]}]}},"_links":{"self":[{"href":"https:\/\/pizzastick.es\/en\/wp-json\/wp\/v2\/pages\/481","targetHints":{"allow":["GET"]}}],"collection":[{"href":"https:\/\/pizzastick.es\/en\/wp-json\/wp\/v2\/pages"}],"about":[{"href":"https:\/\/pizzastick.es\/en\/wp-json\/wp\/v2\/types\/page"}],"author":[{"embeddable":true,"href":"https:\/\/pizzastick.es\/en\/wp-json\/wp\/v2\/users\/1"}],"replies":[{"embeddable":true,"href":"https:\/\/pizzastick.es\/en\/wp-json\/wp\/v2\/comments?post=481"}],"version-history":[{"count":24,"href":"https:\/\/pizzastick.es\/en\/wp-json\/wp\/v2\/pages\/481\/revisions"}],"predecessor-version":[{"id":2099,"href":"https:\/\/pizzastick.es\/en\/wp-json\/wp\/v2\/pages\/481\/revisions\/2099"}],"up":[{"embeddable":true,"href":"https:\/\/pizzastick.es\/en\/wp-json\/wp\/v2\/pages\/14"}],"wp:attachment":[{"href":"https:\/\/pizzastick.es\/en\/wp-json\/wp\/v2\/media?parent=481"}],"curies":[{"name":"wp","href":"https:\/\/api.w.org\/{rel}","templated":true}]}}