{"id":7205,"date":"2025-06-16T10:12:43","date_gmt":"2025-06-16T08:12:43","guid":{"rendered":"https:\/\/pizzastick.es\/?page_id=7205"},"modified":"2025-10-13T11:33:53","modified_gmt":"2025-10-13T09:33:53","slug":"ser-amic-pizza-stick","status":"publish","type":"page","link":"https:\/\/pizzastick.es\/en\/ser-amic-pizza-stick\/","title":{"rendered":"PizzaStick friends"},"content":{"rendered":"<div data-elementor-type=\"wp-page\" data-elementor-id=\"7205\" class=\"elementor elementor-7205\" data-elementor-post-type=\"page\">\n\t\t\t\t<div class=\"elementor-element elementor-element-16e2b3c e-con-full e-flex e-con e-parent\" data-id=\"16e2b3c\" data-element_type=\"container\" data-e-type=\"container\" data-settings=\"{&quot;background_background&quot;:&quot;classic&quot;}\">\n\t\t\t\t<div class=\"elementor-element elementor-element-2f54bdd elementor-widget elementor-widget-heading\" data-id=\"2f54bdd\" data-element_type=\"widget\" data-e-type=\"widget\" data-widget_type=\"heading.default\">\n\t\t\t\t\t<h2 class=\"elementor-heading-title elementor-size-default\">\ud83d\udc49 Become an AMIC and experience great moments with us \ud83c\udf55<\/h2>\t\t\t\t<\/div>\n\t\t\t\t<div class=\"elementor-element elementor-element-269153d elementor-widget elementor-widget-text-editor\" data-id=\"269153d\" data-element_type=\"widget\" data-e-type=\"widget\" data-widget_type=\"text-editor.default\">\n\t\t\t\t\t\t\t\t\t<p style=\"text-align: center;\"><span style=\"color: #ffffff;\"><strong data-start=\"439\" data-end=\"463\">Being AMIC Pizza Stick<\/strong> is the easiest way to enjoy discounts, promotions and rounded moments without the hassle.<\/span><\/p>\t\t\t\t\t\t\t\t<\/div>\n\t\t\t\t<\/div>\n\t\t<div class=\"elementor-element elementor-element-46ff406 e-flex e-con-boxed e-con e-parent\" data-id=\"46ff406\" data-element_type=\"container\" data-e-type=\"container\">\n\t\t\t\t\t<div class=\"e-con-inner\">\n\t\t<div class=\"elementor-element elementor-element-bd5394c e-con-full e-flex e-con e-child\" data-id=\"bd5394c\" data-element_type=\"container\" data-e-type=\"container\" data-settings=\"{&quot;background_background&quot;:&quot;classic&quot;}\">\n\t\t\t\t<div class=\"elementor-element elementor-element-91bc526 elementor-widget elementor-widget-heading\" data-id=\"91bc526\" data-element_type=\"widget\" data-e-type=\"widget\" data-widget_type=\"heading.default\">\n\t\t\t\t\t<h3 class=\"elementor-heading-title elementor-size-default\">Less hassle. More pizza.\nThat's what it's like to be part of the AMIC Pizza Stick family \ud83d\udda4.<\/h3>\t\t\t\t<\/div>\n\t\t\t\t<div class=\"elementor-element elementor-element-1ab1d48 elementor-widget__width-initial elementor-widget elementor-widget-text-editor\" data-id=\"1ab1d48\" data-element_type=\"widget\" data-e-type=\"widget\" data-widget_type=\"text-editor.default\">\n\t\t\t\t\t\t\t\t\t<ul><li data-start=\"1166\" data-end=\"1217\">\ud83d\udcc6 <strong data-start=\"1169\" data-end=\"1215\">Exclusive promotions every 20th of the month<\/strong><\/li><li class=\"\" data-start=\"1218\" data-end=\"1278\"><p class=\"\" data-start=\"1220\" data-end=\"1278\">\ud83e\uddfe <strong data-start=\"1223\" data-end=\"1249\">Automatic discounts<\/strong> when ordering at your Pizza Stick<\/p><\/li><li class=\"\" data-start=\"1279\" data-end=\"1375\"><p class=\"\" data-start=\"1281\" data-end=\"1375\">I \u2764\ufe0f <strong data-start=\"1284\" data-end=\"1342\">Wednesday with your large pizza for the price of a small one<\/strong> (<em data-start=\"1344\" data-end=\"1372\">except public holidays, long weekends and holidays<\/em>)<\/p><\/li><li class=\"\" data-start=\"1376\" data-end=\"1443\"><p class=\"\" data-start=\"1378\" data-end=\"1443\">\ud83c\udf82 <strong data-start=\"1381\" data-end=\"1443\">And if you turn 20 in 2025... we'll give you La Veintea\u00f1era!<\/strong><\/p><\/li><li data-start=\"1376\" data-end=\"1443\">\ud83d\udc49 Do you want to know how this system was born?<br data-start=\"1244\" data-end=\"1247\" \/>Read more in our <a class=\"\" href=\"https:\/\/pizzastick.es\/en\/esistema-fidelizacion-amic-pizza-stick\/\" target=\"_new\" rel=\"noopener\" data-start=\"1268\" data-end=\"1365\">blog on the new AMIC system<\/a><\/li><\/ul>\t\t\t\t\t\t\t\t<\/div>\n\t\t\t\t<div class=\"elementor-element elementor-element-d75b5d8 elementor-widget elementor-widget-text-editor\" data-id=\"d75b5d8\" data-element_type=\"widget\" data-e-type=\"widget\" data-widget_type=\"text-editor.default\">\n\t\t\t\t\t\t\t\t\t<h2 class=\"\" style=\"text-align: left;\" data-start=\"1450\" data-end=\"1482\">\ud83d\udd01 Did you have accumulated points?<\/h2><p class=\"\" data-start=\"1484\" data-end=\"1690\">\ud83c\udf89 Good news!<br data-start=\"1504\" data-end=\"1507\" \/><strong data-start=\"1507\" data-end=\"1561\">Your points have been transformed into discount vouchers.<\/strong><\/p><p class=\"\" data-start=\"1484\" data-end=\"1690\"><b><br data-start=\"1561\" data-end=\"1564\" \/><\/b>You can pick them up at your favourite Pizza Stick and use them as you wish in your orders, just ask our team and they will help you without any problems!<br data-start=\"1648\" data-end=\"1651\" \/><strong>\ud83d\udd52 <em data-start=\"1654\" data-end=\"1690\">Validity: 05\/07\/2025<\/em><\/strong><\/p>\t\t\t\t\t\t\t\t<\/div>\n\t\t\t\t<div class=\"elementor-element elementor-element-a742e7d elementor-align-justify elementor-widget__width-inherit elementor-widget elementor-widget-button\" data-id=\"a742e7d\" data-element_type=\"widget\" data-e-type=\"widget\" data-widget_type=\"button.default\">\n\t\t\t\t\t\t\t\t\t\t<a class=\"elementor-button elementor-button-link elementor-size-lg\" href=\"http:\/\/eepurl.com\/c9MFLH\">\n\t\t\t\t\t\t<span class=\"elementor-button-content-wrapper\">\n\t\t\t\t\t\t\t\t\t<span class=\"elementor-button-text\">\ud83d\udc49 Become an AMIC now<\/span>\n\t\t\t\t\t<\/span>\n\t\t\t\t\t<\/a>\n\t\t\t\t\t\t\t\t<\/div>\n\t\t\t\t<\/div>\n\t\t<div class=\"elementor-element elementor-element-f569781 e-con-full e-flex e-con e-child\" data-id=\"f569781\" data-element_type=\"container\" data-e-type=\"container\" data-settings=\"{&quot;background_background&quot;:&quot;classic&quot;}\">\n\t\t<div class=\"elementor-element elementor-element-1ebe907 e-con-full e-flex e-con e-child\" data-id=\"1ebe907\" data-element_type=\"container\" data-e-type=\"container\" data-settings=\"{&quot;background_background&quot;:&quot;classic&quot;}\">\n\t\t\t\t<div class=\"elementor-element elementor-element-f474302 elementor-widget elementor-widget-heading\" data-id=\"f474302\" data-element_type=\"widget\" data-e-type=\"widget\" data-widget_type=\"heading.default\">\n\t\t\t\t\t<h2 class=\"elementor-heading-title elementor-size-default\">\ud83c\udf81 What do you gain from being an AMIC?<\/h2>\t\t\t\t<\/div>\n\t\t\t\t<div class=\"elementor-element elementor-element-c32c44a elementor-widget elementor-widget-text-editor\" data-id=\"c32c44a\" data-element_type=\"widget\" data-e-type=\"widget\" data-widget_type=\"text-editor.default\">\n\t\t\t\t\t\t\t\t\t<ol><li>Subscribe to the form below to become a Pizza Stick AMIC.\u00a0<\/li><li><strong>Identify yourself at the counter<\/strong> so that our team can access your file and you can access the corresponding promotional discount.<\/li><li><b>Automatic discount on your purchase.<\/b><\/li><\/ol>\t\t\t\t\t\t\t\t<\/div>\n\t\t\t\t<div class=\"elementor-element elementor-element-8952974 elementor-align-justify elementor-widget__width-inherit elementor-widget elementor-widget-button\" data-id=\"8952974\" data-element_type=\"widget\" data-e-type=\"widget\" data-widget_type=\"button.default\">\n\t\t\t\t\t\t\t\t\t\t<a class=\"elementor-button elementor-button-link elementor-size-lg\" href=\"http:\/\/eepurl.com\/c9MFLH\">\n\t\t\t\t\t\t<span class=\"elementor-button-content-wrapper\">\n\t\t\t\t\t\t\t\t\t<span class=\"elementor-button-text\">\ud83d\udc49 Become an AMIC now<\/span>\n\t\t\t\t\t<\/span>\n\t\t\t\t\t<\/a>\n\t\t\t\t\t\t\t\t<\/div>\n\t\t\t\t<div class=\"elementor-element elementor-element-911daa3 elementor-widget elementor-widget-image\" data-id=\"911daa3\" data-element_type=\"widget\" data-e-type=\"widget\" data-widget_type=\"image.default\">\n\t\t\t\t\t\t\t\t\t\t\t\t\t\t\t<img loading=\"lazy\" decoding=\"async\" width=\"732\" height=\"1024\" src=\"https:\/\/pizzastick.es\/wp-content\/uploads\/2025\/05\/Mesa-de-trabajo-1-732x1024.png\" class=\"attachment-large size-large wp-image-7186\" alt=\"Promoci\u00f3n sistema de fidelizacion Amic pizza Stick\" srcset=\"https:\/\/pizzastick.es\/wp-content\/uploads\/2025\/05\/Mesa-de-trabajo-1-732x1024.png 732w, https:\/\/pizzastick.es\/wp-content\/uploads\/2025\/05\/Mesa-de-trabajo-1-214x300.png 214w, https:\/\/pizzastick.es\/wp-content\/uploads\/2025\/05\/Mesa-de-trabajo-1-768x1074.png 768w, https:\/\/pizzastick.es\/wp-content\/uploads\/2025\/05\/Mesa-de-trabajo-1-700x979.png 700w, https:\/\/pizzastick.es\/wp-content\/uploads\/2025\/05\/Mesa-de-trabajo-1.png 872w\" sizes=\"auto, (max-width: 732px) 100vw, 732px\" \/>\t\t\t\t\t\t\t\t\t\t\t\t\t\t\t<\/div>\n\t\t\t\t<\/div>\n\t\t\t\t<\/div>\n\t\t\t\t\t<\/div>\n\t\t\t\t<\/div>\n\t\t<div class=\"elementor-element elementor-element-c1fd94b e-flex e-con-boxed e-con e-parent\" data-id=\"c1fd94b\" data-element_type=\"container\" data-e-type=\"container\" data-settings=\"{&quot;background_background&quot;:&quot;classic&quot;}\">\n\t\t\t\t\t<div class=\"e-con-inner\">\n\t\t\t\t<div class=\"elementor-element elementor-element-6e8c5d1 elementor-widget elementor-widget-text-editor\" data-id=\"6e8c5d1\" data-element_type=\"widget\" data-e-type=\"widget\" data-widget_type=\"text-editor.default\">\n\t\t\t\t\t\t\t\t\t<div style=\"font-size: 13px; color: #666; line-height: 1.6em;\"><p><span style=\"color: #ffffff;\"><strong>**Programme conditions and promotions:<\/strong><\/span><\/p><p><span style=\"color: #ffffff;\">- The <strong>discount vouchers<\/strong> generated from old points are personal, non-accumulative and must be collected at your usual Pizza Stick. <\/span><br \/><span style=\"color: #ffffff;\">\u2013 La <strong>promo \u00abI LOVE WEDNESDAY\u00bb.\u00bb<\/strong> (large pizza for the price of a small pizza) is valid only for AMICS, on site or for collection. Does not apply on public holidays, school holidays or long weekends. <\/span><br \/><span style=\"color: #ffffff;\">\u2013 La <strong>free pizza \u00abLa Veintea\u00f1era\u00bb<\/strong> is offered to AMIC customers who turn 20 during the year 2025. You will need to present your ID card at the shop. <\/span><br \/><span style=\"color: #ffffff;\">- Promotions are <strong>subject to availability<\/strong> and are not combinable with other offers or coupons. <\/span><br \/><span style=\"color: #ffffff;\">- We reserve the right to modify or cancel promotions without prior notice. <\/span><\/p><p><span style=\"color: #ffffff;\">For more information, you can ask at your local Pizza Stick pizzeria or write to us at <a style=\"color: #ffffff;\" href=\"mailto:info@pizzastick.es\">info@pizzastick.es<\/a>.<\/span><\/p><\/div>\t\t\t\t\t\t\t\t<\/div>\n\t\t\t\t\t<\/div>\n\t\t\t\t<\/div>\n\t\t\t\t<\/div>","protected":false},"excerpt":{"rendered":"<p>\ud83d\udc49 Hazte AMIC y vive momentos redondos con nosotros \ud83c\udf55 Ser AMIC Pizza Stick es la forma m\u00e1s f\u00e1cil de disfrutar de descuentos, promos y momentos redondos sin complicaciones. Menos complicaciones. M\u00e1s pizza. As\u00ed es formar parte de la familia AMIC de Pizza Stick \ud83d\udda4&#8230;<\/p>","protected":false},"author":3,"featured_media":0,"parent":0,"menu_order":0,"comment_status":"closed","ping_status":"closed","template":"elementor_header_footer","meta":{"footnotes":""},"class_list":["post-7205","page","type-page","status-publish","hentry"],"yoast_head":"<!-- This site is optimized with the Yoast SEO plugin v27.4 - https:\/\/yoast.com\/product\/yoast-seo-wordpress\/ -->\n<title>Ser AMIC Pizza Stick | Ventajas, promos y momentos redondos \ud83c\udf55<\/title>\n<meta name=\"description\" content=\"Ser AMIC de Pizza Stick es disfrutar de descuentos, promos y momentos redondos. Hazte AMIC y empieza a saborear los beneficios. \ud83c\udf55\" \/>\n<meta name=\"robots\" content=\"index, follow, max-snippet:-1, max-image-preview:large, max-video-preview:-1\" \/>\n<link rel=\"canonical\" href=\"https:\/\/pizzastick.es\/en\/ser-amic-pizza-stick\/\" \/>\n<meta property=\"og:locale\" content=\"en_GB\" \/>\n<meta property=\"og:type\" content=\"article\" \/>\n<meta property=\"og:title\" content=\"Ser AMIC Pizza Stick | Ventajas, promos y momentos redondos \ud83c\udf55\" \/>\n<meta property=\"og:description\" content=\"Ser AMIC de Pizza Stick es disfrutar de descuentos, promos y momentos redondos. Hazte AMIC y empieza a saborear los beneficios. \ud83c\udf55\" \/>\n<meta property=\"og:url\" content=\"https:\/\/pizzastick.es\/en\/ser-amic-pizza-stick\/\" \/>\n<meta property=\"og:site_name\" content=\"Pizza Stick | Pizzas artesanas para los pizza lovers m\u00e1s exigentes\" \/>\n<meta property=\"article:publisher\" content=\"https:\/\/www.facebook.com\/pizzeriapizzastick\" \/>\n<meta property=\"article:modified_time\" content=\"2025-10-13T09:33:53+00:00\" \/>\n<meta property=\"og:image\" content=\"https:\/\/pizzastick.es\/wp-content\/uploads\/2025\/05\/Mesa-de-trabajo-1.png\" \/>\n\t<meta property=\"og:image:width\" content=\"872\" \/>\n\t<meta property=\"og:image:height\" content=\"1220\" \/>\n\t<meta property=\"og:image:type\" content=\"image\/png\" \/>\n<meta name=\"twitter:card\" content=\"summary_large_image\" \/>\n<meta name=\"twitter:site\" content=\"@pizza_stick_\" \/>\n<meta name=\"twitter:label1\" content=\"Estimated reading time\" \/>\n\t<meta name=\"twitter:data1\" content=\"5 minutes\" \/>\n<script type=\"application\/ld+json\" class=\"yoast-schema-graph\">{\"@context\":\"https:\\\/\\\/schema.org\",\"@graph\":[{\"@type\":\"WebPage\",\"@id\":\"https:\\\/\\\/pizzastick.es\\\/ser-amic-pizza-stick\\\/\",\"url\":\"https:\\\/\\\/pizzastick.es\\\/ser-amic-pizza-stick\\\/\",\"name\":\"Ser AMIC Pizza Stick | Ventajas, promos y momentos redondos \ud83c\udf55\",\"isPartOf\":{\"@id\":\"https:\\\/\\\/pizzastick.es\\\/#website\"},\"primaryImageOfPage\":{\"@id\":\"https:\\\/\\\/pizzastick.es\\\/ser-amic-pizza-stick\\\/#primaryimage\"},\"image\":{\"@id\":\"https:\\\/\\\/pizzastick.es\\\/ser-amic-pizza-stick\\\/#primaryimage\"},\"thumbnailUrl\":\"https:\\\/\\\/pizzastick.es\\\/wp-content\\\/uploads\\\/2025\\\/05\\\/Mesa-de-trabajo-1-732x1024.png\",\"datePublished\":\"2025-06-16T08:12:43+00:00\",\"dateModified\":\"2025-10-13T09:33:53+00:00\",\"description\":\"Ser AMIC de Pizza Stick es disfrutar de descuentos, promos y momentos redondos. Hazte AMIC y empieza a saborear los beneficios. \ud83c\udf55\",\"breadcrumb\":{\"@id\":\"https:\\\/\\\/pizzastick.es\\\/ser-amic-pizza-stick\\\/#breadcrumb\"},\"inLanguage\":\"en-GB\",\"potentialAction\":[{\"@type\":\"ReadAction\",\"target\":[\"https:\\\/\\\/pizzastick.es\\\/ser-amic-pizza-stick\\\/\"]}]},{\"@type\":\"ImageObject\",\"inLanguage\":\"en-GB\",\"@id\":\"https:\\\/\\\/pizzastick.es\\\/ser-amic-pizza-stick\\\/#primaryimage\",\"url\":\"https:\\\/\\\/pizzastick.es\\\/wp-content\\\/uploads\\\/2025\\\/05\\\/Mesa-de-trabajo-1-732x1024.png\",\"contentUrl\":\"https:\\\/\\\/pizzastick.es\\\/wp-content\\\/uploads\\\/2025\\\/05\\\/Mesa-de-trabajo-1-732x1024.png\"},{\"@type\":\"BreadcrumbList\",\"@id\":\"https:\\\/\\\/pizzastick.es\\\/ser-amic-pizza-stick\\\/#breadcrumb\",\"itemListElement\":[{\"@type\":\"ListItem\",\"position\":1,\"name\":\"Portada\",\"item\":\"https:\\\/\\\/pizzastick.es\\\/\"},{\"@type\":\"ListItem\",\"position\":2,\"name\":\"Amigos PizzaStick\"}]},{\"@type\":\"WebSite\",\"@id\":\"https:\\\/\\\/pizzastick.es\\\/#website\",\"url\":\"https:\\\/\\\/pizzastick.es\\\/\",\"name\":\"Pizza Stick | Pizzas artesanas para los pizza lovers m\u00e1s exigentes\",\"description\":\"Pizzas artesanales de masa fina y crujientes, hechas 100% al momento. Tres pizzer\u00edas para comer en el local o a domicilio: Puigcerd\u00e1, Bellver y Escadarcs.\",\"publisher\":{\"@id\":\"https:\\\/\\\/pizzastick.es\\\/#organization\"},\"alternateName\":\"Pizza Stick\",\"potentialAction\":[{\"@type\":\"SearchAction\",\"target\":{\"@type\":\"EntryPoint\",\"urlTemplate\":\"https:\\\/\\\/pizzastick.es\\\/?s={search_term_string}\"},\"query-input\":{\"@type\":\"PropertyValueSpecification\",\"valueRequired\":true,\"valueName\":\"search_term_string\"}}],\"inLanguage\":\"en-GB\"},{\"@type\":\"Organization\",\"@id\":\"https:\\\/\\\/pizzastick.es\\\/#organization\",\"name\":\"Pizza Stick\",\"url\":\"https:\\\/\\\/pizzastick.es\\\/\",\"logo\":{\"@type\":\"ImageObject\",\"inLanguage\":\"en-GB\",\"@id\":\"https:\\\/\\\/pizzastick.es\\\/#\\\/schema\\\/logo\\\/image\\\/\",\"url\":\"https:\\\/\\\/pizzastick.es\\\/wp-content\\\/uploads\\\/2024\\\/02\\\/PS_LogoRedondaAmarillo.png\",\"contentUrl\":\"https:\\\/\\\/pizzastick.es\\\/wp-content\\\/uploads\\\/2024\\\/02\\\/PS_LogoRedondaAmarillo.png\",\"width\":329,\"height\":329,\"caption\":\"Pizza Stick\"},\"image\":{\"@id\":\"https:\\\/\\\/pizzastick.es\\\/#\\\/schema\\\/logo\\\/image\\\/\"},\"sameAs\":[\"https:\\\/\\\/www.facebook.com\\\/pizzeriapizzastick\",\"https:\\\/\\\/x.com\\\/pizza_stick_\",\"https:\\\/\\\/instagram.com\\\/pizzeriapizzastick\\\/\"]}]}<\/script>\n<!-- \/ Yoast SEO plugin. -->","yoast_head_json":{"title":"Ser AMIC Pizza Stick | Ventajas, promos y momentos redondos \ud83c\udf55","description":"Ser AMIC de Pizza Stick es disfrutar de descuentos, promos y momentos redondos. Hazte AMIC y empieza a saborear los beneficios. \ud83c\udf55","robots":{"index":"index","follow":"follow","max-snippet":"max-snippet:-1","max-image-preview":"max-image-preview:large","max-video-preview":"max-video-preview:-1"},"canonical":"https:\/\/pizzastick.es\/en\/ser-amic-pizza-stick\/","og_locale":"en_GB","og_type":"article","og_title":"Ser AMIC Pizza Stick | Ventajas, promos y momentos redondos \ud83c\udf55","og_description":"Ser AMIC de Pizza Stick es disfrutar de descuentos, promos y momentos redondos. Hazte AMIC y empieza a saborear los beneficios. \ud83c\udf55","og_url":"https:\/\/pizzastick.es\/en\/ser-amic-pizza-stick\/","og_site_name":"Pizza Stick | Pizzas artesanas para los pizza lovers m\u00e1s exigentes","article_publisher":"https:\/\/www.facebook.com\/pizzeriapizzastick","article_modified_time":"2025-10-13T09:33:53+00:00","og_image":[{"width":872,"height":1220,"url":"https:\/\/pizzastick.es\/wp-content\/uploads\/2025\/05\/Mesa-de-trabajo-1.png","type":"image\/png"}],"twitter_card":"summary_large_image","twitter_site":"@pizza_stick_","twitter_misc":{"Estimated reading time":"5 minutes"},"schema":{"@context":"https:\/\/schema.org","@graph":[{"@type":"WebPage","@id":"https:\/\/pizzastick.es\/ser-amic-pizza-stick\/","url":"https:\/\/pizzastick.es\/ser-amic-pizza-stick\/","name":"Ser AMIC Pizza Stick | Ventajas, promos y momentos redondos \ud83c\udf55","isPartOf":{"@id":"https:\/\/pizzastick.es\/#website"},"primaryImageOfPage":{"@id":"https:\/\/pizzastick.es\/ser-amic-pizza-stick\/#primaryimage"},"image":{"@id":"https:\/\/pizzastick.es\/ser-amic-pizza-stick\/#primaryimage"},"thumbnailUrl":"https:\/\/pizzastick.es\/wp-content\/uploads\/2025\/05\/Mesa-de-trabajo-1-732x1024.png","datePublished":"2025-06-16T08:12:43+00:00","dateModified":"2025-10-13T09:33:53+00:00","description":"Ser AMIC de Pizza Stick es disfrutar de descuentos, promos y momentos redondos. Hazte AMIC y empieza a saborear los beneficios. \ud83c\udf55","breadcrumb":{"@id":"https:\/\/pizzastick.es\/ser-amic-pizza-stick\/#breadcrumb"},"inLanguage":"en-GB","potentialAction":[{"@type":"ReadAction","target":["https:\/\/pizzastick.es\/ser-amic-pizza-stick\/"]}]},{"@type":"ImageObject","inLanguage":"en-GB","@id":"https:\/\/pizzastick.es\/ser-amic-pizza-stick\/#primaryimage","url":"https:\/\/pizzastick.es\/wp-content\/uploads\/2025\/05\/Mesa-de-trabajo-1-732x1024.png","contentUrl":"https:\/\/pizzastick.es\/wp-content\/uploads\/2025\/05\/Mesa-de-trabajo-1-732x1024.png"},{"@type":"BreadcrumbList","@id":"https:\/\/pizzastick.es\/ser-amic-pizza-stick\/#breadcrumb","itemListElement":[{"@type":"ListItem","position":1,"name":"Portada","item":"https:\/\/pizzastick.es\/"},{"@type":"ListItem","position":2,"name":"Amigos PizzaStick"}]},{"@type":"WebSite","@id":"https:\/\/pizzastick.es\/#website","url":"https:\/\/pizzastick.es\/","name":"Pizza Stick | Artisan pizzas for discerning pizza lovers","description":"Artisan pizzas with thin, crispy dough, made 100% to order. Three pizzerias to eat on the premises or at home: Puigcerd\u00e1, Bellver and Escadarcs.","publisher":{"@id":"https:\/\/pizzastick.es\/#organization"},"alternateName":"Pizza Stick","potentialAction":[{"@type":"SearchAction","target":{"@type":"EntryPoint","urlTemplate":"https:\/\/pizzastick.es\/?s={search_term_string}"},"query-input":{"@type":"PropertyValueSpecification","valueRequired":true,"valueName":"search_term_string"}}],"inLanguage":"en-GB"},{"@type":"Organization","@id":"https:\/\/pizzastick.es\/#organization","name":"Pizza Stick","url":"https:\/\/pizzastick.es\/","logo":{"@type":"ImageObject","inLanguage":"en-GB","@id":"https:\/\/pizzastick.es\/#\/schema\/logo\/image\/","url":"https:\/\/pizzastick.es\/wp-content\/uploads\/2024\/02\/PS_LogoRedondaAmarillo.png","contentUrl":"https:\/\/pizzastick.es\/wp-content\/uploads\/2024\/02\/PS_LogoRedondaAmarillo.png","width":329,"height":329,"caption":"Pizza Stick"},"image":{"@id":"https:\/\/pizzastick.es\/#\/schema\/logo\/image\/"},"sameAs":["https:\/\/www.facebook.com\/pizzeriapizzastick","https:\/\/x.com\/pizza_stick_","https:\/\/instagram.com\/pizzeriapizzastick\/"]}]}},"_links":{"self":[{"href":"https:\/\/pizzastick.es\/en\/wp-json\/wp\/v2\/pages\/7205","targetHints":{"allow":["GET"]}}],"collection":[{"href":"https:\/\/pizzastick.es\/en\/wp-json\/wp\/v2\/pages"}],"about":[{"href":"https:\/\/pizzastick.es\/en\/wp-json\/wp\/v2\/types\/page"}],"author":[{"embeddable":true,"href":"https:\/\/pizzastick.es\/en\/wp-json\/wp\/v2\/users\/3"}],"replies":[{"embeddable":true,"href":"https:\/\/pizzastick.es\/en\/wp-json\/wp\/v2\/comments?post=7205"}],"version-history":[{"count":19,"href":"https:\/\/pizzastick.es\/en\/wp-json\/wp\/v2\/pages\/7205\/revisions"}],"predecessor-version":[{"id":7422,"href":"https:\/\/pizzastick.es\/en\/wp-json\/wp\/v2\/pages\/7205\/revisions\/7422"}],"wp:attachment":[{"href":"https:\/\/pizzastick.es\/en\/wp-json\/wp\/v2\/media?parent=7205"}],"curies":[{"name":"wp","href":"https:\/\/api.w.org\/{rel}","templated":true}]}}