{"id":2621,"date":"2020-07-28T13:44:13","date_gmt":"2020-07-28T11:44:13","guid":{"rendered":"https:\/\/pizzastick.es\/home-delivery-take-away\/"},"modified":"2021-09-27T14:09:49","modified_gmt":"2021-09-27T12:09:49","slug":"home-delivery-take-away","status":"publish","type":"page","link":"https:\/\/pizzastick.es\/fr\/home-delivery-take-away\/","title":{"rendered":"Home Delivery \/ Take away"},"content":{"rendered":"<div data-elementor-type=\"wp-page\" data-elementor-id=\"2621\" class=\"elementor elementor-2621\" data-elementor-post-type=\"page\">\n\t\t\t\t\t\t<section class=\"elementor-section elementor-top-section elementor-element elementor-element-74ad5d2 elementor-section-stretched elementor-section-content-middle elementor-section-boxed elementor-section-height-default elementor-section-height-default parallax_section_no qode_elementor_container_no\" data-id=\"74ad5d2\" data-element_type=\"section\" data-e-type=\"section\" data-settings=\"{&quot;stretch_section&quot;:&quot;section-stretched&quot;}\">\n\t\t\t\t\t\t<div class=\"elementor-container elementor-column-gap-default\">\n\t\t\t\t\t<div class=\"elementor-column elementor-col-25 elementor-top-column elementor-element elementor-element-834bc3c\" data-id=\"834bc3c\" data-element_type=\"column\" data-e-type=\"column\">\n\t\t\t<div class=\"elementor-widget-wrap elementor-element-populated\">\n\t\t\t\t\t\t<div class=\"elementor-element elementor-element-9c09c4e elementor-widget elementor-widget-heading\" data-id=\"9c09c4e\" data-element_type=\"widget\" data-e-type=\"widget\" data-widget_type=\"heading.default\">\n\t\t\t\t\t<h3 class=\"elementor-heading-title elementor-size-default\">Choisissez la pizzeria la plus proche<\/h3>\t\t\t\t<\/div>\n\t\t\t\t<div class=\"elementor-element elementor-element-d52babe elementor-widget elementor-widget-text-editor\" data-id=\"d52babe\" data-element_type=\"widget\" data-e-type=\"widget\" data-widget_type=\"text-editor.default\">\n\t\t\t\t\t\t\t\t\t<p>Notre <strong>Pizza Stick pizzerias \u00e0 Puigcerd\u00e0, Bellver de Cerdanya et Escadarcs<\/strong> proposent un service de livraison \u00e0 domicile. V\u00e9rifiez les espaces et les conditions de chaque pizzeria. N'h\u00e9sitez pas \u00e0 nous appeler pour passer votre commande, nous nous ferons un plaisir de vous la livrer !<\/p><p>Nous proposons \u00e9galement un service de commande \u00e0 emporter ou vous pouvez r\u00e9server une table \u00e0 l'int\u00e9rieur ou sur la terrasse.<\/p><p>\u00a0<\/p><p><a style=\"background-color: #ffd200; padding: 18px; text-align: center; fill: #8a1f03; width: 333.328px; font-family: 'Source Sans Pro', sans-serif; font-weight: bold; text-transform: uppercase; letter-spacing: 1px;\" role=\"button\" href=\"https:\/\/pizzastick.es\/fr\/pedidos\/\">COMMANDER EN LIGNE<\/a><\/p>\t\t\t\t\t\t\t\t<\/div>\n\t\t\t\t\t<\/div>\n\t\t<\/div>\n\t\t\t\t<div class=\"elementor-column elementor-col-25 elementor-top-column elementor-element elementor-element-60b6ac6\" data-id=\"60b6ac6\" data-element_type=\"column\" data-e-type=\"column\" data-settings=\"{&quot;background_background&quot;:&quot;classic&quot;}\">\n\t\t\t<div class=\"elementor-widget-wrap elementor-element-populated\">\n\t\t\t\t\t\t<div class=\"elementor-element elementor-element-cbbee59 elementor-widget elementor-widget-image\" data-id=\"cbbee59\" data-element_type=\"widget\" data-e-type=\"widget\" data-widget_type=\"image.default\">\n\t\t\t\t\t\t\t\t\t\t\t\t\t\t\t<img loading=\"lazy\" decoding=\"async\" width=\"1000\" height=\"750\" src=\"https:\/\/pizzastick.es\/wp-content\/uploads\/2020\/05\/pizzeria-pizza-stick-puigcerda-cerdanya-24.jpg\" class=\"attachment-large size-large wp-image-2177\" alt=\"\" srcset=\"https:\/\/pizzastick.es\/wp-content\/uploads\/2020\/05\/pizzeria-pizza-stick-puigcerda-cerdanya-24.jpg 1000w, https:\/\/pizzastick.es\/wp-content\/uploads\/2020\/05\/pizzeria-pizza-stick-puigcerda-cerdanya-24-300x225.jpg 300w, https:\/\/pizzastick.es\/wp-content\/uploads\/2020\/05\/pizzeria-pizza-stick-puigcerda-cerdanya-24-768x576.jpg 768w, https:\/\/pizzastick.es\/wp-content\/uploads\/2020\/05\/pizzeria-pizza-stick-puigcerda-cerdanya-24-800x600.jpg 800w, https:\/\/pizzastick.es\/wp-content\/uploads\/2020\/05\/pizzeria-pizza-stick-puigcerda-cerdanya-24-700x525.jpg 700w\" sizes=\"auto, (max-width: 1000px) 100vw, 1000px\" \/>\t\t\t\t\t\t\t\t\t\t\t\t\t\t\t<\/div>\n\t\t\t\t<div class=\"elementor-element elementor-element-b16a9b9 elementor-widget elementor-widget-heading\" data-id=\"b16a9b9\" data-element_type=\"widget\" data-e-type=\"widget\" data-widget_type=\"heading.default\">\n\t\t\t\t\t<h3 class=\"elementor-heading-title elementor-size-default\">B\u00c2TONNET DE PIZZAS <b>PUIGCERD\u00c0<\/b><\/h3>\t\t\t\t<\/div>\n\t\t\t\t<div class=\"elementor-element elementor-element-9b32069 elementor-widget-divider--view-line elementor-widget elementor-widget-divider\" data-id=\"9b32069\" data-element_type=\"widget\" data-e-type=\"widget\" data-widget_type=\"divider.default\">\n\t\t\t\t\t\t\t<div class=\"elementor-divider\">\n\t\t\t<span class=\"elementor-divider-separator\">\n\t\t\t\t\t\t<\/span>\n\t\t<\/div>\n\t\t\t\t\t\t<\/div>\n\t\t\t\t<div class=\"elementor-element elementor-element-f480ffb elementor-widget elementor-widget-text-editor\" data-id=\"f480ffb\" data-element_type=\"widget\" data-e-type=\"widget\" data-widget_type=\"text-editor.default\">\n\t\t\t\t\t\t\t\t\t<p style=\"text-align: center;\"><a style=\"background-color: #ffd200; padding: 18px; text-align: center; fill: #8a1f03; width: 333.328px; font-family: 'Source Sans Pro', sans-serif; font-weight: bold; text-transform: uppercase; letter-spacing: 1px;\" role=\"button\" href=\"https:\/\/pizzastick.es\/fr\/pedidos\/\">COMMANDER EN LIGNE<\/a><\/p><p>\u00a0<\/p><p style=\"text-align: center;\">Livraison \u00e0 domicile<\/p><p style=\"text-align: center;\">Pr\u00e9-commande et \u00e0 emporter<\/p><p style=\"text-align: center;\"><strong><a href=\"tel:972880088\">972 88 00 88<\/a><\/strong><\/p>\t\t\t\t\t\t\t\t<\/div>\n\t\t\t\t<div class=\"elementor-element elementor-element-85de484 elementor-widget elementor-widget-spacer\" data-id=\"85de484\" data-element_type=\"widget\" data-e-type=\"widget\" data-widget_type=\"spacer.default\">\n\t\t\t\t\t\t\t<div class=\"elementor-spacer\">\n\t\t\t<div class=\"elementor-spacer-inner\"><\/div>\n\t\t<\/div>\n\t\t\t\t\t\t<\/div>\n\t\t\t\t<div class=\"elementor-element elementor-element-346aaf7 elementor-align-justify elementor-widget elementor-widget-button\" data-id=\"346aaf7\" data-element_type=\"widget\" data-e-type=\"widget\" data-widget_type=\"button.default\">\n\t\t\t\t\t\t\t\t\t\t<a class=\"elementor-button elementor-button-link elementor-size-sm\" href=\"https:\/\/pizzastick.es\/en\/pizzeria-puigcerda\/\">\n\t\t\t\t\t\t<span class=\"elementor-button-content-wrapper\">\n\t\t\t\t\t\t\t\t\t<span class=\"elementor-button-text\">Plus d'informations<\/span>\n\t\t\t\t\t<\/span>\n\t\t\t\t\t<\/a>\n\t\t\t\t\t\t\t\t<\/div>\n\t\t\t\t\t<\/div>\n\t\t<\/div>\n\t\t\t\t<div class=\"elementor-column elementor-col-25 elementor-top-column elementor-element elementor-element-cc54741\" data-id=\"cc54741\" data-element_type=\"column\" data-e-type=\"column\" data-settings=\"{&quot;background_background&quot;:&quot;classic&quot;}\">\n\t\t\t<div class=\"elementor-widget-wrap elementor-element-populated\">\n\t\t\t\t\t\t<div class=\"elementor-element elementor-element-f5772bc elementor-widget elementor-widget-image\" data-id=\"f5772bc\" data-element_type=\"widget\" data-e-type=\"widget\" data-widget_type=\"image.default\">\n\t\t\t\t\t\t\t\t\t\t\t\t\t\t\t<img loading=\"lazy\" decoding=\"async\" width=\"1000\" height=\"750\" src=\"https:\/\/pizzastick.es\/wp-content\/uploads\/2020\/05\/escadarcs-pizzeria-pizzastick-02.jpg\" class=\"attachment-large size-large wp-image-2313\" alt=\"\" srcset=\"https:\/\/pizzastick.es\/wp-content\/uploads\/2020\/05\/escadarcs-pizzeria-pizzastick-02.jpg 1000w, https:\/\/pizzastick.es\/wp-content\/uploads\/2020\/05\/escadarcs-pizzeria-pizzastick-02-300x225.jpg 300w, https:\/\/pizzastick.es\/wp-content\/uploads\/2020\/05\/escadarcs-pizzeria-pizzastick-02-768x576.jpg 768w, https:\/\/pizzastick.es\/wp-content\/uploads\/2020\/05\/escadarcs-pizzeria-pizzastick-02-800x600.jpg 800w, https:\/\/pizzastick.es\/wp-content\/uploads\/2020\/05\/escadarcs-pizzeria-pizzastick-02-700x525.jpg 700w\" sizes=\"auto, (max-width: 1000px) 100vw, 1000px\" \/>\t\t\t\t\t\t\t\t\t\t\t\t\t\t\t<\/div>\n\t\t\t\t<div class=\"elementor-element elementor-element-bbe2513 elementor-widget elementor-widget-heading\" data-id=\"bbe2513\" data-element_type=\"widget\" data-e-type=\"widget\" data-widget_type=\"heading.default\">\n\t\t\t\t\t<h3 class=\"elementor-heading-title elementor-size-default\">B\u00c2TONNET DE PIZZAS <b>escadarcs (Alp)<\/b><\/h3>\t\t\t\t<\/div>\n\t\t\t\t<div class=\"elementor-element elementor-element-669ebc2 elementor-widget-divider--view-line elementor-widget elementor-widget-divider\" data-id=\"669ebc2\" data-element_type=\"widget\" data-e-type=\"widget\" data-widget_type=\"divider.default\">\n\t\t\t\t\t\t\t<div class=\"elementor-divider\">\n\t\t\t<span class=\"elementor-divider-separator\">\n\t\t\t\t\t\t<\/span>\n\t\t<\/div>\n\t\t\t\t\t\t<\/div>\n\t\t\t\t<div class=\"elementor-element elementor-element-3d5215c elementor-widget elementor-widget-text-editor\" data-id=\"3d5215c\" data-element_type=\"widget\" data-e-type=\"widget\" data-widget_type=\"text-editor.default\">\n\t\t\t\t\t\t\t\t\t<p style=\"text-align: center;\"><a style=\"background-color: #ffd200; padding: 18px; fill: #8a1f03; width: 333.328px; font-family: 'Source Sans Pro', sans-serif; font-weight: bold; text-transform: uppercase; letter-spacing: 1px;\" role=\"button\" href=\"https:\/\/pizzastick.es\/fr\/pedidos\/\">COMMANDER EN LIGNE<\/a><\/p><p>\u00a0<\/p><p style=\"text-align: center;\">Livraison \u00e0 domicile<\/p><p style=\"text-align: center;\">Pr\u00e9-commande et \u00e0 emporter<\/p><p style=\"text-align: center;\">R\u00e9server une table<\/p><p style=\"text-align: center;\"><strong><a href=\"tel:972144410\">972 14 44 10<\/a><\/strong><\/p>\t\t\t\t\t\t\t\t<\/div>\n\t\t\t\t<div class=\"elementor-element elementor-element-244d30f elementor-align-justify elementor-widget elementor-widget-button\" data-id=\"244d30f\" data-element_type=\"widget\" data-e-type=\"widget\" data-widget_type=\"button.default\">\n\t\t\t\t\t\t\t\t\t\t<a class=\"elementor-button elementor-button-link elementor-size-sm\" href=\"https:\/\/pizzastick.es\/en\/pizzeria-escadarcs\/\">\n\t\t\t\t\t\t<span class=\"elementor-button-content-wrapper\">\n\t\t\t\t\t\t\t\t\t<span class=\"elementor-button-text\">Plus d'informations<\/span>\n\t\t\t\t\t<\/span>\n\t\t\t\t\t<\/a>\n\t\t\t\t\t\t\t\t<\/div>\n\t\t\t\t\t<\/div>\n\t\t<\/div>\n\t\t\t\t<div class=\"elementor-column elementor-col-25 elementor-top-column elementor-element elementor-element-9aa1233\" data-id=\"9aa1233\" data-element_type=\"column\" data-e-type=\"column\" data-settings=\"{&quot;background_background&quot;:&quot;classic&quot;}\">\n\t\t\t<div class=\"elementor-widget-wrap elementor-element-populated\">\n\t\t\t\t\t\t<div class=\"elementor-element elementor-element-940448a elementor-widget elementor-widget-image\" data-id=\"940448a\" data-element_type=\"widget\" data-e-type=\"widget\" data-widget_type=\"image.default\">\n\t\t\t\t\t\t\t\t\t\t\t\t\t\t\t<img loading=\"lazy\" decoding=\"async\" width=\"1000\" height=\"750\" src=\"https:\/\/pizzastick.es\/wp-content\/uploads\/2020\/05\/bellver-de-cerdanya-pizzeria-pizzastick-02.jpg\" class=\"attachment-large size-large wp-image-2284\" alt=\"\" srcset=\"https:\/\/pizzastick.es\/wp-content\/uploads\/2020\/05\/bellver-de-cerdanya-pizzeria-pizzastick-02.jpg 1000w, https:\/\/pizzastick.es\/wp-content\/uploads\/2020\/05\/bellver-de-cerdanya-pizzeria-pizzastick-02-300x225.jpg 300w, https:\/\/pizzastick.es\/wp-content\/uploads\/2020\/05\/bellver-de-cerdanya-pizzeria-pizzastick-02-768x576.jpg 768w, https:\/\/pizzastick.es\/wp-content\/uploads\/2020\/05\/bellver-de-cerdanya-pizzeria-pizzastick-02-800x600.jpg 800w, https:\/\/pizzastick.es\/wp-content\/uploads\/2020\/05\/bellver-de-cerdanya-pizzeria-pizzastick-02-700x525.jpg 700w\" sizes=\"auto, (max-width: 1000px) 100vw, 1000px\" \/>\t\t\t\t\t\t\t\t\t\t\t\t\t\t\t<\/div>\n\t\t\t\t<div class=\"elementor-element elementor-element-8a87501 elementor-widget elementor-widget-heading\" data-id=\"8a87501\" data-element_type=\"widget\" data-e-type=\"widget\" data-widget_type=\"heading.default\">\n\t\t\t\t\t<h3 class=\"elementor-heading-title elementor-size-default\">B\u00c2TONNET DE PIZZAS <b>bellver de cerdanya<\/b><\/h3>\t\t\t\t<\/div>\n\t\t\t\t<div class=\"elementor-element elementor-element-08e6fe3 elementor-widget-divider--view-line elementor-widget elementor-widget-divider\" data-id=\"08e6fe3\" data-element_type=\"widget\" data-e-type=\"widget\" data-widget_type=\"divider.default\">\n\t\t\t\t\t\t\t<div class=\"elementor-divider\">\n\t\t\t<span class=\"elementor-divider-separator\">\n\t\t\t\t\t\t<\/span>\n\t\t<\/div>\n\t\t\t\t\t\t<\/div>\n\t\t\t\t<div class=\"elementor-element elementor-element-85c0760 elementor-widget elementor-widget-text-editor\" data-id=\"85c0760\" data-element_type=\"widget\" data-e-type=\"widget\" data-widget_type=\"text-editor.default\">\n\t\t\t\t\t\t\t\t\t<p style=\"text-align: center;\"><a style=\"background-color: #ffd200; padding: 18px; fill: #8a1f03; width: 333.328px; font-family: 'Source Sans Pro', sans-serif; font-weight: bold; text-transform: uppercase; letter-spacing: 1px;\" role=\"button\" href=\"https:\/\/pizzastick.es\/fr\/pedidos\/\">COMMANDER EN LIGNE<\/a><\/p><p>\u00a0<\/p><p style=\"text-align: center;\">Livraison \u00e0 domicile<\/p><p style=\"text-align: center;\">Pr\u00e9-commande et \u00e0 emporter<\/p><p style=\"text-align: center;\">R\u00e9server une table<\/p><p style=\"text-align: center;\"><strong><a href=\"tel:973510377\">973 51 03 77<\/a><\/strong><\/p>\t\t\t\t\t\t\t\t<\/div>\n\t\t\t\t<div class=\"elementor-element elementor-element-2e8dbf4 elementor-align-justify elementor-widget elementor-widget-button\" data-id=\"2e8dbf4\" data-element_type=\"widget\" data-e-type=\"widget\" data-widget_type=\"button.default\">\n\t\t\t\t\t\t\t\t\t\t<a class=\"elementor-button elementor-button-link elementor-size-sm\" href=\"https:\/\/pizzastick.es\/en\/pizzeria-bellver-de-cerdanya\/\">\n\t\t\t\t\t\t<span class=\"elementor-button-content-wrapper\">\n\t\t\t\t\t\t\t\t\t<span class=\"elementor-button-text\">Plus d'informations<\/span>\n\t\t\t\t\t<\/span>\n\t\t\t\t\t<\/a>\n\t\t\t\t\t\t\t\t<\/div>\n\t\t\t\t\t<\/div>\n\t\t<\/div>\n\t\t\t\t\t<\/div>\n\t\t<\/section>\n\t\t\t\t<\/div>","protected":false},"excerpt":{"rendered":"<p>Choose your nearest pizzeria Our Pizza Stick pizzerias in Puigcerd\u00e0, Bellver de Cerdanya and Escadarcs offer home delivery service. Check the areas and conditions of each pizzeria. Do not hesitate to call us and place your order, we will be delighted to deliver it! We&#8230;<\/p>","protected":false},"author":1,"featured_media":0,"parent":0,"menu_order":0,"comment_status":"closed","ping_status":"closed","template":"elementor_header_footer","meta":{"footnotes":""},"class_list":["post-2621","page","type-page","status-publish","hentry"],"yoast_head":"<!-- This site is optimized with the Yoast SEO plugin v27.5 - https:\/\/yoast.com\/product\/yoast-seo-wordpress\/ -->\n<title>Home Delivery \/ Take away - Pizza Stick | Pizzas artesanas para los pizza lovers m\u00e1s exigentes<\/title>\n<meta name=\"robots\" content=\"index, follow, max-snippet:-1, max-image-preview:large, max-video-preview:-1\" \/>\n<link rel=\"canonical\" href=\"https:\/\/pizzastick.es\/fr\/home-delivery-take-away\/\" \/>\n<meta property=\"og:locale\" content=\"fr_FR\" \/>\n<meta property=\"og:type\" content=\"article\" \/>\n<meta property=\"og:title\" content=\"Home Delivery \/ Take away - Pizza Stick | Pizzas artesanas para los pizza lovers m\u00e1s exigentes\" \/>\n<meta property=\"og:description\" content=\"Choose your nearest pizzeria Our Pizza Stick pizzerias in Puigcerd\u00e0, Bellver de Cerdanya and Escadarcs offer home delivery service. Check the areas and conditions of each pizzeria. Do not hesitate to call us and place your order, we will be delighted to deliver it! We...\" \/>\n<meta property=\"og:url\" content=\"https:\/\/pizzastick.es\/fr\/home-delivery-take-away\/\" \/>\n<meta property=\"og:site_name\" content=\"Pizza Stick | Pizzas artesanas para los pizza lovers m\u00e1s exigentes\" \/>\n<meta property=\"article:publisher\" content=\"https:\/\/www.facebook.com\/pizzeriapizzastick\" \/>\n<meta property=\"article:modified_time\" content=\"2021-09-27T12:09:49+00:00\" \/>\n<meta property=\"og:image\" content=\"https:\/\/pizzastick.es\/wp-content\/uploads\/2020\/05\/pizzeria-pizza-stick-puigcerda-cerdanya-24.jpg\" \/>\n<meta name=\"twitter:card\" content=\"summary_large_image\" \/>\n<meta name=\"twitter:site\" content=\"@pizza_stick_\" \/>\n<meta name=\"twitter:label1\" content=\"Dur\u00e9e de lecture estim\u00e9e\" \/>\n\t<meta name=\"twitter:data1\" content=\"2 minutes\" \/>\n<script type=\"application\/ld+json\" class=\"yoast-schema-graph\">{\"@context\":\"https:\\\/\\\/schema.org\",\"@graph\":[{\"@type\":\"WebPage\",\"@id\":\"https:\\\/\\\/pizzastick.es\\\/en\\\/home-delivery-take-away\\\/\",\"url\":\"https:\\\/\\\/pizzastick.es\\\/en\\\/home-delivery-take-away\\\/\",\"name\":\"Home Delivery \\\/ Take away - Pizza Stick | Pizzas artesanas para los pizza lovers m\u00e1s exigentes\",\"isPartOf\":{\"@id\":\"https:\\\/\\\/pizzastick.es\\\/#website\"},\"primaryImageOfPage\":{\"@id\":\"https:\\\/\\\/pizzastick.es\\\/en\\\/home-delivery-take-away\\\/#primaryimage\"},\"image\":{\"@id\":\"https:\\\/\\\/pizzastick.es\\\/en\\\/home-delivery-take-away\\\/#primaryimage\"},\"thumbnailUrl\":\"https:\\\/\\\/pizzastick.es\\\/wp-content\\\/uploads\\\/2020\\\/05\\\/pizzeria-pizza-stick-puigcerda-cerdanya-24.jpg\",\"datePublished\":\"2020-07-28T11:44:13+00:00\",\"dateModified\":\"2021-09-27T12:09:49+00:00\",\"breadcrumb\":{\"@id\":\"https:\\\/\\\/pizzastick.es\\\/en\\\/home-delivery-take-away\\\/#breadcrumb\"},\"inLanguage\":\"fr-FR\",\"potentialAction\":[{\"@type\":\"ReadAction\",\"target\":[\"https:\\\/\\\/pizzastick.es\\\/en\\\/home-delivery-take-away\\\/\"]}]},{\"@type\":\"ImageObject\",\"inLanguage\":\"fr-FR\",\"@id\":\"https:\\\/\\\/pizzastick.es\\\/en\\\/home-delivery-take-away\\\/#primaryimage\",\"url\":\"https:\\\/\\\/pizzastick.es\\\/wp-content\\\/uploads\\\/2020\\\/05\\\/pizzeria-pizza-stick-puigcerda-cerdanya-24.jpg\",\"contentUrl\":\"https:\\\/\\\/pizzastick.es\\\/wp-content\\\/uploads\\\/2020\\\/05\\\/pizzeria-pizza-stick-puigcerda-cerdanya-24.jpg\"},{\"@type\":\"BreadcrumbList\",\"@id\":\"https:\\\/\\\/pizzastick.es\\\/en\\\/home-delivery-take-away\\\/#breadcrumb\",\"itemListElement\":[{\"@type\":\"ListItem\",\"position\":1,\"name\":\"Portada\",\"item\":\"https:\\\/\\\/pizzastick.es\\\/\"},{\"@type\":\"ListItem\",\"position\":2,\"name\":\"Home Delivery \\\/ Take away\"}]},{\"@type\":\"WebSite\",\"@id\":\"https:\\\/\\\/pizzastick.es\\\/#website\",\"url\":\"https:\\\/\\\/pizzastick.es\\\/\",\"name\":\"Pizza Stick | Pizzas artesanas para los pizza lovers m\u00e1s exigentes\",\"description\":\"Pizzas artesanales de masa fina y crujientes, hechas 100% al momento. Tres pizzer\u00edas para comer en el local o a domicilio: Puigcerd\u00e1, Bellver y Escadarcs.\",\"publisher\":{\"@id\":\"https:\\\/\\\/pizzastick.es\\\/#organization\"},\"alternateName\":\"Pizza Stick\",\"potentialAction\":[{\"@type\":\"SearchAction\",\"target\":{\"@type\":\"EntryPoint\",\"urlTemplate\":\"https:\\\/\\\/pizzastick.es\\\/?s={search_term_string}\"},\"query-input\":{\"@type\":\"PropertyValueSpecification\",\"valueRequired\":true,\"valueName\":\"search_term_string\"}}],\"inLanguage\":\"fr-FR\"},{\"@type\":\"Organization\",\"@id\":\"https:\\\/\\\/pizzastick.es\\\/#organization\",\"name\":\"Pizza Stick\",\"url\":\"https:\\\/\\\/pizzastick.es\\\/\",\"logo\":{\"@type\":\"ImageObject\",\"inLanguage\":\"fr-FR\",\"@id\":\"https:\\\/\\\/pizzastick.es\\\/#\\\/schema\\\/logo\\\/image\\\/\",\"url\":\"https:\\\/\\\/pizzastick.es\\\/wp-content\\\/uploads\\\/2024\\\/02\\\/PS_LogoRedondaAmarillo.png\",\"contentUrl\":\"https:\\\/\\\/pizzastick.es\\\/wp-content\\\/uploads\\\/2024\\\/02\\\/PS_LogoRedondaAmarillo.png\",\"width\":329,\"height\":329,\"caption\":\"Pizza Stick\"},\"image\":{\"@id\":\"https:\\\/\\\/pizzastick.es\\\/#\\\/schema\\\/logo\\\/image\\\/\"},\"sameAs\":[\"https:\\\/\\\/www.facebook.com\\\/pizzeriapizzastick\",\"https:\\\/\\\/x.com\\\/pizza_stick_\",\"https:\\\/\\\/instagram.com\\\/pizzeriapizzastick\\\/\"]}]}<\/script>\n<!-- \/ Yoast SEO plugin. -->","yoast_head_json":{"title":"Home Delivery \/ Take away - Pizza Stick | Pizzas artesanas para los pizza lovers m\u00e1s exigentes","robots":{"index":"index","follow":"follow","max-snippet":"max-snippet:-1","max-image-preview":"max-image-preview:large","max-video-preview":"max-video-preview:-1"},"canonical":"https:\/\/pizzastick.es\/fr\/home-delivery-take-away\/","og_locale":"fr_FR","og_type":"article","og_title":"Home Delivery \/ Take away - Pizza Stick | Pizzas artesanas para los pizza lovers m\u00e1s exigentes","og_description":"Choose your nearest pizzeria Our Pizza Stick pizzerias in Puigcerd\u00e0, Bellver de Cerdanya and Escadarcs offer home delivery service. Check the areas and conditions of each pizzeria. Do not hesitate to call us and place your order, we will be delighted to deliver it! We...","og_url":"https:\/\/pizzastick.es\/fr\/home-delivery-take-away\/","og_site_name":"Pizza Stick | Pizzas artesanas para los pizza lovers m\u00e1s exigentes","article_publisher":"https:\/\/www.facebook.com\/pizzeriapizzastick","article_modified_time":"2021-09-27T12:09:49+00:00","og_image":[{"url":"https:\/\/pizzastick.es\/wp-content\/uploads\/2020\/05\/pizzeria-pizza-stick-puigcerda-cerdanya-24.jpg","type":"","width":"","height":""}],"twitter_card":"summary_large_image","twitter_site":"@pizza_stick_","twitter_misc":{"Dur\u00e9e de lecture estim\u00e9e":"2 minutes"},"schema":{"@context":"https:\/\/schema.org","@graph":[{"@type":"WebPage","@id":"https:\/\/pizzastick.es\/en\/home-delivery-take-away\/","url":"https:\/\/pizzastick.es\/en\/home-delivery-take-away\/","name":"Home Delivery \/ Take away - Pizza Stick | Pizzas artesanas para los pizza lovers m\u00e1s exigentes","isPartOf":{"@id":"https:\/\/pizzastick.es\/#website"},"primaryImageOfPage":{"@id":"https:\/\/pizzastick.es\/en\/home-delivery-take-away\/#primaryimage"},"image":{"@id":"https:\/\/pizzastick.es\/en\/home-delivery-take-away\/#primaryimage"},"thumbnailUrl":"https:\/\/pizzastick.es\/wp-content\/uploads\/2020\/05\/pizzeria-pizza-stick-puigcerda-cerdanya-24.jpg","datePublished":"2020-07-28T11:44:13+00:00","dateModified":"2021-09-27T12:09:49+00:00","breadcrumb":{"@id":"https:\/\/pizzastick.es\/en\/home-delivery-take-away\/#breadcrumb"},"inLanguage":"fr-FR","potentialAction":[{"@type":"ReadAction","target":["https:\/\/pizzastick.es\/en\/home-delivery-take-away\/"]}]},{"@type":"ImageObject","inLanguage":"fr-FR","@id":"https:\/\/pizzastick.es\/en\/home-delivery-take-away\/#primaryimage","url":"https:\/\/pizzastick.es\/wp-content\/uploads\/2020\/05\/pizzeria-pizza-stick-puigcerda-cerdanya-24.jpg","contentUrl":"https:\/\/pizzastick.es\/wp-content\/uploads\/2020\/05\/pizzeria-pizza-stick-puigcerda-cerdanya-24.jpg"},{"@type":"BreadcrumbList","@id":"https:\/\/pizzastick.es\/en\/home-delivery-take-away\/#breadcrumb","itemListElement":[{"@type":"ListItem","position":1,"name":"Portada","item":"https:\/\/pizzastick.es\/"},{"@type":"ListItem","position":2,"name":"Home Delivery \/ Take away"}]},{"@type":"WebSite","@id":"https:\/\/pizzastick.es\/#website","url":"https:\/\/pizzastick.es\/","name":"Pizza Stick | Pizzas artesanas para los pizza lovers m\u00e1s exigentes","description":"Pizzas artisanales \u00e0 la p\u00e2te fine et croustillante, pr\u00e9par\u00e9es \u00e0 la commande 100%. Trois pizzerias \u00e0 consommer sur place ou \u00e0 domicile : Puigcerd\u00e1, Bellver et Escadarcs.","publisher":{"@id":"https:\/\/pizzastick.es\/#organization"},"alternateName":"Pizza Stick","potentialAction":[{"@type":"SearchAction","target":{"@type":"EntryPoint","urlTemplate":"https:\/\/pizzastick.es\/?s={search_term_string}"},"query-input":{"@type":"PropertyValueSpecification","valueRequired":true,"valueName":"search_term_string"}}],"inLanguage":"fr-FR"},{"@type":"Organization","@id":"https:\/\/pizzastick.es\/#organization","name":"B\u00e2ton \u00e0 pizza","url":"https:\/\/pizzastick.es\/","logo":{"@type":"ImageObject","inLanguage":"fr-FR","@id":"https:\/\/pizzastick.es\/#\/schema\/logo\/image\/","url":"https:\/\/pizzastick.es\/wp-content\/uploads\/2024\/02\/PS_LogoRedondaAmarillo.png","contentUrl":"https:\/\/pizzastick.es\/wp-content\/uploads\/2024\/02\/PS_LogoRedondaAmarillo.png","width":329,"height":329,"caption":"Pizza Stick"},"image":{"@id":"https:\/\/pizzastick.es\/#\/schema\/logo\/image\/"},"sameAs":["https:\/\/www.facebook.com\/pizzeriapizzastick","https:\/\/x.com\/pizza_stick_","https:\/\/instagram.com\/pizzeriapizzastick\/"]}]}},"_links":{"self":[{"href":"https:\/\/pizzastick.es\/fr\/wp-json\/wp\/v2\/pages\/2621","targetHints":{"allow":["GET"]}}],"collection":[{"href":"https:\/\/pizzastick.es\/fr\/wp-json\/wp\/v2\/pages"}],"about":[{"href":"https:\/\/pizzastick.es\/fr\/wp-json\/wp\/v2\/types\/page"}],"author":[{"embeddable":true,"href":"https:\/\/pizzastick.es\/fr\/wp-json\/wp\/v2\/users\/1"}],"replies":[{"embeddable":true,"href":"https:\/\/pizzastick.es\/fr\/wp-json\/wp\/v2\/comments?post=2621"}],"version-history":[{"count":10,"href":"https:\/\/pizzastick.es\/fr\/wp-json\/wp\/v2\/pages\/2621\/revisions"}],"predecessor-version":[{"id":4204,"href":"https:\/\/pizzastick.es\/fr\/wp-json\/wp\/v2\/pages\/2621\/revisions\/4204"}],"wp:attachment":[{"href":"https:\/\/pizzastick.es\/fr\/wp-json\/wp\/v2\/media?parent=2621"}],"curies":[{"name":"wp","href":"https:\/\/api.w.org\/{rel}","templated":true}]}}