{"id":3,"date":"2018-10-26T08:31:04","date_gmt":"2018-10-26T08:31:04","guid":{"rendered":"http:\/\/pizzastick.es\/?page_id=3"},"modified":"2020-12-29T14:43:16","modified_gmt":"2020-12-29T12:43:16","slug":"privacy-policy","status":"publish","type":"page","link":"https:\/\/pizzastick.es\/fr\/privacy-policy\/","title":{"rendered":"Pol\u00edtica de privacidad"},"content":{"rendered":"<h2>Pol\u00edtica de privacidad<\/h2>\n<p>En cumplimiento de lo establecido en la LOPD \u2018Ley Org\u00e1nica 15\/1999, de 13 de diciembre\u2019, de Protecci\u00f3n de Datos de Car\u00e1cter Personal, le informamos de que cuantos datos personales nos facilite quedar\u00e1n incorporados y ser\u00e1n tratados en los ficheros titularidad de PIZZA STICK S.L., con el fin de gestionar, administrar y mantener los servicios prestados y\/o contratados, as\u00ed como para mantenerle informado, incluso por medios electr\u00f3nicos, sobre cuestiones relativas a la actividad de la Compa\u00f1\u00eda y sus servicios.<\/p>\n<p>Usted puede ejercer, en cualquier momento, los derechos de acceso, rectificaci\u00f3n, cancelaci\u00f3n y oposici\u00f3n de sus datos de car\u00e1cter personal mediante correo electr\u00f3nico dirigido a info@pizzastick.es<\/p>\n<p class=\"strong\"><strong>DERECHOS DE PROPIEDAD INTELECTUAL E INDUSTRIAL<\/strong><\/p>\n<p>La totalidad del contenido de esta p\u00e1gina web, los logotipos, textos, fotograf\u00edas, dise\u00f1os, referencias de productos u otros elementos, as\u00ed como su estructura, dise\u00f1o, combinaciones de colores o forma de presentaci\u00f3n de los contenidos, est\u00e1 afectado por derechos de propiedad intelectual e industrial de titularidad de Pizza Stick, SL o de terceras personas con quienes Pizza Stick, SL ha convenido su uso. Estos derechos deben ser respetados por los usuarios de la p\u00e1gina web. Pizza Stick, SL difunde toda esta informaci\u00f3n a trav\u00e9s de la p\u00e1gina web con el fin de hacer publicidad de sus productos y actividades. Pizza Stick, SL advierte que todos estos elementos y referencias \u00fanicamente pueden ser utilizados con esta finalidad y citando siempre su procedencia y referencias de identificaci\u00f3n. No es l\u00edcita su transformaci\u00f3n o alteraci\u00f3n, ni tampoco la comunicaci\u00f3n p\u00fablica o cualquier otra forma de explotaci\u00f3n por cualquier t\u00e9cnica o procedimiento sin autorizaci\u00f3n expresa de Pizza Stick, SL.<\/p>\n<p class=\"strong\"><strong>RESPONSABILIDAD SOBRE LOS CONTENIDOS<\/strong><\/p>\n<p>El usuario de esta p\u00e1gina web accede a la misma por cuenta e iniciativa propia. Pizza Stick, SL no se responsabiliza de los errores u omisiones que puedan afectar sus contenidos. Las referencias que se presentan en pizzastick.es tienen una funci\u00f3n exclusivamente informativa y no obligan al titular de la p\u00e1gina web hasta la confirmaci\u00f3n de la aceptaci\u00f3n de un contrato. Pizza Stick, SL no podr\u00e1 ser considerada responsable de ning\u00fan da\u00f1o que se derive de la utilizaci\u00f3n de esta p\u00e1gina web, ni de ninguna acci\u00f3n realizada en base a la informaci\u00f3n que en ella se facilita.<\/p>\n<p>Pizza Stick, SL declina cualquier responsabilidad respecto de la informaci\u00f3n de cualquier tipo contenida en otras p\u00e1ginas web a las que se pueda acceder mediante enlaces desde esta p\u00e1gina web. La funci\u00f3n de los enlaces introducidos en la p\u00e1gina web es la de comunicar la existencia de otras fuentes de informaci\u00f3n sobre el tema tratado en la p\u00e1gina de origen y no supone ninguna sugerencia o invitaci\u00f3n al usuario a visitar las p\u00e1ginas web de destino. Pizza Stick, SL no es responsable del resultado obtenido a trav\u00e9s de estos enlaces que no son controlados ni verificados por Pizza Stick, SL.<\/p>\n<p class=\"strong\"><strong>PROTECCI\u00d3N DE DATOS<\/strong><\/p>\n<p>En cumplimiento del art\u00edculo 5 de la Ley Org\u00e1nica 15\/1999 de 13 de Diciembre de Protecci\u00f3n de Datos de Car\u00e1cter Personal Pizza Stick, SL informa que los datos personales recogidos desde esta p\u00e1gina web no ser\u00e1n enregistrados en ning\u00fan fichero ni ser\u00e1n objeto de ninguna clase de tratamiento, sino que ser\u00e1n utilizados \u00fanicamente para atender las solicitudes de informaci\u00f3n de las personas que se dirijan a Pizza Stick, SL por este medio. \u00danicamente se incorporar\u00e1n a los ficheros de Pizza Stick, SL con el consentimiento previo de los interesados y en ning\u00fan caso ser\u00e1n cedidos a terceros sin su consentimiento previo.<\/p>\n<p class=\"strong\"><strong>AUTORIZACI\u00d3N PARA ENLAZAR CON PIZZASTICK.ES<\/strong><\/p>\n<p>Queda autorizado el establecimiento de enlaces hacia cualquier apartado de esta p\u00e1gina web siempre que quede visible, en la barra de direcciones del explorador, la direcci\u00f3n real a que se accede. Los enlaces podr\u00e1n efectuarse utilizando la direcci\u00f3n, el nombre de la empresa y\/o otras palabras clave.<\/p>\n<p><b>COOKIES<\/b><\/p>\n<p><span style=\"font-weight: 400;\">Podemos recabar informaci\u00f3n sobre su ordenador, incluido, en su caso, su direcci\u00f3n IP, sistema operativo y tipo de navegador, para la administraci\u00f3n del sistema. Se trata de datos estad\u00edsticos sobre c\u00f3mo navega usted por nuestro sitio Web.<\/span><\/p>\n<p><span style=\"font-weight: 400;\">Por la misma raz\u00f3n, podemos obtener informaci\u00f3n sobre su uso general de Internet mediante un archivo de cookies que se almacena en el disco duro de su ordenador. Las cookies contienen informaci\u00f3n que se transfiere al disco duro de su ordenador.<\/span><\/p>\n<p><span style=\"font-weight: 400;\">Las cookies nos ayudan a mejorar nuestro sitio Web y a prestar un servicio mejor y m\u00e1s personalizado. En concreto, nos permiten:<\/span><\/p>\n<p><span style=\"font-weight: 400;\">Hacer una estimaci\u00f3n sobre n\u00fameros y patrones de uso.<\/span><\/p>\n<p><span style=\"font-weight: 400;\">Almacenar informaci\u00f3n acerca de sus preferencias y personalizar nuestro sitio web de conformidad con sus intereses individuales.<\/span><\/p>\n<p><span style=\"font-weight: 400;\">Acelerar sus b\u00fasquedas.<\/span><\/p>\n<p><span style=\"font-weight: 400;\">Reconocerle cuando regrese de nuevo a nuestro sitio.<\/span><\/p>\n<p><span style=\"font-weight: 400;\">Puede negarse a aceptar cookies activando la configuraci\u00f3n en su navegador que permite rechazar las cookies. No obstante, si selecciona esta configuraci\u00f3n, quiz\u00e1s no pueda acceder a determinadas partes del Sitio Web o no pueda aprovechar de alguno de nuestros servicios. A menos que haya ajustado la configuraci\u00f3n de su navegador de forma que rechace cookies, nuestro sistema producir\u00e1 cookies cuando se conecte a nuestro sitio.<\/span><\/p>","protected":false},"excerpt":{"rendered":"<p>Pol\u00edtica de privacidad En cumplimiento de lo establecido en la LOPD \u2018Ley Org\u00e1nica 15\/1999, de 13 de diciembre\u2019, de Protecci\u00f3n de Datos de Car\u00e1cter Personal, le informamos de que cuantos datos personales nos facilite quedar\u00e1n incorporados y ser\u00e1n tratados en los ficheros titularidad de PIZZA&#8230;<\/p>","protected":false},"author":1,"featured_media":0,"parent":0,"menu_order":0,"comment_status":"closed","ping_status":"open","template":"","meta":{"footnotes":""},"class_list":["post-3","page","type-page","status-publish","hentry"],"yoast_head":"<!-- This site is optimized with the Yoast SEO plugin v27.4 - https:\/\/yoast.com\/product\/yoast-seo-wordpress\/ -->\n<title>Pol\u00edtica de privacidad - Pizza Stick | Pizzas artesanas para los pizza lovers m\u00e1s exigentes<\/title>\n<meta name=\"robots\" content=\"index, follow, max-snippet:-1, max-image-preview:large, max-video-preview:-1\" \/>\n<link rel=\"canonical\" href=\"https:\/\/pizzastick.es\/fr\/privacy-policy\/\" \/>\n<meta property=\"og:locale\" content=\"fr_FR\" \/>\n<meta property=\"og:type\" content=\"article\" \/>\n<meta property=\"og:title\" content=\"Pol\u00edtica de privacidad - Pizza Stick | Pizzas artesanas para los pizza lovers m\u00e1s exigentes\" \/>\n<meta property=\"og:description\" content=\"Pol\u00edtica de privacidad En cumplimiento de lo establecido en la LOPD \u2018Ley Org\u00e1nica 15\/1999, de 13 de diciembre\u2019, de Protecci\u00f3n de Datos de Car\u00e1cter Personal, le informamos de que cuantos datos personales nos facilite quedar\u00e1n incorporados y ser\u00e1n tratados en los ficheros titularidad de PIZZA...\" \/>\n<meta property=\"og:url\" content=\"https:\/\/pizzastick.es\/fr\/privacy-policy\/\" \/>\n<meta property=\"og:site_name\" content=\"Pizza Stick | Pizzas artesanas para los pizza lovers m\u00e1s exigentes\" \/>\n<meta property=\"article:publisher\" content=\"https:\/\/www.facebook.com\/pizzeriapizzastick\" \/>\n<meta property=\"article:modified_time\" content=\"2020-12-29T12:43:16+00:00\" \/>\n<meta property=\"og:image\" content=\"https:\/\/pizzastick.es\/wp-content\/uploads\/2023\/06\/local-scaled.jpg\" \/>\n\t<meta property=\"og:image:width\" content=\"2560\" \/>\n\t<meta property=\"og:image:height\" content=\"1706\" \/>\n\t<meta property=\"og:image:type\" content=\"image\/jpeg\" \/>\n<meta name=\"twitter:card\" content=\"summary_large_image\" \/>\n<meta name=\"twitter:site\" content=\"@pizza_stick_\" \/>\n<meta name=\"twitter:label1\" content=\"Dur\u00e9e de lecture estim\u00e9e\" \/>\n\t<meta name=\"twitter:data1\" content=\"5 minutes\" \/>\n<script type=\"application\/ld+json\" class=\"yoast-schema-graph\">{\"@context\":\"https:\\\/\\\/schema.org\",\"@graph\":[{\"@type\":\"WebPage\",\"@id\":\"https:\\\/\\\/pizzastick.es\\\/privacy-policy\\\/\",\"url\":\"https:\\\/\\\/pizzastick.es\\\/privacy-policy\\\/\",\"name\":\"Pol\u00edtica de privacidad - Pizza Stick | Pizzas artesanas para los pizza lovers m\u00e1s exigentes\",\"isPartOf\":{\"@id\":\"https:\\\/\\\/pizzastick.es\\\/#website\"},\"datePublished\":\"2018-10-26T08:31:04+00:00\",\"dateModified\":\"2020-12-29T12:43:16+00:00\",\"breadcrumb\":{\"@id\":\"https:\\\/\\\/pizzastick.es\\\/privacy-policy\\\/#breadcrumb\"},\"inLanguage\":\"fr-FR\",\"potentialAction\":[{\"@type\":\"ReadAction\",\"target\":[\"https:\\\/\\\/pizzastick.es\\\/privacy-policy\\\/\"]}]},{\"@type\":\"BreadcrumbList\",\"@id\":\"https:\\\/\\\/pizzastick.es\\\/privacy-policy\\\/#breadcrumb\",\"itemListElement\":[{\"@type\":\"ListItem\",\"position\":1,\"name\":\"Portada\",\"item\":\"https:\\\/\\\/pizzastick.es\\\/\"},{\"@type\":\"ListItem\",\"position\":2,\"name\":\"Pol\u00edtica de privacidad\"}]},{\"@type\":\"WebSite\",\"@id\":\"https:\\\/\\\/pizzastick.es\\\/#website\",\"url\":\"https:\\\/\\\/pizzastick.es\\\/\",\"name\":\"Pizza Stick | Pizzas artesanas para los pizza lovers m\u00e1s exigentes\",\"description\":\"Pizzas artesanales de masa fina y crujientes, hechas 100% al momento. Tres pizzer\u00edas para comer en el local o a domicilio: Puigcerd\u00e1, Bellver y Escadarcs.\",\"publisher\":{\"@id\":\"https:\\\/\\\/pizzastick.es\\\/#organization\"},\"alternateName\":\"Pizza Stick\",\"potentialAction\":[{\"@type\":\"SearchAction\",\"target\":{\"@type\":\"EntryPoint\",\"urlTemplate\":\"https:\\\/\\\/pizzastick.es\\\/?s={search_term_string}\"},\"query-input\":{\"@type\":\"PropertyValueSpecification\",\"valueRequired\":true,\"valueName\":\"search_term_string\"}}],\"inLanguage\":\"fr-FR\"},{\"@type\":\"Organization\",\"@id\":\"https:\\\/\\\/pizzastick.es\\\/#organization\",\"name\":\"Pizza Stick\",\"url\":\"https:\\\/\\\/pizzastick.es\\\/\",\"logo\":{\"@type\":\"ImageObject\",\"inLanguage\":\"fr-FR\",\"@id\":\"https:\\\/\\\/pizzastick.es\\\/#\\\/schema\\\/logo\\\/image\\\/\",\"url\":\"https:\\\/\\\/pizzastick.es\\\/wp-content\\\/uploads\\\/2024\\\/02\\\/PS_LogoRedondaAmarillo.png\",\"contentUrl\":\"https:\\\/\\\/pizzastick.es\\\/wp-content\\\/uploads\\\/2024\\\/02\\\/PS_LogoRedondaAmarillo.png\",\"width\":329,\"height\":329,\"caption\":\"Pizza Stick\"},\"image\":{\"@id\":\"https:\\\/\\\/pizzastick.es\\\/#\\\/schema\\\/logo\\\/image\\\/\"},\"sameAs\":[\"https:\\\/\\\/www.facebook.com\\\/pizzeriapizzastick\",\"https:\\\/\\\/x.com\\\/pizza_stick_\",\"https:\\\/\\\/instagram.com\\\/pizzeriapizzastick\\\/\"]}]}<\/script>\n<!-- \/ Yoast SEO plugin. -->","yoast_head_json":{"title":"Pol\u00edtica de privacidad - Pizza Stick | Pizzas artesanas para los pizza lovers m\u00e1s exigentes","robots":{"index":"index","follow":"follow","max-snippet":"max-snippet:-1","max-image-preview":"max-image-preview:large","max-video-preview":"max-video-preview:-1"},"canonical":"https:\/\/pizzastick.es\/fr\/privacy-policy\/","og_locale":"fr_FR","og_type":"article","og_title":"Pol\u00edtica de privacidad - Pizza Stick | Pizzas artesanas para los pizza lovers m\u00e1s exigentes","og_description":"Pol\u00edtica de privacidad En cumplimiento de lo establecido en la LOPD \u2018Ley Org\u00e1nica 15\/1999, de 13 de diciembre\u2019, de Protecci\u00f3n de Datos de Car\u00e1cter Personal, le informamos de que cuantos datos personales nos facilite quedar\u00e1n incorporados y ser\u00e1n tratados en los ficheros titularidad de PIZZA...","og_url":"https:\/\/pizzastick.es\/fr\/privacy-policy\/","og_site_name":"Pizza Stick | Pizzas artesanas para los pizza lovers m\u00e1s exigentes","article_publisher":"https:\/\/www.facebook.com\/pizzeriapizzastick","article_modified_time":"2020-12-29T12:43:16+00:00","og_image":[{"width":2560,"height":1706,"url":"https:\/\/pizzastick.es\/wp-content\/uploads\/2023\/06\/local-scaled.jpg","type":"image\/jpeg"}],"twitter_card":"summary_large_image","twitter_site":"@pizza_stick_","twitter_misc":{"Dur\u00e9e de lecture estim\u00e9e":"5 minutes"},"schema":{"@context":"https:\/\/schema.org","@graph":[{"@type":"WebPage","@id":"https:\/\/pizzastick.es\/privacy-policy\/","url":"https:\/\/pizzastick.es\/privacy-policy\/","name":"Pol\u00edtica de privacidad - Pizza Stick | Pizzas artesanas para los pizza lovers m\u00e1s exigentes","isPartOf":{"@id":"https:\/\/pizzastick.es\/#website"},"datePublished":"2018-10-26T08:31:04+00:00","dateModified":"2020-12-29T12:43:16+00:00","breadcrumb":{"@id":"https:\/\/pizzastick.es\/privacy-policy\/#breadcrumb"},"inLanguage":"fr-FR","potentialAction":[{"@type":"ReadAction","target":["https:\/\/pizzastick.es\/privacy-policy\/"]}]},{"@type":"BreadcrumbList","@id":"https:\/\/pizzastick.es\/privacy-policy\/#breadcrumb","itemListElement":[{"@type":"ListItem","position":1,"name":"Portada","item":"https:\/\/pizzastick.es\/"},{"@type":"ListItem","position":2,"name":"Pol\u00edtica de privacidad"}]},{"@type":"WebSite","@id":"https:\/\/pizzastick.es\/#website","url":"https:\/\/pizzastick.es\/","name":"Pizza Stick | Pizzas artesanas para los pizza lovers m\u00e1s exigentes","description":"Pizzas artisanales \u00e0 la p\u00e2te fine et croustillante, pr\u00e9par\u00e9es \u00e0 la commande 100%. Trois pizzerias \u00e0 consommer sur place ou \u00e0 domicile : Puigcerd\u00e1, Bellver et Escadarcs.","publisher":{"@id":"https:\/\/pizzastick.es\/#organization"},"alternateName":"Pizza Stick","potentialAction":[{"@type":"SearchAction","target":{"@type":"EntryPoint","urlTemplate":"https:\/\/pizzastick.es\/?s={search_term_string}"},"query-input":{"@type":"PropertyValueSpecification","valueRequired":true,"valueName":"search_term_string"}}],"inLanguage":"fr-FR"},{"@type":"Organization","@id":"https:\/\/pizzastick.es\/#organization","name":"B\u00e2ton \u00e0 pizza","url":"https:\/\/pizzastick.es\/","logo":{"@type":"ImageObject","inLanguage":"fr-FR","@id":"https:\/\/pizzastick.es\/#\/schema\/logo\/image\/","url":"https:\/\/pizzastick.es\/wp-content\/uploads\/2024\/02\/PS_LogoRedondaAmarillo.png","contentUrl":"https:\/\/pizzastick.es\/wp-content\/uploads\/2024\/02\/PS_LogoRedondaAmarillo.png","width":329,"height":329,"caption":"Pizza Stick"},"image":{"@id":"https:\/\/pizzastick.es\/#\/schema\/logo\/image\/"},"sameAs":["https:\/\/www.facebook.com\/pizzeriapizzastick","https:\/\/x.com\/pizza_stick_","https:\/\/instagram.com\/pizzeriapizzastick\/"]}]}},"_links":{"self":[{"href":"https:\/\/pizzastick.es\/fr\/wp-json\/wp\/v2\/pages\/3","targetHints":{"allow":["GET"]}}],"collection":[{"href":"https:\/\/pizzastick.es\/fr\/wp-json\/wp\/v2\/pages"}],"about":[{"href":"https:\/\/pizzastick.es\/fr\/wp-json\/wp\/v2\/types\/page"}],"author":[{"embeddable":true,"href":"https:\/\/pizzastick.es\/fr\/wp-json\/wp\/v2\/users\/1"}],"replies":[{"embeddable":true,"href":"https:\/\/pizzastick.es\/fr\/wp-json\/wp\/v2\/comments?post=3"}],"version-history":[{"count":4,"href":"https:\/\/pizzastick.es\/fr\/wp-json\/wp\/v2\/pages\/3\/revisions"}],"predecessor-version":[{"id":3174,"href":"https:\/\/pizzastick.es\/fr\/wp-json\/wp\/v2\/pages\/3\/revisions\/3174"}],"wp:attachment":[{"href":"https:\/\/pizzastick.es\/fr\/wp-json\/wp\/v2\/media?parent=3"}],"curies":[{"name":"wp","href":"https:\/\/api.w.org\/{rel}","templated":true}]}}