{"id":4424,"date":"2022-03-31T12:47:57","date_gmt":"2022-03-31T10:47:57","guid":{"rendered":"https:\/\/pizzastick.es\/uneix-te-a-la-nostra-pizza-stick-family\/"},"modified":"2022-03-31T12:48:31","modified_gmt":"2022-03-31T10:48:31","slug":"uneix-te-a-la-nostra-pizza-stick-family","status":"publish","type":"page","link":"https:\/\/pizzastick.es\/fr\/uneix-te-a-la-nostra-pizza-stick-family\/","title":{"rendered":"UNEIX-TE A LA NOSTRA PIZZA STICK FAMILY"},"content":{"rendered":"<p>[vc_row css_animation=\u00bb\u00bb row_type=\u00bbrow\u00bb use_row_as_full_screen_section=\u00bbno\u00bb type=\u00bbfull_width\u00bb angled_section=\u00bbno\u00bb text_align=\u00bbleft\u00bb background_image_as_pattern=\u00bbwithout_pattern\u00bb][vc_column][vc_empty_space][vc_column_text]<\/p>\n<h3 style=\"text-align: center;\" data-pm-slice=\"1 1 []\">Si ets amant de la bona pizza, ets benvingut!<\/h3>\n<p>[\/vc_column_text][\/vc_column][\/vc_row][vc_row css_animation=\u00bb\u00bb row_type=\u00bbrow\u00bb use_row_as_full_screen_section=\u00bbno\u00bb type=\u00bbgrid\u00bb angled_section=\u00bbno\u00bb text_align=\u00bbleft\u00bb background_image_as_pattern=\u00bbwithout_pattern\u00bb background_image=\u00bb289&#8243; padding_top=\u00bb50&#8243; padding_bottom=\u00bb50&#8243; z_index=\u00bb\u00bb css=\u00bb.vc_custom_1545298585393{border-top-width: 3px !important;border-top-color: #ffd200 !important;border-top-style: solid !important;}\u00bb][vc_column width=\u00bb1\/4&#8243;][\/vc_column][vc_column width=\u00bb1\/2&#8243;][vc_column_text]Sempre destaquem que el nostre equip \u00e9s el que ens mant\u00e9 al m\u00e0xim. \ud83d\udcaa\u2764 Ells permeten que tot passi i que els nostres valors arribin a m\u00e9s #pizzalovers dia a dia.<\/p>\n<p>\ud83d\udd0e Busquem PIZZASTICKERS que comparteixin el nostre entusiasme per crear moments rodons i per unir-se al nostre equip, a la nostra altra gran fam\u00edlia en constant creixement.<\/p>\n<p>\ud83c\udf55 Comen\u00e7a la teva carrera com a pizzaiolo i pizzatender.<\/p>\n<p>\ud83c\udf55 Troba oportunitats per aprendre i cr\u00e9ixer.<\/p>\n<p>\ud83c\udf55 Expressa&#8217;t com a professional i com amant de la bona pizza.<\/p>\n<p>&nbsp;<\/p>\n<p>Si ets una persona positiva, resolutiva, amb ganes de treballar i t&#8217;agrada el tracte amb #pizzalovers: t&#8217;estem esperant! \ud83d\udc40 Apunta&#8217;t al proc\u00e9s de selecci\u00f3 a trav\u00e9s del formulari m\u00e9s avall.<\/p>\n<p>&nbsp;<\/p>\n<p>CANDIDATURES OBERTES A LES NOSTRES PIZERIAS DE:<\/p>\n<p>&nbsp;<\/p>\n<ul>\n<li>ESCADARCS<\/li>\n<li>BELLVER DE CERDANYA<\/li>\n<\/ul>\n<p>[\/vc_column_text][\/vc_column][vc_column width=\u00bb1\/4&#8243;][\/vc_column][\/vc_row][vc_row css_animation=\u00bb\u00bb row_type=\u00bbrow\u00bb use_row_as_full_screen_section=\u00bbno\u00bb type=\u00bbgrid\u00bb angled_section=\u00bbno\u00bb text_align=\u00bbleft\u00bb background_image_as_pattern=\u00bbwithout_pattern\u00bb background_image=\u00bb289&#8243; padding_top=\u00bb50&#8243; padding_bottom=\u00bb50&#8243; z_index=\u00bb\u00bb css=\u00bb.vc_custom_1545298585393{border-top-width: 3px !important;border-top-color: #ffd200 !important;border-top-style: solid !important;}\u00bb][vc_column][vc_column_text]<\/p>\n<h3 style=\"text-align: center;\" data-pm-slice=\"1 1 []\"><strong>Yes! Em presento com a candidat, soc el PizzaSticker que est\u00e0s buscant \ud83d\ude0e<\/strong><\/h3>\n<p>[\/vc_column_text][vc_empty_space][contact-form-7 id=\u00bb25&#8243; html_class=\u00bbcf7_custom_style_1&#8243;][vc_empty_space][\/vc_column][\/vc_row]<\/p>\n","protected":false},"excerpt":{"rendered":"<p>[vc_row css_animation=\u00bb\u00bb row_type=\u00bbrow\u00bb use_row_as_full_screen_section=\u00bbno\u00bb type=\u00bbfull_width\u00bb angled_section=\u00bbno\u00bb text_align=\u00bbleft\u00bb background_image_as_pattern=\u00bbwithout_pattern\u00bb][vc_column][vc_empty_space][vc_column_text] Si ets amant de la bona pizza, ets benvingut! [\/vc_column_text][\/vc_column][\/vc_row][vc_row css_animation=\u00bb\u00bb row_type=\u00bbrow\u00bb use_row_as_full_screen_section=\u00bbno\u00bb type=\u00bbgrid\u00bb angled_section=\u00bbno\u00bb text_align=\u00bbleft\u00bb background_image_as_pattern=\u00bbwithout_pattern\u00bb background_image=\u00bb289&#8243; padding_top=\u00bb50&#8243; padding_bottom=\u00bb50&#8243; z_index=\u00bb\u00bb css=\u00bb.vc_custom_1545298585393{border-top-width: 3px !important;border-top-color: #ffd200 !important;border-top-style: solid !important;}\u00bb][vc_column width=\u00bb1\/4&#8243;][\/vc_column][vc_column width=\u00bb1\/2&#8243;][vc_column_text]Sempre destaquem que el nostre equip \u00e9s el&#8230;<\/p>\n","protected":false},"author":1,"featured_media":0,"parent":0,"menu_order":0,"comment_status":"closed","ping_status":"closed","template":"full_width.php","meta":{"footnotes":""},"class_list":["post-4424","page","type-page","status-publish","hentry"],"yoast_head":"<!-- This site is optimized with the Yoast SEO plugin v27.5 - https:\/\/yoast.com\/product\/yoast-seo-wordpress\/ -->\n<title>UNEIX-TE A LA NOSTRA PIZZA STICK FAMILY - Pizza Stick | Pizzas artesanas para los pizza lovers m\u00e1s exigentes<\/title>\n<meta name=\"robots\" content=\"index, follow, max-snippet:-1, max-image-preview:large, max-video-preview:-1\" \/>\n<link rel=\"canonical\" href=\"https:\/\/pizzastick.es\/fr\/uneix-te-a-la-nostra-pizza-stick-family\/\" \/>\n<meta property=\"og:locale\" content=\"fr_FR\" \/>\n<meta property=\"og:type\" content=\"article\" \/>\n<meta property=\"og:title\" content=\"UNEIX-TE A LA NOSTRA PIZZA STICK FAMILY - Pizza Stick | Pizzas artesanas para los pizza lovers m\u00e1s exigentes\" \/>\n<meta property=\"og:description\" content=\"[vc_row css_animation=\u00bb\u00bb row_type=\u00bbrow\u00bb use_row_as_full_screen_section=\u00bbno\u00bb type=\u00bbfull_width\u00bb angled_section=\u00bbno\u00bb text_align=\u00bbleft\u00bb background_image_as_pattern=\u00bbwithout_pattern\u00bb][vc_column][vc_empty_space][vc_column_text] Si ets amant de la bona pizza, ets benvingut! [\/vc_column_text][\/vc_column][\/vc_row][vc_row css_animation=\u00bb\u00bb row_type=\u00bbrow\u00bb use_row_as_full_screen_section=\u00bbno\u00bb type=\u00bbgrid\u00bb angled_section=\u00bbno\u00bb text_align=\u00bbleft\u00bb background_image_as_pattern=\u00bbwithout_pattern\u00bb background_image=\u00bb289&#8243; padding_top=\u00bb50&#8243; padding_bottom=\u00bb50&#8243; z_index=\u00bb\u00bb css=\u00bb.vc_custom_1545298585393{border-top-width: 3px !important;border-top-color: #ffd200 !important;border-top-style: solid !important;}\u00bb][vc_column width=\u00bb1\/4&#8243;][\/vc_column][vc_column width=\u00bb1\/2&#8243;][vc_column_text]Sempre destaquem que el nostre equip \u00e9s el...\" \/>\n<meta property=\"og:url\" content=\"https:\/\/pizzastick.es\/fr\/uneix-te-a-la-nostra-pizza-stick-family\/\" \/>\n<meta property=\"og:site_name\" content=\"Pizza Stick | Pizzas artesanas para los pizza lovers m\u00e1s exigentes\" \/>\n<meta property=\"article:publisher\" content=\"https:\/\/www.facebook.com\/pizzeriapizzastick\" \/>\n<meta property=\"article:modified_time\" content=\"2022-03-31T10:48:31+00:00\" \/>\n<meta property=\"og:image\" content=\"https:\/\/pizzastick.es\/wp-content\/uploads\/2023\/06\/local-scaled.jpg\" \/>\n\t<meta property=\"og:image:width\" content=\"2560\" \/>\n\t<meta property=\"og:image:height\" content=\"1706\" \/>\n\t<meta property=\"og:image:type\" content=\"image\/jpeg\" \/>\n<meta name=\"twitter:card\" content=\"summary_large_image\" \/>\n<meta name=\"twitter:site\" content=\"@pizza_stick_\" \/>\n<meta name=\"twitter:label1\" content=\"Dur\u00e9e de lecture estim\u00e9e\" \/>\n\t<meta name=\"twitter:data1\" content=\"2 minutes\" \/>\n<script type=\"application\/ld+json\" class=\"yoast-schema-graph\">{\"@context\":\"https:\\\/\\\/schema.org\",\"@graph\":[{\"@type\":\"WebPage\",\"@id\":\"https:\\\/\\\/pizzastick.es\\\/ca\\\/uneix-te-a-la-nostra-pizza-stick-family\\\/\",\"url\":\"https:\\\/\\\/pizzastick.es\\\/ca\\\/uneix-te-a-la-nostra-pizza-stick-family\\\/\",\"name\":\"UNEIX-TE A LA NOSTRA PIZZA STICK FAMILY - Pizza Stick | Pizzas artesanas para los pizza lovers m\u00e1s exigentes\",\"isPartOf\":{\"@id\":\"https:\\\/\\\/pizzastick.es\\\/#website\"},\"datePublished\":\"2022-03-31T10:47:57+00:00\",\"dateModified\":\"2022-03-31T10:48:31+00:00\",\"breadcrumb\":{\"@id\":\"https:\\\/\\\/pizzastick.es\\\/ca\\\/uneix-te-a-la-nostra-pizza-stick-family\\\/#breadcrumb\"},\"inLanguage\":\"fr-FR\",\"potentialAction\":[{\"@type\":\"ReadAction\",\"target\":[\"https:\\\/\\\/pizzastick.es\\\/ca\\\/uneix-te-a-la-nostra-pizza-stick-family\\\/\"]}]},{\"@type\":\"BreadcrumbList\",\"@id\":\"https:\\\/\\\/pizzastick.es\\\/ca\\\/uneix-te-a-la-nostra-pizza-stick-family\\\/#breadcrumb\",\"itemListElement\":[{\"@type\":\"ListItem\",\"position\":1,\"name\":\"Portada\",\"item\":\"https:\\\/\\\/pizzastick.es\\\/\"},{\"@type\":\"ListItem\",\"position\":2,\"name\":\"UNEIX-TE A LA NOSTRA PIZZA STICK FAMILY\"}]},{\"@type\":\"WebSite\",\"@id\":\"https:\\\/\\\/pizzastick.es\\\/#website\",\"url\":\"https:\\\/\\\/pizzastick.es\\\/\",\"name\":\"Pizza Stick | Pizzas artesanas para los pizza lovers m\u00e1s exigentes\",\"description\":\"Pizzas artesanales de masa fina y crujientes, hechas 100% al momento. Tres pizzer\u00edas para comer en el local o a domicilio: Puigcerd\u00e1, Bellver y Escadarcs.\",\"publisher\":{\"@id\":\"https:\\\/\\\/pizzastick.es\\\/#organization\"},\"alternateName\":\"Pizza Stick\",\"potentialAction\":[{\"@type\":\"SearchAction\",\"target\":{\"@type\":\"EntryPoint\",\"urlTemplate\":\"https:\\\/\\\/pizzastick.es\\\/?s={search_term_string}\"},\"query-input\":{\"@type\":\"PropertyValueSpecification\",\"valueRequired\":true,\"valueName\":\"search_term_string\"}}],\"inLanguage\":\"fr-FR\"},{\"@type\":\"Organization\",\"@id\":\"https:\\\/\\\/pizzastick.es\\\/#organization\",\"name\":\"Pizza Stick\",\"url\":\"https:\\\/\\\/pizzastick.es\\\/\",\"logo\":{\"@type\":\"ImageObject\",\"inLanguage\":\"fr-FR\",\"@id\":\"https:\\\/\\\/pizzastick.es\\\/#\\\/schema\\\/logo\\\/image\\\/\",\"url\":\"https:\\\/\\\/pizzastick.es\\\/wp-content\\\/uploads\\\/2024\\\/02\\\/PS_LogoRedondaAmarillo.png\",\"contentUrl\":\"https:\\\/\\\/pizzastick.es\\\/wp-content\\\/uploads\\\/2024\\\/02\\\/PS_LogoRedondaAmarillo.png\",\"width\":329,\"height\":329,\"caption\":\"Pizza Stick\"},\"image\":{\"@id\":\"https:\\\/\\\/pizzastick.es\\\/#\\\/schema\\\/logo\\\/image\\\/\"},\"sameAs\":[\"https:\\\/\\\/www.facebook.com\\\/pizzeriapizzastick\",\"https:\\\/\\\/x.com\\\/pizza_stick_\",\"https:\\\/\\\/instagram.com\\\/pizzeriapizzastick\\\/\"]}]}<\/script>\n<!-- \/ Yoast SEO plugin. -->","yoast_head_json":{"title":"UNEIX-TE A LA NOSTRA PIZZA STICK FAMILY - Pizza Stick | Pizzas artesanas para los pizza lovers m\u00e1s exigentes","robots":{"index":"index","follow":"follow","max-snippet":"max-snippet:-1","max-image-preview":"max-image-preview:large","max-video-preview":"max-video-preview:-1"},"canonical":"https:\/\/pizzastick.es\/fr\/uneix-te-a-la-nostra-pizza-stick-family\/","og_locale":"fr_FR","og_type":"article","og_title":"UNEIX-TE A LA NOSTRA PIZZA STICK FAMILY - Pizza Stick | Pizzas artesanas para los pizza lovers m\u00e1s exigentes","og_description":"[vc_row css_animation=\u00bb\u00bb row_type=\u00bbrow\u00bb use_row_as_full_screen_section=\u00bbno\u00bb type=\u00bbfull_width\u00bb angled_section=\u00bbno\u00bb text_align=\u00bbleft\u00bb background_image_as_pattern=\u00bbwithout_pattern\u00bb][vc_column][vc_empty_space][vc_column_text] Si ets amant de la bona pizza, ets benvingut! [\/vc_column_text][\/vc_column][\/vc_row][vc_row css_animation=\u00bb\u00bb row_type=\u00bbrow\u00bb use_row_as_full_screen_section=\u00bbno\u00bb type=\u00bbgrid\u00bb angled_section=\u00bbno\u00bb text_align=\u00bbleft\u00bb background_image_as_pattern=\u00bbwithout_pattern\u00bb background_image=\u00bb289&#8243; padding_top=\u00bb50&#8243; padding_bottom=\u00bb50&#8243; z_index=\u00bb\u00bb css=\u00bb.vc_custom_1545298585393{border-top-width: 3px !important;border-top-color: #ffd200 !important;border-top-style: solid !important;}\u00bb][vc_column width=\u00bb1\/4&#8243;][\/vc_column][vc_column width=\u00bb1\/2&#8243;][vc_column_text]Sempre destaquem que el nostre equip \u00e9s el...","og_url":"https:\/\/pizzastick.es\/fr\/uneix-te-a-la-nostra-pizza-stick-family\/","og_site_name":"Pizza Stick | Pizzas artesanas para los pizza lovers m\u00e1s exigentes","article_publisher":"https:\/\/www.facebook.com\/pizzeriapizzastick","article_modified_time":"2022-03-31T10:48:31+00:00","og_image":[{"width":2560,"height":1706,"url":"https:\/\/pizzastick.es\/wp-content\/uploads\/2023\/06\/local-scaled.jpg","type":"image\/jpeg"}],"twitter_card":"summary_large_image","twitter_site":"@pizza_stick_","twitter_misc":{"Dur\u00e9e de lecture estim\u00e9e":"2 minutes"},"schema":{"@context":"https:\/\/schema.org","@graph":[{"@type":"WebPage","@id":"https:\/\/pizzastick.es\/ca\/uneix-te-a-la-nostra-pizza-stick-family\/","url":"https:\/\/pizzastick.es\/ca\/uneix-te-a-la-nostra-pizza-stick-family\/","name":"UNEIX-TE A LA NOSTRA PIZZA STICK FAMILY - Pizza Stick | Pizzas artesanas para los pizza lovers m\u00e1s exigentes","isPartOf":{"@id":"https:\/\/pizzastick.es\/#website"},"datePublished":"2022-03-31T10:47:57+00:00","dateModified":"2022-03-31T10:48:31+00:00","breadcrumb":{"@id":"https:\/\/pizzastick.es\/ca\/uneix-te-a-la-nostra-pizza-stick-family\/#breadcrumb"},"inLanguage":"fr-FR","potentialAction":[{"@type":"ReadAction","target":["https:\/\/pizzastick.es\/ca\/uneix-te-a-la-nostra-pizza-stick-family\/"]}]},{"@type":"BreadcrumbList","@id":"https:\/\/pizzastick.es\/ca\/uneix-te-a-la-nostra-pizza-stick-family\/#breadcrumb","itemListElement":[{"@type":"ListItem","position":1,"name":"Portada","item":"https:\/\/pizzastick.es\/"},{"@type":"ListItem","position":2,"name":"UNEIX-TE A LA NOSTRA PIZZA STICK FAMILY"}]},{"@type":"WebSite","@id":"https:\/\/pizzastick.es\/#website","url":"https:\/\/pizzastick.es\/","name":"Pizza Stick | Pizzas artesanas para los pizza lovers m\u00e1s exigentes","description":"Pizzas artisanales \u00e0 la p\u00e2te fine et croustillante, pr\u00e9par\u00e9es \u00e0 la commande 100%. Trois pizzerias \u00e0 consommer sur place ou \u00e0 domicile : Puigcerd\u00e1, Bellver et Escadarcs.","publisher":{"@id":"https:\/\/pizzastick.es\/#organization"},"alternateName":"Pizza Stick","potentialAction":[{"@type":"SearchAction","target":{"@type":"EntryPoint","urlTemplate":"https:\/\/pizzastick.es\/?s={search_term_string}"},"query-input":{"@type":"PropertyValueSpecification","valueRequired":true,"valueName":"search_term_string"}}],"inLanguage":"fr-FR"},{"@type":"Organization","@id":"https:\/\/pizzastick.es\/#organization","name":"B\u00e2ton \u00e0 pizza","url":"https:\/\/pizzastick.es\/","logo":{"@type":"ImageObject","inLanguage":"fr-FR","@id":"https:\/\/pizzastick.es\/#\/schema\/logo\/image\/","url":"https:\/\/pizzastick.es\/wp-content\/uploads\/2024\/02\/PS_LogoRedondaAmarillo.png","contentUrl":"https:\/\/pizzastick.es\/wp-content\/uploads\/2024\/02\/PS_LogoRedondaAmarillo.png","width":329,"height":329,"caption":"Pizza Stick"},"image":{"@id":"https:\/\/pizzastick.es\/#\/schema\/logo\/image\/"},"sameAs":["https:\/\/www.facebook.com\/pizzeriapizzastick","https:\/\/x.com\/pizza_stick_","https:\/\/instagram.com\/pizzeriapizzastick\/"]}]}},"_links":{"self":[{"href":"https:\/\/pizzastick.es\/fr\/wp-json\/wp\/v2\/pages\/4424","targetHints":{"allow":["GET"]}}],"collection":[{"href":"https:\/\/pizzastick.es\/fr\/wp-json\/wp\/v2\/pages"}],"about":[{"href":"https:\/\/pizzastick.es\/fr\/wp-json\/wp\/v2\/types\/page"}],"author":[{"embeddable":true,"href":"https:\/\/pizzastick.es\/fr\/wp-json\/wp\/v2\/users\/1"}],"replies":[{"embeddable":true,"href":"https:\/\/pizzastick.es\/fr\/wp-json\/wp\/v2\/comments?post=4424"}],"version-history":[{"count":4,"href":"https:\/\/pizzastick.es\/fr\/wp-json\/wp\/v2\/pages\/4424\/revisions"}],"predecessor-version":[{"id":4428,"href":"https:\/\/pizzastick.es\/fr\/wp-json\/wp\/v2\/pages\/4424\/revisions\/4428"}],"wp:attachment":[{"href":"https:\/\/pizzastick.es\/fr\/wp-json\/wp\/v2\/media?parent=4424"}],"curies":[{"name":"wp","href":"https:\/\/api.w.org\/{rel}","templated":true}]}}