{"id":5127,"date":"2023-01-25T18:46:43","date_gmt":"2023-01-25T16:46:43","guid":{"rendered":"https:\/\/pizzastick.es\/?page_id=5127"},"modified":"2024-06-11T15:21:06","modified_gmt":"2024-06-11T13:21:06","slug":"trabaja-con-nosotros","status":"publish","type":"page","link":"https:\/\/pizzastick.es\/fr\/trabaja-con-nosotros\/","title":{"rendered":"\u00danete a nuestra PizzaStick Family"},"content":{"rendered":"\t\t<div data-elementor-type=\"wp-page\" data-elementor-id=\"5127\" class=\"elementor elementor-5127\" data-elementor-post-type=\"page\">\n\t\t\t\t<div class=\"elementor-element elementor-element-ce9be49 e-flex e-con-boxed e-con e-parent\" data-id=\"ce9be49\" data-element_type=\"container\" data-e-type=\"container\" data-settings=\"{&quot;background_background&quot;:&quot;classic&quot;}\">\n\t\t\t\t\t<div class=\"e-con-inner\">\n\t\t\t\t<div class=\"elementor-element elementor-element-0b1b27b elementor-widget elementor-widget-heading\" data-id=\"0b1b27b\" data-element_type=\"widget\" data-e-type=\"widget\" data-widget_type=\"heading.default\">\n\t\t\t\t\t<h2 class=\"elementor-heading-title elementor-size-default\">\u00danete a nuestra <\/br>\ud83c\udf55PIZZA STICK FAMILY\ud83c\udf55\n<\/h2>\t\t\t\t<\/div>\n\t\t\t\t<div class=\"elementor-element elementor-element-e3183a5 elementor-widget elementor-widget-heading\" data-id=\"e3183a5\" data-element_type=\"widget\" data-e-type=\"widget\" data-widget_type=\"heading.default\">\n\t\t\t\t\t<h3 class=\"elementor-heading-title elementor-size-default\">Si eres amante de la buena pizza, <\/br>\u00a1eres bienvenid@!<\/h3>\t\t\t\t<\/div>\n\t\t\t\t<div class=\"elementor-element elementor-element-4abf1fd elementor-widget elementor-widget-spacer\" data-id=\"4abf1fd\" data-element_type=\"widget\" data-e-type=\"widget\" data-widget_type=\"spacer.default\">\n\t\t\t\t\t\t\t<div class=\"elementor-spacer\">\n\t\t\t<div class=\"elementor-spacer-inner\"><\/div>\n\t\t<\/div>\n\t\t\t\t\t\t<\/div>\n\t\t\t\t<div class=\"elementor-element elementor-element-fc0a5cd elementor-widget elementor-widget-spacer\" data-id=\"fc0a5cd\" data-element_type=\"widget\" data-e-type=\"widget\" data-widget_type=\"spacer.default\">\n\t\t\t\t\t\t\t<div class=\"elementor-spacer\">\n\t\t\t<div class=\"elementor-spacer-inner\"><\/div>\n\t\t<\/div>\n\t\t\t\t\t\t<\/div>\n\t\t\t\t\t<\/div>\n\t\t\t\t<\/div>\n\t\t<div class=\"elementor-element elementor-element-b1a25ed e-flex e-con-boxed e-con e-parent\" data-id=\"b1a25ed\" data-element_type=\"container\" data-e-type=\"container\">\n\t\t\t\t\t<div class=\"e-con-inner\">\n\t\t<div class=\"elementor-element elementor-element-bae5497 e-con-full e-flex e-con e-child\" data-id=\"bae5497\" data-element_type=\"container\" data-e-type=\"container\">\n\t\t\t\t<div class=\"elementor-element elementor-element-ee857db elementor-widget elementor-widget-text-editor\" data-id=\"ee857db\" data-element_type=\"widget\" data-e-type=\"widget\" data-widget_type=\"text-editor.default\">\n\t\t\t\t\t\t\t\t\t<p>Siempre destacamos que nuestro equipo es lo que nos mantiene a tope.\u00a0<img decoding=\"async\" class=\"emoji\" role=\"img\" draggable=\"false\" src=\"https:\/\/s.w.org\/images\/core\/emoji\/14.0.0\/svg\/1f4aa.svg\" alt=\"\ud83d\udcaa\" \/><img decoding=\"async\" class=\"emoji\" role=\"img\" draggable=\"false\" src=\"https:\/\/s.w.org\/images\/core\/emoji\/14.0.0\/svg\/2764.svg\" alt=\"\u2764\" \/>\u00a0Ellos permiten que todo suceda y que nuestros valores lleguen a m\u00e1s #pizzalovers d\u00eda a d\u00eda.<\/p><p><img decoding=\"async\" class=\"emoji\" role=\"img\" draggable=\"false\" src=\"https:\/\/s.w.org\/images\/core\/emoji\/14.0.0\/svg\/1f50e.svg\" alt=\"\ud83d\udd0e\" \/>\u00a0<strong>Buscamos PIZZASTICKERS que compartan nuestro entusiasmo por crear momentos redondos y por unirse a nuestro equipo, nuestra otra gran familia en constante crecimiento.<\/strong><\/p><p><img decoding=\"async\" class=\"emoji\" role=\"img\" draggable=\"false\" src=\"https:\/\/s.w.org\/images\/core\/emoji\/14.0.0\/svg\/1f355.svg\" alt=\"\ud83c\udf55\" \/>\u00a0Empieza tu carrera como pizzaiolo y pizzatender.<\/p><p><img decoding=\"async\" class=\"emoji\" role=\"img\" draggable=\"false\" src=\"https:\/\/s.w.org\/images\/core\/emoji\/14.0.0\/svg\/1f355.svg\" alt=\"\ud83c\udf55\" \/>\u00a0Encuentra oportunidades para aprender y crecer.<\/p><p><img decoding=\"async\" class=\"emoji\" role=\"img\" draggable=\"false\" src=\"https:\/\/s.w.org\/images\/core\/emoji\/14.0.0\/svg\/1f355.svg\" alt=\"\ud83c\udf55\" \/>\u00a0Expr\u00e9sate como profesional y como amante de la buena pizza.<\/p><p>Si eres una persona positiva, resolutiva, con ganas de trabajar y te gusta el trato con #pizzalovers: \u00a1te estamos esperando!\u00a0<img decoding=\"async\" class=\"emoji\" role=\"img\" draggable=\"false\" src=\"https:\/\/s.w.org\/images\/core\/emoji\/14.0.0\/svg\/1f440.svg\" alt=\"\ud83d\udc40\" \/>\u00a0<strong>Ap\u00fantate al proceso de selecci\u00f3n a trav\u00e9s del formulario m\u00e1s abajo.<\/strong><\/p>\t\t\t\t\t\t\t\t<\/div>\n\t\t\t\t<div class=\"elementor-element elementor-element-9857400 elementor-widget elementor-widget-text-editor\" data-id=\"9857400\" data-element_type=\"widget\" data-e-type=\"widget\" data-widget_type=\"text-editor.default\">\n\t\t\t\t\t\t\t\t\t<h3 data-pm-slice=\"1 1 []\">CANDIDATURAS ABIERTAS EN NUESTRAS PIZERIAS DE:<\/h3><ul><li>BELLVER DE CERDANYA<\/li><\/ul>\t\t\t\t\t\t\t\t<\/div>\n\t\t\t\t<\/div>\n\t\t<div class=\"elementor-element elementor-element-967e673 e-con-full e-flex e-con e-child\" data-id=\"967e673\" data-element_type=\"container\" data-e-type=\"container\">\n\t\t\t\t<div class=\"elementor-element elementor-element-46b4590 elementor-button-align-stretch elementor-widget elementor-widget-form\" data-id=\"46b4590\" data-element_type=\"widget\" data-e-type=\"widget\" data-settings=\"{&quot;step_next_label&quot;:&quot;Siguiente&quot;,&quot;step_previous_label&quot;:&quot;Anterior&quot;,&quot;button_width&quot;:&quot;100&quot;,&quot;step_type&quot;:&quot;number_text&quot;,&quot;step_icon_shape&quot;:&quot;circle&quot;}\" data-widget_type=\"form.default\">\n\t\t\t\t\t\t\t<form class=\"elementor-form\" method=\"post\" name=\"Trabaja con nosotros\" aria-label=\"Trabaja con nosotros\">\n\t\t\t<input type=\"hidden\" name=\"post_id\" value=\"5127\"\/>\n\t\t\t<input type=\"hidden\" name=\"form_id\" value=\"46b4590\"\/>\n\t\t\t<input type=\"hidden\" name=\"referer_title\" value=\"Pizza Stick | Pizzas artesanas para los pizza lovers m\u00e1s exigentes\" \/>\n\n\t\t\t\n\t\t\t<div class=\"elementor-form-fields-wrapper elementor-labels-above\">\n\t\t\t\t\t\t\t\t<div class=\"elementor-field-type-text elementor-field-group elementor-column elementor-field-group-name elementor-col-50 elementor-field-required\">\n\t\t\t\t\t\t\t\t\t\t\t\t<label for=\"form-field-name\" class=\"elementor-field-label\">\n\t\t\t\t\t\t\t\tNombre y apellidos\t\t\t\t\t\t\t<\/label>\n\t\t\t\t\t\t\t\t\t\t\t\t\t\t<input size=\"1\" type=\"text\" name=\"form_fields[name]\" id=\"form-field-name\" class=\"elementor-field elementor-size-md  elementor-field-textual\" placeholder=\"Nombre y apellidos\" required=\"required\">\n\t\t\t\t\t\t\t\t\t\t\t<\/div>\n\t\t\t\t\t\t\t\t<div class=\"elementor-field-type-email elementor-field-group elementor-column elementor-field-group-email elementor-col-50 elementor-field-required\">\n\t\t\t\t\t\t\t\t\t\t\t\t<label for=\"form-field-email\" class=\"elementor-field-label\">\n\t\t\t\t\t\t\t\tEmail\t\t\t\t\t\t\t<\/label>\n\t\t\t\t\t\t\t\t\t\t\t\t\t\t<input size=\"1\" type=\"email\" name=\"form_fields[email]\" id=\"form-field-email\" class=\"elementor-field elementor-size-md  elementor-field-textual\" placeholder=\"Email\" required=\"required\">\n\t\t\t\t\t\t\t\t\t\t\t<\/div>\n\t\t\t\t\t\t\t\t<div class=\"elementor-field-type-text elementor-field-group elementor-column elementor-field-group-field_d3f2c90 elementor-col-50 elementor-field-required\">\n\t\t\t\t\t\t\t\t\t\t\t\t<label for=\"form-field-field_d3f2c90\" class=\"elementor-field-label\">\n\t\t\t\t\t\t\t\tPoblaci\u00f3n\t\t\t\t\t\t\t<\/label>\n\t\t\t\t\t\t\t\t\t\t\t\t\t\t<input size=\"1\" type=\"text\" name=\"form_fields[field_d3f2c90]\" id=\"form-field-field_d3f2c90\" class=\"elementor-field elementor-size-md  elementor-field-textual\" placeholder=\"Poblaci\u00f3n\" required=\"required\">\n\t\t\t\t\t\t\t\t\t\t\t<\/div>\n\t\t\t\t\t\t\t\t<div class=\"elementor-field-type-text elementor-field-group elementor-column elementor-field-group-field_39736dd elementor-col-50 elementor-field-required\">\n\t\t\t\t\t\t\t\t\t\t\t\t<label for=\"form-field-field_39736dd\" class=\"elementor-field-label\">\n\t\t\t\t\t\t\t\tTel\u00e9fono\t\t\t\t\t\t\t<\/label>\n\t\t\t\t\t\t\t\t\t\t\t\t\t\t<input size=\"1\" type=\"text\" name=\"form_fields[field_39736dd]\" id=\"form-field-field_39736dd\" class=\"elementor-field elementor-size-md  elementor-field-textual\" placeholder=\"Tel\u00e9fono\" required=\"required\">\n\t\t\t\t\t\t\t\t\t\t\t<\/div>\n\t\t\t\t\t\t\t\t<div class=\"elementor-field-type-textarea elementor-field-group elementor-column elementor-field-group-exp elementor-col-100 elementor-field-required\">\n\t\t\t\t\t\t\t\t\t\t\t\t<label for=\"form-field-exp\" class=\"elementor-field-label\">\n\t\t\t\t\t\t\t\tExperiencia laboral\t\t\t\t\t\t\t<\/label>\n\t\t\t\t\t\t<textarea class=\"elementor-field-textual elementor-field  elementor-size-md\" name=\"form_fields[exp]\" id=\"form-field-exp\" rows=\"4\" placeholder=\"Experiencia laboral\" required=\"required\"><\/textarea>\t\t\t\t<\/div>\n\t\t\t\t\t\t\t\t<div class=\"elementor-field-type-textarea elementor-field-group elementor-column elementor-field-group-field_76fa0c7 elementor-col-100 elementor-field-required\">\n\t\t\t\t\t\t\t\t\t\t\t\t<label for=\"form-field-field_76fa0c7\" class=\"elementor-field-label\">\n\t\t\t\t\t\t\t\tFormaci\u00f3n principal\t\t\t\t\t\t\t<\/label>\n\t\t\t\t\t\t<textarea class=\"elementor-field-textual elementor-field  elementor-size-md\" name=\"form_fields[field_76fa0c7]\" id=\"form-field-field_76fa0c7\" rows=\"4\" placeholder=\"Formaci\u00f3n principal\" required=\"required\"><\/textarea>\t\t\t\t<\/div>\n\t\t\t\t\t\t\t\t<div class=\"elementor-field-type-text elementor-field-group elementor-column elementor-field-group-field_cfc03a3 elementor-col-100 elementor-field-required\">\n\t\t\t\t\t\t\t\t\t\t\t\t<label for=\"form-field-field_cfc03a3\" class=\"elementor-field-label\">\n\t\t\t\t\t\t\t\tDisponibilidad\t\t\t\t\t\t\t<\/label>\n\t\t\t\t\t\t\t\t\t\t\t\t\t\t<input size=\"1\" type=\"text\" name=\"form_fields[field_cfc03a3]\" id=\"form-field-field_cfc03a3\" class=\"elementor-field elementor-size-md  elementor-field-textual\" placeholder=\"Disponibilidad\" required=\"required\">\n\t\t\t\t\t\t\t\t\t\t\t<\/div>\n\t\t\t\t\t\t\t\t<div class=\"elementor-field-type-upload elementor-field-group elementor-column elementor-field-group-field_9962b1e elementor-col-100 elementor-field-required\">\n\t\t\t\t\t\t\t\t\t\t\t\t<label for=\"form-field-field_9962b1e\" class=\"elementor-field-label\">\n\t\t\t\t\t\t\t\tAdjunta tu curr\u00edculum (PDF)\t\t\t\t\t\t\t<\/label>\n\t\t\t\t\t\t\t\t<input type=\"file\" name=\"form_fields[field_9962b1e]\" id=\"form-field-field_9962b1e\" class=\"elementor-field elementor-size-md  elementor-upload-field\" required=\"required\" data-maxsize=\"20\" data-maxsize-message=\"Ce fichier d\u00e9passe la taille maximale autoris\u00e9e.\">\n\n\t\t\t\t\t\t<\/div>\n\t\t\t\t\t\t\t\t<div class=\"elementor-field-type-textarea elementor-field-group elementor-column elementor-field-group-comentarios elementor-col-100\">\n\t\t\t\t\t\t\t\t\t\t\t\t<label for=\"form-field-comentarios\" class=\"elementor-field-label\">\n\t\t\t\t\t\t\t\tComentarios\t\t\t\t\t\t\t<\/label>\n\t\t\t\t\t\t<textarea class=\"elementor-field-textual elementor-field  elementor-size-md\" name=\"form_fields[comentarios]\" id=\"form-field-comentarios\" rows=\"4\" placeholder=\"Comentarios\"><\/textarea>\t\t\t\t<\/div>\n\t\t\t\t\t\t\t\t<div class=\"elementor-field-type-acceptance elementor-field-group elementor-column elementor-field-group-field_034db38 elementor-col-100 elementor-field-required\">\n\t\t\t\t\t\t\t\t\t\t\t\t<label for=\"form-field-field_034db38\" class=\"elementor-field-label\">\n\t\t\t\t\t\t\t\tHe le\u00eddo y ACEPTO la pol\u00edtica de privacidad\t\t\t\t\t\t\t<\/label>\n\t\t\t\t\t\t\t\t<div class=\"elementor-field-subgroup\">\n\t\t\t<span class=\"elementor-field-option\">\n\t\t\t\t<input type=\"checkbox\" name=\"form_fields[field_034db38]\" id=\"form-field-field_034db38\" class=\"elementor-field elementor-size-md  elementor-acceptance-field\" required=\"required\">\n\t\t\t\t\t\t\t<\/span>\n\t\t<\/div>\n\t\t\t\t\t\t<\/div>\n\t\t\t\t\t\t\t\t<div class=\"elementor-field-type-html elementor-field-group elementor-column elementor-field-group-field_50b1b07 elementor-col-100\">\n\t\t\t\t\t<span style=\"font-size:11px; line-height: 9px;\">*En nombre de la empresa tratamos la informaci\u00f3n que nos facilita con el fin de mantenerte informado de las distintas vacantes a un puesto de trabajo que se produzcan en nuestra organizaci\u00f3n. Los datos proporcionados se conservar\u00e1n hasta la adjudicaci\u00f3n de un puesto de trabajo o hasta que tu ejerzas tu derecho de cancelaci\u00f3n por lo tanto tienes derecho a acceder a tus datos personales, rectificar los datos inexactos o solicitar su supresi\u00f3n cuando los datos ya no sean necesarios. Los datos no se ceder\u00e1n a terceros.<\/small>\t\t\t\t<\/div>\n\t\t\t\t\t\t\t\t<div class=\"elementor-field-type-recaptcha_v3 elementor-field-group elementor-column elementor-field-group-field_93d62af elementor-col-100 recaptcha_v3-bottomright\">\n\t\t\t\t\t<div class=\"elementor-field\" id=\"form-field-field_93d62af\"><div class=\"elementor-g-recaptcha\" data-sitekey=\"6LchePEpAAAAAG0Y2nJgd-2mfGtJLnCclDFAhWQv\" data-type=\"v3\" data-action=\"Form\" data-badge=\"bottomright\" data-size=\"invisible\"><\/div><\/div>\t\t\t\t<\/div>\n\t\t\t\t\t\t\t\t<div class=\"elementor-field-group elementor-column elementor-field-type-submit elementor-col-100 e-form__buttons\">\n\t\t\t\t\t<button class=\"elementor-button elementor-size-sm\" type=\"submit\">\n\t\t\t\t\t\t<span class=\"elementor-button-content-wrapper\">\n\t\t\t\t\t\t\t\t\t\t\t\t\t\t\t\t\t\t\t\t\t\t<span class=\"elementor-button-text\">Enviar<\/span>\n\t\t\t\t\t\t\t\t\t\t\t\t\t<\/span>\n\t\t\t\t\t<\/button>\n\t\t\t\t<\/div>\n\t\t\t<\/div>\n\t\t<\/form>\n\t\t\t\t\t\t<\/div>\n\t\t\t\t<\/div>\n\t\t\t\t\t<\/div>\n\t\t\t\t<\/div>\n\t\t\t\t<\/div>\n\t\t","protected":false},"excerpt":{"rendered":"<p>\u00danete a nuestra ????PIZZA STICK FAMILY???? Si eres amante de la buena pizza, \u00a1eres bienvenid@! Siempre destacamos que nuestro equipo es lo que nos mantiene a tope.\u00a0\u00a0Ellos permiten que todo suceda y que nuestros valores lleguen a m\u00e1s #pizzalovers d\u00eda a d\u00eda. \u00a0Buscamos PIZZASTICKERS que&#8230;<\/p>","protected":false},"author":1,"featured_media":0,"parent":0,"menu_order":0,"comment_status":"closed","ping_status":"closed","template":"elementor_header_footer","meta":{"footnotes":""},"class_list":["post-5127","page","type-page","status-publish","hentry"],"yoast_head":"<!-- This site is optimized with the Yoast SEO plugin v27.4 - https:\/\/yoast.com\/product\/yoast-seo-wordpress\/ -->\n<title>\u00danete a nuestra PizzaStick Family - Pizza Stick | Pizzas artesanas para los pizza lovers m\u00e1s exigentes<\/title>\n<meta name=\"robots\" content=\"index, follow, max-snippet:-1, max-image-preview:large, max-video-preview:-1\" \/>\n<link rel=\"canonical\" href=\"https:\/\/pizzastick.es\/fr\/trabaja-con-nosotros\/\" \/>\n<meta property=\"og:locale\" content=\"fr_FR\" \/>\n<meta property=\"og:type\" content=\"article\" \/>\n<meta property=\"og:title\" content=\"\u00danete a nuestra PizzaStick Family - Pizza Stick | Pizzas artesanas para los pizza lovers m\u00e1s exigentes\" \/>\n<meta property=\"og:description\" content=\"\u00danete a nuestra ????PIZZA STICK FAMILY???? Si eres amante de la buena pizza, \u00a1eres bienvenid@! Siempre destacamos que nuestro equipo es lo que nos mantiene a tope.\u00a0\u00a0Ellos permiten que todo suceda y que nuestros valores lleguen a m\u00e1s #pizzalovers d\u00eda a d\u00eda. \u00a0Buscamos PIZZASTICKERS que...\" \/>\n<meta property=\"og:url\" content=\"https:\/\/pizzastick.es\/fr\/trabaja-con-nosotros\/\" \/>\n<meta property=\"og:site_name\" content=\"Pizza Stick | Pizzas artesanas para los pizza lovers m\u00e1s exigentes\" \/>\n<meta property=\"article:publisher\" content=\"https:\/\/www.facebook.com\/pizzeriapizzastick\" \/>\n<meta property=\"article:modified_time\" content=\"2024-06-11T13:21:06+00:00\" \/>\n<meta property=\"og:image\" content=\"https:\/\/s.w.org\/images\/core\/emoji\/14.0.0\/svg\/1f4aa.svg\" \/>\n<meta name=\"twitter:card\" content=\"summary_large_image\" \/>\n<meta name=\"twitter:site\" content=\"@pizza_stick_\" \/>\n<meta name=\"twitter:label1\" content=\"Dur\u00e9e de lecture estim\u00e9e\" \/>\n\t<meta name=\"twitter:data1\" content=\"4 minutes\" \/>\n<script type=\"application\/ld+json\" class=\"yoast-schema-graph\">{\"@context\":\"https:\\\/\\\/schema.org\",\"@graph\":[{\"@type\":\"WebPage\",\"@id\":\"https:\\\/\\\/pizzastick.es\\\/trabaja-con-nosotros\\\/\",\"url\":\"https:\\\/\\\/pizzastick.es\\\/trabaja-con-nosotros\\\/\",\"name\":\"\u00danete a nuestra PizzaStick Family - Pizza Stick | Pizzas artesanas para los pizza lovers m\u00e1s exigentes\",\"isPartOf\":{\"@id\":\"https:\\\/\\\/pizzastick.es\\\/#website\"},\"primaryImageOfPage\":{\"@id\":\"https:\\\/\\\/pizzastick.es\\\/trabaja-con-nosotros\\\/#primaryimage\"},\"image\":{\"@id\":\"https:\\\/\\\/pizzastick.es\\\/trabaja-con-nosotros\\\/#primaryimage\"},\"thumbnailUrl\":\"https:\\\/\\\/s.w.org\\\/images\\\/core\\\/emoji\\\/14.0.0\\\/svg\\\/1f4aa.svg\",\"datePublished\":\"2023-01-25T16:46:43+00:00\",\"dateModified\":\"2024-06-11T13:21:06+00:00\",\"breadcrumb\":{\"@id\":\"https:\\\/\\\/pizzastick.es\\\/trabaja-con-nosotros\\\/#breadcrumb\"},\"inLanguage\":\"fr-FR\",\"potentialAction\":[{\"@type\":\"ReadAction\",\"target\":[\"https:\\\/\\\/pizzastick.es\\\/trabaja-con-nosotros\\\/\"]}]},{\"@type\":\"ImageObject\",\"inLanguage\":\"fr-FR\",\"@id\":\"https:\\\/\\\/pizzastick.es\\\/trabaja-con-nosotros\\\/#primaryimage\",\"url\":\"https:\\\/\\\/s.w.org\\\/images\\\/core\\\/emoji\\\/14.0.0\\\/svg\\\/1f4aa.svg\",\"contentUrl\":\"https:\\\/\\\/s.w.org\\\/images\\\/core\\\/emoji\\\/14.0.0\\\/svg\\\/1f4aa.svg\"},{\"@type\":\"BreadcrumbList\",\"@id\":\"https:\\\/\\\/pizzastick.es\\\/trabaja-con-nosotros\\\/#breadcrumb\",\"itemListElement\":[{\"@type\":\"ListItem\",\"position\":1,\"name\":\"Portada\",\"item\":\"https:\\\/\\\/pizzastick.es\\\/\"},{\"@type\":\"ListItem\",\"position\":2,\"name\":\"\u00danete a nuestra PizzaStick Family\"}]},{\"@type\":\"WebSite\",\"@id\":\"https:\\\/\\\/pizzastick.es\\\/#website\",\"url\":\"https:\\\/\\\/pizzastick.es\\\/\",\"name\":\"Pizza Stick | Pizzas artesanas para los pizza lovers m\u00e1s exigentes\",\"description\":\"Pizzas artesanales de masa fina y crujientes, hechas 100% al momento. Tres pizzer\u00edas para comer en el local o a domicilio: Puigcerd\u00e1, Bellver y Escadarcs.\",\"publisher\":{\"@id\":\"https:\\\/\\\/pizzastick.es\\\/#organization\"},\"alternateName\":\"Pizza Stick\",\"potentialAction\":[{\"@type\":\"SearchAction\",\"target\":{\"@type\":\"EntryPoint\",\"urlTemplate\":\"https:\\\/\\\/pizzastick.es\\\/?s={search_term_string}\"},\"query-input\":{\"@type\":\"PropertyValueSpecification\",\"valueRequired\":true,\"valueName\":\"search_term_string\"}}],\"inLanguage\":\"fr-FR\"},{\"@type\":\"Organization\",\"@id\":\"https:\\\/\\\/pizzastick.es\\\/#organization\",\"name\":\"Pizza Stick\",\"url\":\"https:\\\/\\\/pizzastick.es\\\/\",\"logo\":{\"@type\":\"ImageObject\",\"inLanguage\":\"fr-FR\",\"@id\":\"https:\\\/\\\/pizzastick.es\\\/#\\\/schema\\\/logo\\\/image\\\/\",\"url\":\"https:\\\/\\\/pizzastick.es\\\/wp-content\\\/uploads\\\/2024\\\/02\\\/PS_LogoRedondaAmarillo.png\",\"contentUrl\":\"https:\\\/\\\/pizzastick.es\\\/wp-content\\\/uploads\\\/2024\\\/02\\\/PS_LogoRedondaAmarillo.png\",\"width\":329,\"height\":329,\"caption\":\"Pizza Stick\"},\"image\":{\"@id\":\"https:\\\/\\\/pizzastick.es\\\/#\\\/schema\\\/logo\\\/image\\\/\"},\"sameAs\":[\"https:\\\/\\\/www.facebook.com\\\/pizzeriapizzastick\",\"https:\\\/\\\/x.com\\\/pizza_stick_\",\"https:\\\/\\\/instagram.com\\\/pizzeriapizzastick\\\/\"]}]}<\/script>\n<!-- \/ Yoast SEO plugin. -->","yoast_head_json":{"title":"\u00danete a nuestra PizzaStick Family - Pizza Stick | Pizzas artesanas para los pizza lovers m\u00e1s exigentes","robots":{"index":"index","follow":"follow","max-snippet":"max-snippet:-1","max-image-preview":"max-image-preview:large","max-video-preview":"max-video-preview:-1"},"canonical":"https:\/\/pizzastick.es\/fr\/trabaja-con-nosotros\/","og_locale":"fr_FR","og_type":"article","og_title":"\u00danete a nuestra PizzaStick Family - Pizza Stick | Pizzas artesanas para los pizza lovers m\u00e1s exigentes","og_description":"\u00danete a nuestra ????PIZZA STICK FAMILY???? Si eres amante de la buena pizza, \u00a1eres bienvenid@! Siempre destacamos que nuestro equipo es lo que nos mantiene a tope.\u00a0\u00a0Ellos permiten que todo suceda y que nuestros valores lleguen a m\u00e1s #pizzalovers d\u00eda a d\u00eda. \u00a0Buscamos PIZZASTICKERS que...","og_url":"https:\/\/pizzastick.es\/fr\/trabaja-con-nosotros\/","og_site_name":"Pizza Stick | Pizzas artesanas para los pizza lovers m\u00e1s exigentes","article_publisher":"https:\/\/www.facebook.com\/pizzeriapizzastick","article_modified_time":"2024-06-11T13:21:06+00:00","og_image":[{"url":"https:\/\/s.w.org\/images\/core\/emoji\/14.0.0\/svg\/1f4aa.svg","type":"","width":"","height":""}],"twitter_card":"summary_large_image","twitter_site":"@pizza_stick_","twitter_misc":{"Dur\u00e9e de lecture estim\u00e9e":"4 minutes"},"schema":{"@context":"https:\/\/schema.org","@graph":[{"@type":"WebPage","@id":"https:\/\/pizzastick.es\/trabaja-con-nosotros\/","url":"https:\/\/pizzastick.es\/trabaja-con-nosotros\/","name":"\u00danete a nuestra PizzaStick Family - Pizza Stick | Pizzas artesanas para los pizza lovers m\u00e1s exigentes","isPartOf":{"@id":"https:\/\/pizzastick.es\/#website"},"primaryImageOfPage":{"@id":"https:\/\/pizzastick.es\/trabaja-con-nosotros\/#primaryimage"},"image":{"@id":"https:\/\/pizzastick.es\/trabaja-con-nosotros\/#primaryimage"},"thumbnailUrl":"https:\/\/s.w.org\/images\/core\/emoji\/14.0.0\/svg\/1f4aa.svg","datePublished":"2023-01-25T16:46:43+00:00","dateModified":"2024-06-11T13:21:06+00:00","breadcrumb":{"@id":"https:\/\/pizzastick.es\/trabaja-con-nosotros\/#breadcrumb"},"inLanguage":"fr-FR","potentialAction":[{"@type":"ReadAction","target":["https:\/\/pizzastick.es\/trabaja-con-nosotros\/"]}]},{"@type":"ImageObject","inLanguage":"fr-FR","@id":"https:\/\/pizzastick.es\/trabaja-con-nosotros\/#primaryimage","url":"https:\/\/s.w.org\/images\/core\/emoji\/14.0.0\/svg\/1f4aa.svg","contentUrl":"https:\/\/s.w.org\/images\/core\/emoji\/14.0.0\/svg\/1f4aa.svg"},{"@type":"BreadcrumbList","@id":"https:\/\/pizzastick.es\/trabaja-con-nosotros\/#breadcrumb","itemListElement":[{"@type":"ListItem","position":1,"name":"Portada","item":"https:\/\/pizzastick.es\/"},{"@type":"ListItem","position":2,"name":"\u00danete a nuestra PizzaStick Family"}]},{"@type":"WebSite","@id":"https:\/\/pizzastick.es\/#website","url":"https:\/\/pizzastick.es\/","name":"Pizza Stick | Pizzas artesanas para los pizza lovers m\u00e1s exigentes","description":"Pizzas artisanales \u00e0 la p\u00e2te fine et croustillante, pr\u00e9par\u00e9es \u00e0 la commande 100%. Trois pizzerias \u00e0 consommer sur place ou \u00e0 domicile : Puigcerd\u00e1, Bellver et Escadarcs.","publisher":{"@id":"https:\/\/pizzastick.es\/#organization"},"alternateName":"Pizza Stick","potentialAction":[{"@type":"SearchAction","target":{"@type":"EntryPoint","urlTemplate":"https:\/\/pizzastick.es\/?s={search_term_string}"},"query-input":{"@type":"PropertyValueSpecification","valueRequired":true,"valueName":"search_term_string"}}],"inLanguage":"fr-FR"},{"@type":"Organization","@id":"https:\/\/pizzastick.es\/#organization","name":"B\u00e2ton \u00e0 pizza","url":"https:\/\/pizzastick.es\/","logo":{"@type":"ImageObject","inLanguage":"fr-FR","@id":"https:\/\/pizzastick.es\/#\/schema\/logo\/image\/","url":"https:\/\/pizzastick.es\/wp-content\/uploads\/2024\/02\/PS_LogoRedondaAmarillo.png","contentUrl":"https:\/\/pizzastick.es\/wp-content\/uploads\/2024\/02\/PS_LogoRedondaAmarillo.png","width":329,"height":329,"caption":"Pizza Stick"},"image":{"@id":"https:\/\/pizzastick.es\/#\/schema\/logo\/image\/"},"sameAs":["https:\/\/www.facebook.com\/pizzeriapizzastick","https:\/\/x.com\/pizza_stick_","https:\/\/instagram.com\/pizzeriapizzastick\/"]}]}},"_links":{"self":[{"href":"https:\/\/pizzastick.es\/fr\/wp-json\/wp\/v2\/pages\/5127","targetHints":{"allow":["GET"]}}],"collection":[{"href":"https:\/\/pizzastick.es\/fr\/wp-json\/wp\/v2\/pages"}],"about":[{"href":"https:\/\/pizzastick.es\/fr\/wp-json\/wp\/v2\/types\/page"}],"author":[{"embeddable":true,"href":"https:\/\/pizzastick.es\/fr\/wp-json\/wp\/v2\/users\/1"}],"replies":[{"embeddable":true,"href":"https:\/\/pizzastick.es\/fr\/wp-json\/wp\/v2\/comments?post=5127"}],"version-history":[{"count":42,"href":"https:\/\/pizzastick.es\/fr\/wp-json\/wp\/v2\/pages\/5127\/revisions"}],"predecessor-version":[{"id":6520,"href":"https:\/\/pizzastick.es\/fr\/wp-json\/wp\/v2\/pages\/5127\/revisions\/6520"}],"wp:attachment":[{"href":"https:\/\/pizzastick.es\/fr\/wp-json\/wp\/v2\/media?parent=5127"}],"curies":[{"name":"wp","href":"https:\/\/api.w.org\/{rel}","templated":true}]}}